{"id":53175,"date":"2014-08-04T12:00:16","date_gmt":"2014-08-04T10:00:16","guid":{"rendered":"https:\/\/www.sciencefictionfestival.org\/past-editions\/fiff-1971\/"},"modified":"2014-08-04T12:00:16","modified_gmt":"2014-08-04T10:00:16","slug":"fiff-1971","status":"publish","type":"page","link":"https:\/\/www.sciencefictionfestival.org\/en\/past-editions\/fiff-1971\/","title":{"rendered":"Festival Internazionale del Film di Fantascienza 1971"},"content":{"rendered":"<div class=\"wpb-content-wrapper\"><p>[vc_row][vc_column width=&#8221;1\/3&#8243;][vc_single_image image=&#8221;45837&#8243; img_size=&#8221;full&#8221; el_id=&#8221;&#8221;][\/vc_column][vc_column width=&#8221;2\/3&#8243;][vc_row_inner][vc_column_inner][vc_column_text]<\/p>\n<h3>5\u201417 Luglio 1971<\/h3>\n<p>[\/vc_column_text][vc_separator][vc_column_text el_id=&#8221;&#8221;]<strong>Segnali dallo spazio<\/strong><br \/>\nSignale &#8211; Ein Weltraumabenteuer, film di Gottfried Kolditz (Germania Est-Polonia; nella foto sopra), ottiene una menzione speciale della Giuria presieduta da Arthur C. Clarke, che decreta vincitore del Festival La morte viene dal passato di Boris Sagal (USA).<br \/>\nSul fronte degli eventi collaterali, il 1971 \u00e8 l\u2019anno dell\u2019espressionismo astratto con la personale dello statunitense Robert Rauschenberg.<\/p>\n<hr \/>\n<p><strong>Signals from space<\/strong><br \/>\nSignale &#8211; Ein Weltraumabenteuer, a film by Gottfried Kolditz (East Germany-Poland; in the photo above), obtains a special mention from the Jury chaired by Arthur C. Clarke, who declares Death Comes from the Past by Boris Sagal (USA) as the winner of the Festival.<br \/>\nOn the collateral events front, 1971 was the year of abstract expressionism with the solo exhibition of the American Robert Rauschenberg.[\/vc_column_text][vc_separator][\/vc_column_inner][\/vc_row_inner][vc_row_inner][vc_column_inner width=&#8221;1\/3&#8243;][vc_column_text el_id=&#8221;&#8221;]giuria \/ jury<\/p>\n<p><strong>Elio Bartolini<br \/>\nArthur C. Clarke<br \/>\nLajos Matos<br \/>\nLouis Seguin<br \/>\nDonald Wollheim<\/strong>[\/vc_column_text][\/vc_column_inner][vc_column_inner width=&#8221;2\/3&#8243;][vc_column_text el_id=&#8221;&#8221;]eventi \/ events<\/p>\n<p><strong>Il surrealismo nel cinema<\/strong><br \/>\nRetrospettiva_Retrospective<br \/>\n<strong>Arte e Fantascienza<\/strong><br \/>\nMostra d\u2019arte contemporanea_Contemporary art exhibition<br \/>\n<strong>Robert Rauschenberg Stoned Moon<\/strong><br \/>\nMostra personale_Solo exhibition<br \/>\n<strong>Skylab: il futuro dell\u2019uomo nello spazio<\/strong><br \/>\nMostra_Exhibition[\/vc_column_text][\/vc_column_inner][\/vc_row_inner][\/vc_column][\/vc_row][vc_row css=&#8221;.vc_custom_1676891548145{margin-top: 20px !important;}&#8221;][vc_column][vc_separator color=&#8221;black&#8221;][\/vc_column][\/vc_row][vc_row][vc_column width=&#8221;1\/4&#8243; css=&#8221;.vc_custom_1680690289902{background-image: url(https:\/\/sfft.noiza-assets.eu\/sfft\/2021\/08\/TSFF-laurel-web-ok.png) !important;background-position: center !important;background-repeat: no-repeat !important;background-size: contain !important;}&#8221;][vc_column_text]<\/p>\n<h5 style=\"text-align: center;\"><em>Asteroide d&#8217;oro<\/em><br \/>\n<strong>Le dernier Homme<\/strong><br \/>\nBoris Segal<\/h5>\n<p>[\/vc_column_text][\/vc_column][vc_column width=&#8221;1\/4&#8243; css=&#8221;.vc_custom_1629202314924{background-image: url(https:\/\/sfft.noiza-assets.eu\/sfft\/2021\/08\/TSFF-laurel-web-ok.png) !important;background-position: center !important;background-repeat: no-repeat !important;background-size: contain !important;}&#8221;][vc_column_text]<\/p>\n<h5 style=\"text-align: center;\"><em>Asteroide d\u2019argento Miglior attore<br \/>\n<\/em><strong>Roberto Antonelli<\/strong><br \/>\nin La ragazza di latta<\/h5>\n<p>[\/vc_column_text][\/vc_column][vc_column width=&#8221;1\/4&#8243; css=&#8221;.vc_custom_1629202323527{background-image: url(https:\/\/sfft.noiza-assets.eu\/sfft\/2021\/08\/TSFF-laurel-web-ok.png) !important;background-position: center !important;background-repeat: no-repeat !important;background-size: contain !important;}&#8221;][vc_column_text]<\/p>\n<h5 style=\"text-align: center;\"><em>Asteroide d&#8217;argento Miglior attrice<br \/>\n<\/em><strong>Iva Janzurova<\/strong><br \/>\nin You Are a Widow, Sir<\/h5>\n<p>[\/vc_column_text][\/vc_column][vc_column width=&#8221;1\/4&#8243; css=&#8221;.vc_custom_1629202331948{background-image: url(https:\/\/sfft.noiza-assets.eu\/sfft\/2021\/08\/TSFF-laurel-web-ok.png) !important;background-position: center !important;background-repeat: no-repeat !important;background-size: contain !important;}&#8221;][vc_column_text]<\/p>\n<h5 style=\"text-align: center;\"><em>Sigillo d\u2019oro<br \/>\n<\/em><strong>Ljubitelji cvije\u0107a<\/strong><br \/>\nBorivoj Dovnikovi\u0107 Bordo<\/h5>\n<p>[\/vc_column_text][\/vc_column][\/vc_row][vc_row][vc_column width=&#8221;1\/4&#8243; css=&#8221;.vc_custom_1705400876623{background-position: center !important;background-repeat: no-repeat !important;background-size: contain !important;}&#8221;][\/vc_column][vc_column width=&#8221;1\/4&#8243; css=&#8221;.vc_custom_1629202314924{background-image: url(https:\/\/sfft.noiza-assets.eu\/sfft\/2021\/08\/TSFF-laurel-web-ok.png) !important;background-position: center !important;background-repeat: no-repeat !important;background-size: contain !important;}&#8221;][vc_column_text]<\/p>\n<h5 style=\"text-align: center;\"><em>Premi speciali della giuria<br \/>\n<\/em><strong>Le temps de mourir<\/strong><br \/>\nAndr\u00e9 Farwagi<\/h5>\n<p>[\/vc_column_text][\/vc_column][vc_column width=&#8221;1\/4&#8243; css=&#8221;.vc_custom_1629202323527{background-image: url(https:\/\/sfft.noiza-assets.eu\/sfft\/2021\/08\/TSFF-laurel-web-ok.png) !important;background-position: center !important;background-repeat: no-repeat !important;background-size: contain !important;}&#8221;][vc_column_text]<\/p>\n<h5 style=\"text-align: center;\"><em>Premi speciali della giuria<br \/>\n<\/em><strong>T\u00e9n\u00e8bres<\/strong><br \/>\nClaude Loubarie<\/h5>\n<p>[\/vc_column_text][\/vc_column][vc_column width=&#8221;1\/4&#8243; css=&#8221;.vc_custom_1705400883791{background-position: center !important;background-repeat: no-repeat !important;background-size: contain !important;}&#8221;][\/vc_column][\/vc_row][vc_row css=&#8221;.vc_custom_1680002006820{margin-top: 10px !important;}&#8221;][vc_column][vc_row_inner][vc_column_inner][vc_separator color=&#8221;black&#8221;][\/vc_column_inner][\/vc_row_inner][vc_row_inner][vc_column_inner width=&#8221;1\/4&#8243;][vc_column_text]<\/p>\n<h4><a href=\"#feature\">Feature Film<\/a><\/h4>\n<p>[\/vc_column_text][\/vc_column_inner][vc_column_inner width=&#8221;1\/4&#8243;][vc_column_text]<\/p>\n<h4><a href=\"#shorts\">Fantastic Shorts<\/a><\/h4>\n<p>[\/vc_column_text][\/vc_column_inner][vc_column_inner width=&#8221;1\/4&#8243;][vc_column_text]<\/p>\n<h4><a href=\"#retro\">Retrospettiva<\/a><\/h4>\n<p>[\/vc_column_text][\/vc_column_inner][vc_column_inner width=&#8221;1\/4&#8243;][vc_column_text]<\/p>\n<h4><a href=\"#scienza\">Scientifici<\/a><\/h4>\n<p>[\/vc_column_text][\/vc_column_inner][\/vc_row_inner][vc_separator color=&#8221;black&#8221;][\/vc_column][vc_column width=&#8221;1\/4&#8243;][vc_column_text]<\/p>\n<h3><a name=\"feature\"><\/a>Feature Film<\/h3>\n<p>[\/vc_column_text][vc_column_text el_id=&#8221;&#8221;]<\/p>\n<h5><strong>Eika Katappa<\/strong><br \/>\n\u2014 Werner Schroeter<\/h5>\n<h5><a href=\"https:\/\/www.sciencefictionfestival.org\/en\/film\/el-extrano-caso-del-doctor-fausto\/\"><strong>El extra\u00f1o caso del doctor Fausto<\/strong><\/a><br \/>\n\u2014 Gonzalo Suarez<\/h5>\n<h5><strong>Gamera VS Jiger<\/strong><br \/>\n[\u30ac\u30e1\u30e9\u5bfe\u5927\u9b54\u7363\u30b8\u30e3\u30a4\u30ac\u30fc &#8211; Gamera VS Jiger]<br \/>\n\u2014 Noriaki Yuasa<\/h5>\n<h5><a href=\"https:\/\/www.sciencefictionfestival.org\/en\/film\/gas-fu-necessario-distruggere-il-mondo-per-poterlo-salvare\/\"><strong>Gas-s-s-s<\/strong><\/a><br \/>\n[Gas, fu necessario distruggere il mondo per poterlo salvare]<br \/>\n\u2014 Roger Corman<\/h5>\n<h5><a href=\"https:\/\/www.sciencefictionfestival.org\/en\/film\/la-morte-viene-dal-passato\/\"><strong>Hauser&#8217;s Memory<\/strong><\/a><br \/>\n[La morte viene dal passato]<br \/>\n\u2014 Boris Sagal<\/h5>\n<h5><a href=\"https:\/\/www.sciencefictionfestival.org\/en\/film\/reporter-alla-ribalta\/\"><strong>The Name of the Game: L.A. 2017<\/strong><\/a><br \/>\n\u2014 Steven Spielberg<\/h5>\n<h5><a href=\"https:\/\/www.sciencefictionfestival.org\/en\/film\/night-slaves\/\"><strong>Night Slaves<\/strong><\/a><br \/>\n[Amore extraterrestre]<br \/>\n\u2014 Ted Post<\/h5>\n<h5><a href=\"https:\/\/www.sciencefictionfestival.org\/en\/film\/la-ragazza-di-latta\/\"><strong>La ragazza di latta<\/strong><\/a><br \/>\n\u2014 Marcello Aliprandi<\/h5>\n<h5><a href=\"https:\/\/www.sciencefictionfestival.org\/en\/film\/signale-ein-weltraumabenteuer\/\"><strong>Signals: A Space Adventure<\/strong><\/a><br \/>\n[Signale \u2013 Ein Weltraumabenteuer]<br \/>\n\u2014 Gottfried Kolditz<\/h5>\n<h5><a href=\"https:\/\/www.sciencefictionfestival.org\/en\/film\/lassassino-ha-prenotato-la-tua-morte\/\"><strong>Le temps de mourir<\/strong><\/a><br \/>\n[L&#8217;assassino ha prenotato la tua morte]<br \/>\n\u2014 Andr\u00e9 Farwagi<\/h5>\n<h5><a href=\"https:\/\/www.sciencefictionfestival.org\/en\/film\/pane-vy-jste-vdova\/\"><strong>You Are a Widow, Sir<\/strong><\/a><br \/>\n[Pane, vy jste vdova!]<br \/>\n\u2014 Vaclav Vorlicek<\/h5>\n<p>[\/vc_column_text][\/vc_column][vc_column width=&#8221;3\/4&#8243;][vc_basic_grid post_type=&#8221;film&#8221; max_items=&#8221;-1&#8243; gap=&#8221;0&#8243; orderby=&#8221;title&#8221; order=&#8221;ASC&#8221; item=&#8221;43419&#8243; initial_loading_animation=&#8221;none&#8221; grid_id=&#8221;vc_gid:1705491283433-e4ca860b-720b-10&#8243; taxonomies=&#8221;283&#8243;][\/vc_column][\/vc_row][vc_row][vc_column][vc_separator color=&#8221;black&#8221;][\/vc_column][vc_column width=&#8221;1\/4&#8243;][vc_column_text]<\/p>\n<h3><a name=\"shorts\"><\/a>Shorts<\/h3>\n<p>[\/vc_column_text][\/vc_column][vc_column width=&#8221;1\/4&#8243;][vc_column_text]<\/p>\n<h5><strong>Children and Cars<\/strong><br \/>\n\u2014 John Halas<br \/>\nUK, 1970, 8&#8242;<\/h5>\n<h5><strong>Le dernier des darques malok<\/strong><br \/>\n\u2014 Robiolles<br \/>\nFrance<\/h5>\n<h5><strong>Fosa com\u00fan<\/strong><br \/>\n\u2014 Rafael Gordon<br \/>\nSpaina, 1969, 12&#8242;<\/h5>\n<h5><strong>Gloria Mundi<\/strong><br \/>\n\u2014 Gy\u00f6rgy Kov\u00e1sznai<br \/>\nAustria, 1969, 90&#8242;<\/h5>\n<h5><strong>Images &#8211; Frontiers of Photography<\/strong><br \/>\n\u2014 Hugh Raggett<br \/>\nUK<\/h5>\n<p>[\/vc_column_text][\/vc_column][vc_column width=&#8221;1\/4&#8243;][vc_column_text]<\/p>\n<h5><strong>Messiah<\/strong><br \/>\n\u2014 John Rapoport<br \/>\nUSA, 18&#8242;<\/h5>\n<h5><strong>The Movement Movement<\/strong><br \/>\n\u2014 Bruce Parsons<br \/>\nFrance, UK, USA, 1969<\/h5>\n<h5><strong>Na dobranoc<\/strong><br \/>\n\u2014 Janusz Zaorski<br \/>\nPoland, 1971, 25&#8242;<\/h5>\n<h5><strong>Prometeo XX<\/strong><br \/>\n\u2014 Todor Dinov<br \/>\nBulgary<\/h5>\n<h5><strong>Scarabus<\/strong><br \/>\n\u2014 G\u00e9rald Frydman<br \/>\nBelgium, 1971, 13&#8242;<\/h5>\n<p>[\/vc_column_text][\/vc_column][vc_column width=&#8221;1\/4&#8243;][vc_column_text]<\/p>\n<h5><strong>Studium<\/strong><br \/>\n\u2014 Gujd\u00e1r J\u00f3zsef<br \/>\nUngary, 1971, 8&#8242;<\/h5>\n<h5><strong>T\u00e9n\u00e8bres<\/strong><br \/>\n\u2014 Claude Loubarie<br \/>\nFrance, 1969, 12&#8242;<\/h5>\n<h5><strong>The Time of Vampires<\/strong><br \/>\n[Vrijeme vampira]<br \/>\nNikola Majdak<br \/>\nYugoslavia, 1971, 9&#8242;<\/h5>\n<h5><strong>Toilettes pour le bal<\/strong><br \/>\n\u2014 Jean-Marie Deconinck<br \/>\nBelgium, 1971, 12&#8242;<\/h5>\n<h5><strong>Un briciolo d&#8217;eternit\u00e0<\/strong><br \/>\n\u2014 Konstantin Obreshkov<br \/>\nBulgary, 8&#8242;<\/h5>\n<h5><strong>Vade mecum<\/strong><br \/>\n\u2014 Giorgio &#8220;Max&#8221; Massimino-Garni\u00e8r,<br \/>\nStefan Monteau<br \/>\nItaly, Romania, 12&#8242;<\/h5>\n<p>[\/vc_column_text][\/vc_column][\/vc_row][vc_row][vc_column][vc_separator color=&#8221;black&#8221;][\/vc_column][vc_column width=&#8221;1\/4&#8243;][vc_column_text]<\/p>\n<h3><a name=\"retro\"><\/a>Retrospettiva<\/h3>\n<h5>Il surrealismo nel cinema<\/h5>\n<p>[\/vc_column_text][\/vc_column][vc_column width=&#8221;1\/4&#8243;][vc_column_text]<\/p>\n<h5><strong>L&#8217;\u00e2ge d&#8217;or<\/strong><br \/>\n\u2014 Luis Bu\u00f1uel<br \/>\nFrance, 1930, 62&#8242;<\/h5>\n<h5><strong>La chute de la maison Usher<\/strong><br \/>\n[La caduta della casa Usher]<br \/>\n\u2014 Jean Epstein<br \/>\nFrance, 1928, 61&#8242;<\/h5>\n<h5><strong>La Coquille et le Clergyman<\/strong><br \/>\n\u2014 Germaine Dulac<br \/>\nFrance, 1928, 39&#8242;<\/h5>\n<h5><strong>La dolorosa<\/strong><br \/>\n\u2014 Jean Gr\u00e9millon<br \/>\nSpain, 1934, 85&#8242;<\/h5>\n<h5><strong>Dos Monjes<\/strong><br \/>\n\u2014 Juan Bustillo Oro<br \/>\nMexico, 1934, 85&#8242;<\/h5>\n<h5><strong>Dreams That Money Can Buy<\/strong><br \/>\n\u2014 Hans Richter<br \/>\nUSA, 1947, 99&#8242;<\/h5>\n<h5><strong>Dwaj ludzie z szaf\u0105<\/strong><br \/>\n[Due uomini e un armadio]<br \/>\n\u2014 Roman Pola\u0144ski<br \/>\nPoland, 1958, 15&#8242;<\/h5>\n<h5><strong>Emak-Bakia<\/strong><br \/>\n\u2014 Man Ray<br \/>\nFrance, 1926, 19&#8242;<\/h5>\n<h5><strong>Fait divers<\/strong><br \/>\n\u2014 Claude Autant-Lara<br \/>\nFrance, 1924, 20&#8242;<\/h5>\n<h5><strong>The Fantastic Night<\/strong><br \/>\n[La nuit fantastique]<br \/>\n\u2014 Marcel L&#8217;Herbier<br \/>\nFrance, 1942, 103&#8242;<\/h5>\n<h5><strong>Film<\/strong><br \/>\n\u2014 Alan Schneider<br \/>\nUSA, 1965, 24&#8242;<\/h5>\n<p>[\/vc_column_text][\/vc_column][vc_column width=&#8221;1\/4&#8243;][vc_column_text]<\/p>\n<h5><strong>Gdy spadaja anioly<\/strong><br \/>\n[La caduta degli angeli]<br \/>\n\u2014 Roman Pola\u0144ski<br \/>\nPoland, 1959, 22&#8242;<\/h5>\n<h5><strong>Giulietta degli spiriti<\/strong><br \/>\n\u2014 Federico Fellini<br \/>\nItaly, 1965, 137&#8242;<\/h5>\n<h5><strong>L&#8217;Ile de P\u00e2ques<\/strong><br \/>\n\u2014 Henri Storck<br \/>\nFrance, 1935, 26&#8242;<\/h5>\n<h5><strong>Madeleine, mon amour!<\/strong><br \/>\n\u2014 Bogdan Zizic<br \/>\nYugoslavia, 1972, 15&#8242;<\/h5>\n<h5><strong>The Melomaniac<\/strong><br \/>\n[Le M\u00e9lomane]<br \/>\n\u2014 Georges M\u00e9li\u00e8s<br \/>\nFrance, 1902, 3&#8242;<\/h5>\n<h5><strong>Les myst\u00e8res du ch\u00e2teau du d\u00e9<\/strong><br \/>\n\u2014 Man Ray<br \/>\nFrance, 1929, 26&#8242;<\/h5>\n<h5><strong>Paul Delvaux ou Les Femmes Defendues<\/strong><br \/>\n\u2014 Henri Storck<br \/>\nBelgium, 1970, 18&#8242;<\/h5>\n<h5><strong>Le retour \u00e0 la raison<\/strong><br \/>\n\u2014 Man Ray<br \/>\nFrance, 1923, 3&#8242;<\/h5>\n<h5><strong>Le sang d&#8217;un po\u00e8te<\/strong><br \/>\n[Il sangue di un poeta]<br \/>\n\u2014 Jean Cocteau<br \/>\nFrance, 1929, 50&#8242;<\/h5>\n<h5><strong>The Shanghai Gesture<\/strong><br \/>\n[I misteri di Shanghai]<br \/>\n\u2014 Josef von Sternberg<br \/>\nUSA, 1941, 99&#8242;<\/h5>\n<h5><strong>Sim\u00f3n del desierto<\/strong><br \/>\n[Intolleranza: Simon del deserto]<br \/>\n\u2014 Luis Bu\u00f1uel<br \/>\nMexico, 1966, 45&#8242;<\/h5>\n<p>[\/vc_column_text][\/vc_column][vc_column width=&#8221;1\/4&#8243;][vc_column_text]<\/p>\n<h5><strong>Ssaki<\/strong><br \/>\n\u2014 Roman Pola\u0144ski<br \/>\nPoland, 1962, 10&#8242;<\/h5>\n<h5><strong>Subida al cielo<\/strong><br \/>\n[Salita al cielo]<br \/>\n\u2014 Luis Bu\u00f1uel<br \/>\nMexico, 1951, 85&#8242;<\/h5>\n<h5><strong>Surrealismo<\/strong><br \/>\n\u2014 Guido Guerrasio<br \/>\nItaly, 1968, 19&#8242;<\/h5>\n<h5><strong>Tha\u00efs<\/strong><br \/>\n\u2014 Anton Giulio Bragaglia,<br \/>\nRiccardo Cassano<br \/>\nItaly, 1917, 105&#8242;<\/h5>\n<h5><strong>The Trip<\/strong><br \/>\n[Il serpente di fuoco]<br \/>\n\u2014 Roger Corman<br \/>\nUSA, 1967, 85&#8242;<\/h5>\n<h5><strong>Un chien andalou<\/strong><br \/>\n[Un cane andaluso]<br \/>\n\u2014 Luis Bu\u00f1uel<br \/>\nFrance, 1929, 16&#8242;<\/h5>\n<h5><strong>Utaz\u00e1s a kopony\u00e1m k\u00f6r\u00fcl<\/strong><br \/>\n[Viaggio intorno al mio cranio]<br \/>\n\u2014 R\u00e9v\u00e9sz Gy\u00f6rgy<br \/>\nHungary, 1969, 78&#8242;<\/h5>\n<h5><strong>Violons d&#8217;Ingres<\/strong><br \/>\n\u2014 Jacques B. Brunius,<br \/>\nGeorges Labrousse<br \/>\nFrance, 1939, 32&#8242;<\/h5>\n<h5><strong>Le voyage imaginaire<\/strong><br \/>\n[Il viaggio immaginario]<br \/>\n\u2014 Ren\u00e9 Clair<br \/>\nFrance, 1925, 80&#8242;<\/h5>\n<h5><strong>Voyage surprise<\/strong><br \/>\n\u2014 Pierre Pr\u00e9vert<br \/>\nFrance, 1947, 85&#8242;<\/h5>\n<p>[\/vc_column_text][\/vc_column][\/vc_row][vc_row][vc_column][vc_separator color=&#8221;black&#8221;][\/vc_column][vc_column width=&#8221;1\/4&#8243;][vc_column_text]<\/p>\n<h3><a name=\"scienza\"><\/a>Documentari Scientifici<\/h3>\n<p>[\/vc_column_text][\/vc_column][vc_column width=&#8221;1\/4&#8243;][vc_column_text]<\/p>\n<h5><strong>Apollo 14 Mission to Fra Mauro<\/strong><br \/>\n\u2014 NASA<br \/>\nUSA, 1971, 29&#8242;<\/h5>\n<h5><strong>La fantascienza siamo noi<\/strong><br \/>\n\u2014 Corrado Farina<br \/>\nItalia, 1970, 13&#8242;<\/h5>\n<h5><strong>Un anno in Luna-Ambiente terrestre<\/strong><br \/>\n\u2014 Vernicov<br \/>\nURSS<\/h5>\n<p>[\/vc_column_text][\/vc_column][vc_column width=&#8221;1\/4&#8243;][vc_column_text]<\/p>\n<h5><strong>Man in Space: Second Decade<\/strong><br \/>\n\u2014 NASA<br \/>\nUSA, 28&#8242;<\/h5>\n<h5><strong>Acceleration of the 70s<\/strong><br \/>\n\u2014 Dick Swenson<br \/>\nUSA, 5&#8242;<\/h5>\n<h5><strong>I.C. A Shrinking World<\/strong><br \/>\n\u2014 Henry R. Feinberg<br \/>\nUSA, 1971, 17&#8242;<\/h5>\n<p>[\/vc_column_text][\/vc_column][vc_column width=&#8221;1\/4&#8243;][vc_column_text]<\/p>\n<h5><strong>Energy<\/strong><br \/>\n\u2014 Timothy Huntley<br \/>\nUSA, 12&#8242;<\/h5>\n<h5><strong>\u041b\u0443\u043d\u043e\u0445\u043e\u0434 &#8211; Lunochod<\/strong><br \/>\n\u2014 Kusis<br \/>\nURSS<\/h5>\n<p>[\/vc_column_text][\/vc_column][\/vc_row][vc_row][vc_column css=&#8221;.vc_custom_1629202815555{background-position: center !important;background-repeat: no-repeat !important;background-size: contain !important;}&#8221;][vc_empty_space][\/vc_column][\/vc_row]<\/p>\n<\/div>","protected":false},"excerpt":{"rendered":"<p>Festival Internazionale del Film di Fantascienza &#8211; Edizione IX <a class=\"g1-link g1-link-more\" href=\"https:\/\/www.sciencefictionfestival.org\/en\/past-editions\/fiff-1971\/\">More<\/a><\/p>\n","protected":false},"author":1,"featured_media":45759,"parent":51773,"menu_order":0,"comment_status":"closed","ping_status":"closed","template":"g1-template-page-full.php","meta":{"cybocfi_hide_featured_image":"","footnotes":""},"categories":[631],"tags":[],"class_list":{"0":"post-53175","1":"page","2":"type-page","3":"status-publish","4":"has-post-thumbnail","6":"category-iff-archivi-en"},"yoast_head":"<!-- This site is optimized with the Yoast SEO plugin v27.1.1 - https:\/\/yoast.com\/product\/yoast-seo-wordpress\/ -->\n<title>Festival Internazionale del Film di Fantascienza 1971 - Trieste Science+Fiction Festival<\/title>\n<meta name=\"robots\" content=\"index, follow, max-snippet:-1, max-image-preview:large, max-video-preview:-1\" \/>\n<link rel=\"canonical\" href=\"https:\/\/www.sciencefictionfestival.org\/en\/past-editions\/fiff-1971\/\" \/>\n<meta property=\"og:locale\" content=\"en_US\" \/>\n<meta property=\"og:type\" content=\"article\" \/>\n<meta property=\"og:title\" content=\"Festival Internazionale del Film di Fantascienza 1971 - Trieste Science+Fiction Festival\" \/>\n<meta property=\"og:description\" content=\"Festival Internazionale del Film di Fantascienza - Edizione IX More\" \/>\n<meta property=\"og:url\" content=\"https:\/\/www.sciencefictionfestival.org\/en\/past-editions\/fiff-1971\/\" \/>\n<meta property=\"og:site_name\" content=\"Trieste Science+Fiction Festival\" \/>\n<meta name=\"twitter:card\" content=\"summary_large_image\" \/>\n<meta name=\"twitter:label1\" content=\"Est. reading time\" \/>\n\t<meta name=\"twitter:data1\" content=\"8 minutes\" \/>\n<script type=\"application\/ld+json\" class=\"yoast-schema-graph\">{\"@context\":\"https:\/\/schema.org\",\"@graph\":[{\"@type\":\"WebPage\",\"@id\":\"https:\/\/www.sciencefictionfestival.org\/en\/past-editions\/fiff-1971\/\",\"url\":\"https:\/\/www.sciencefictionfestival.org\/en\/past-editions\/fiff-1971\/\",\"name\":\"Festival Internazionale del Film di Fantascienza 1971 - Trieste Science+Fiction Festival\",\"isPartOf\":{\"@id\":\"https:\/\/www.sciencefictionfestival.org\/#website\"},\"primaryImageOfPage\":{\"@id\":\"https:\/\/www.sciencefictionfestival.org\/en\/past-editions\/fiff-1971\/#primaryimage\"},\"image\":{\"@id\":\"https:\/\/www.sciencefictionfestival.org\/en\/past-editions\/fiff-1971\/#primaryimage\"},\"thumbnailUrl\":\"https:\/\/sfft.noiza-assets.eu\/sfft\/2024\/01\/1971_Cover-Archivio.jpg\",\"datePublished\":\"2014-08-04T10:00:16+00:00\",\"breadcrumb\":{\"@id\":\"https:\/\/www.sciencefictionfestival.org\/en\/past-editions\/fiff-1971\/#breadcrumb\"},\"inLanguage\":\"en-US\",\"potentialAction\":[{\"@type\":\"ReadAction\",\"target\":[\"https:\/\/www.sciencefictionfestival.org\/en\/past-editions\/fiff-1971\/\"]}]},{\"@type\":\"ImageObject\",\"inLanguage\":\"en-US\",\"@id\":\"https:\/\/www.sciencefictionfestival.org\/en\/past-editions\/fiff-1971\/#primaryimage\",\"url\":\"https:\/\/sfft.noiza-assets.eu\/sfft\/2024\/01\/1971_Cover-Archivio.jpg\",\"contentUrl\":\"https:\/\/sfft.noiza-assets.eu\/sfft\/2024\/01\/1971_Cover-Archivio.jpg\",\"width\":1000,\"height\":563},{\"@type\":\"BreadcrumbList\",\"@id\":\"https:\/\/www.sciencefictionfestival.org\/en\/past-editions\/fiff-1971\/#breadcrumb\",\"itemListElement\":[{\"@type\":\"ListItem\",\"position\":1,\"name\":\"Home\",\"item\":\"https:\/\/www.sciencefictionfestival.org\/en\/\"},{\"@type\":\"ListItem\",\"position\":2,\"name\":\"Past Editions\",\"item\":\"https:\/\/www.sciencefictionfestival.org\/en\/past-editions\/\"},{\"@type\":\"ListItem\",\"position\":3,\"name\":\"Festival Internazionale del Film di Fantascienza 1971\"}]},{\"@type\":\"WebSite\",\"@id\":\"https:\/\/www.sciencefictionfestival.org\/#website\",\"url\":\"https:\/\/www.sciencefictionfestival.org\/\",\"name\":\"Trieste Science+Fiction Festival\",\"description\":\"Festival della Fantascienza di Trieste\",\"potentialAction\":[{\"@type\":\"SearchAction\",\"target\":{\"@type\":\"EntryPoint\",\"urlTemplate\":\"https:\/\/www.sciencefictionfestival.org\/?s={search_term_string}\"},\"query-input\":{\"@type\":\"PropertyValueSpecification\",\"valueRequired\":true,\"valueName\":\"search_term_string\"}}],\"inLanguage\":\"en-US\"}]}<\/script>\n<!-- \/ Yoast SEO plugin. -->","yoast_head_json":{"title":"Festival Internazionale del Film di Fantascienza 1971 - Trieste Science+Fiction Festival","robots":{"index":"index","follow":"follow","max-snippet":"max-snippet:-1","max-image-preview":"max-image-preview:large","max-video-preview":"max-video-preview:-1"},"canonical":"https:\/\/www.sciencefictionfestival.org\/en\/past-editions\/fiff-1971\/","og_locale":"en_US","og_type":"article","og_title":"Festival Internazionale del Film di Fantascienza 1971 - Trieste Science+Fiction Festival","og_description":"Festival Internazionale del Film di Fantascienza - Edizione IX More","og_url":"https:\/\/www.sciencefictionfestival.org\/en\/past-editions\/fiff-1971\/","og_site_name":"Trieste Science+Fiction Festival","twitter_card":"summary_large_image","twitter_misc":{"Est. reading time":"8 minutes"},"schema":{"@context":"https:\/\/schema.org","@graph":[{"@type":"WebPage","@id":"https:\/\/www.sciencefictionfestival.org\/en\/past-editions\/fiff-1971\/","url":"https:\/\/www.sciencefictionfestival.org\/en\/past-editions\/fiff-1971\/","name":"Festival Internazionale del Film di Fantascienza 1971 - Trieste Science+Fiction Festival","isPartOf":{"@id":"https:\/\/www.sciencefictionfestival.org\/#website"},"primaryImageOfPage":{"@id":"https:\/\/www.sciencefictionfestival.org\/en\/past-editions\/fiff-1971\/#primaryimage"},"image":{"@id":"https:\/\/www.sciencefictionfestival.org\/en\/past-editions\/fiff-1971\/#primaryimage"},"thumbnailUrl":"https:\/\/sfft.noiza-assets.eu\/sfft\/2024\/01\/1971_Cover-Archivio.jpg","datePublished":"2014-08-04T10:00:16+00:00","breadcrumb":{"@id":"https:\/\/www.sciencefictionfestival.org\/en\/past-editions\/fiff-1971\/#breadcrumb"},"inLanguage":"en-US","potentialAction":[{"@type":"ReadAction","target":["https:\/\/www.sciencefictionfestival.org\/en\/past-editions\/fiff-1971\/"]}]},{"@type":"ImageObject","inLanguage":"en-US","@id":"https:\/\/www.sciencefictionfestival.org\/en\/past-editions\/fiff-1971\/#primaryimage","url":"https:\/\/sfft.noiza-assets.eu\/sfft\/2024\/01\/1971_Cover-Archivio.jpg","contentUrl":"https:\/\/sfft.noiza-assets.eu\/sfft\/2024\/01\/1971_Cover-Archivio.jpg","width":1000,"height":563},{"@type":"BreadcrumbList","@id":"https:\/\/www.sciencefictionfestival.org\/en\/past-editions\/fiff-1971\/#breadcrumb","itemListElement":[{"@type":"ListItem","position":1,"name":"Home","item":"https:\/\/www.sciencefictionfestival.org\/en\/"},{"@type":"ListItem","position":2,"name":"Past Editions","item":"https:\/\/www.sciencefictionfestival.org\/en\/past-editions\/"},{"@type":"ListItem","position":3,"name":"Festival Internazionale del Film di Fantascienza 1971"}]},{"@type":"WebSite","@id":"https:\/\/www.sciencefictionfestival.org\/#website","url":"https:\/\/www.sciencefictionfestival.org\/","name":"Trieste Science+Fiction Festival","description":"Festival della Fantascienza di Trieste","potentialAction":[{"@type":"SearchAction","target":{"@type":"EntryPoint","urlTemplate":"https:\/\/www.sciencefictionfestival.org\/?s={search_term_string}"},"query-input":{"@type":"PropertyValueSpecification","valueRequired":true,"valueName":"search_term_string"}}],"inLanguage":"en-US"}]}},"wps_subtitle":"","_links":{"self":[{"href":"https:\/\/www.sciencefictionfestival.org\/en\/wp-json\/wp\/v2\/pages\/53175","targetHints":{"allow":["GET"]}}],"collection":[{"href":"https:\/\/www.sciencefictionfestival.org\/en\/wp-json\/wp\/v2\/pages"}],"about":[{"href":"https:\/\/www.sciencefictionfestival.org\/en\/wp-json\/wp\/v2\/types\/page"}],"author":[{"embeddable":true,"href":"https:\/\/www.sciencefictionfestival.org\/en\/wp-json\/wp\/v2\/users\/1"}],"replies":[{"embeddable":true,"href":"https:\/\/www.sciencefictionfestival.org\/en\/wp-json\/wp\/v2\/comments?post=53175"}],"version-history":[{"count":0,"href":"https:\/\/www.sciencefictionfestival.org\/en\/wp-json\/wp\/v2\/pages\/53175\/revisions"}],"up":[{"embeddable":true,"href":"https:\/\/www.sciencefictionfestival.org\/en\/wp-json\/wp\/v2\/pages\/51773"}],"wp:featuredmedia":[{"embeddable":true,"href":"https:\/\/www.sciencefictionfestival.org\/en\/wp-json\/wp\/v2\/media\/45759"}],"wp:attachment":[{"href":"https:\/\/www.sciencefictionfestival.org\/en\/wp-json\/wp\/v2\/media?parent=53175"}],"wp:term":[{"taxonomy":"category","embeddable":true,"href":"https:\/\/www.sciencefictionfestival.org\/en\/wp-json\/wp\/v2\/categories?post=53175"},{"taxonomy":"post_tag","embeddable":true,"href":"https:\/\/www.sciencefictionfestival.org\/en\/wp-json\/wp\/v2\/tags?post=53175"}],"curies":[{"name":"wp","href":"https:\/\/api.w.org\/{rel}","templated":true}]}}