{"id":53169,"date":"2014-08-04T10:44:56","date_gmt":"2014-08-04T08:44:56","guid":{"rendered":"https:\/\/www.sciencefictionfestival.org\/past-editions\/fiff-1966\/"},"modified":"2014-08-04T10:44:56","modified_gmt":"2014-08-04T08:44:56","slug":"fiff-1966","status":"publish","type":"page","link":"https:\/\/www.sciencefictionfestival.org\/en\/past-editions\/fiff-1966\/","title":{"rendered":"Festival Internazionale del Film di Fantascienza 1966"},"content":{"rendered":"<div class=\"wpb-content-wrapper\"><p>[vc_row][vc_column width=&#8221;1\/3&#8243;][vc_single_image image=&#8221;45855&#8243; img_size=&#8221;full&#8221; el_id=&#8221;&#8221;][\/vc_column][vc_column width=&#8221;2\/3&#8243;][vc_row_inner][vc_column_inner][vc_column_text el_id=&#8221;&#8221;]<\/p>\n<h3>9 \u2013 16 Luglio \/ July 1966<\/h3>\n<p>[\/vc_column_text][vc_separator][vc_column_text el_id=&#8221;&#8221;]Molte produzioni presentate alle prime edizioni del Festival provengono dall\u2019Est europeo, in particolare Unione Sovietica e Cecoslovacchia.<br \/>\n\u00c8 cecoslovacco il film vincitore dell\u2019<em>Asteroide d\u2019oro<\/em> edizione 1966, <strong>Chi vuole uccidere Jessie?<\/strong> di Vaclav Vorlicek, disinvolta satira degli eroi dei comics, Superman in testa.<br \/>\nIntanto la sala di Palazzo Costanzi ospita un<strong> Omaggio a Gustave Moreau<\/strong>.<br \/>\nGli ospiti del festival sono circa un\u2019ottantina e comprendono critici, giornalisti, registi, scrittori e scienziati. Fra loro Arthur C. Clarke, autore del soggetto di <strong>2001: Odissea nello spazio<\/strong>, film diretto da Stanley Kubrick.<\/p>\n<hr \/>\n<p>Many productions presented at the first editions of the Festival come from Eastern Europe, in particular the Soviet Union and Czechoslovakia.<br \/>\nThe film that won the 1966 Golden Asteroid, Who Wants to Kill Jessie?, is Czechoslovakian. by Vaclav Vorlicek, a casual satire of comics heroes, with Superman in mind.<br \/>\nMeanwhile, the room of Palazzo Costanzi hosts a tribute to Gustave Moreau.<br \/>\nThe guests of the festival are around eighty and include critics, journalists, directors, writers and scientists. Among them Arthur C. Clarke, author of the story of 2001: A Space Odyssey, a film directed by Stanley Kubrick.[\/vc_column_text][vc_separator][\/vc_column_inner][\/vc_row_inner][vc_row_inner][vc_column_inner width=&#8221;1\/3&#8243;][vc_column_text]giuria \/ jury<\/p>\n<p><strong>Harry Harrison<br \/>\nMichael Imison<br \/>\nMichel Morulet<br \/>\nMario Nordio<br \/>\nTino Ranieri<\/strong>[\/vc_column_text][\/vc_column_inner][vc_column_inner width=&#8221;2\/3&#8243;][vc_column_text el_id=&#8221;&#8221;]eventi \/ events<\/p>\n<p><strong>Possibilit\u00e0 di vita e utilizzazione del sistema solare<\/strong><br \/>\nTavola rotonda di astronomi e astrofisici<br \/>\n_Roundtable of astronomers and astrophysicists<br \/>\n<strong>Omaggio a Gustave Moreau<\/strong><br \/>\nMostra_Exhibition[\/vc_column_text][\/vc_column_inner][\/vc_row_inner][\/vc_column][\/vc_row][vc_row css=&#8221;.vc_custom_1676891548145{margin-top: 20px !important;}&#8221;][vc_column][vc_separator color=&#8221;black&#8221;][\/vc_column][\/vc_row][vc_row][vc_column width=&#8221;1\/5&#8243; css=&#8221;.vc_custom_1680087515231{background-position: center !important;background-repeat: no-repeat !important;background-size: contain !important;}&#8221;][\/vc_column][vc_column width=&#8221;1\/5&#8243; css=&#8221;.vc_custom_1629202314924{background-image: url(https:\/\/sfft.noiza-assets.eu\/sfft\/2021\/08\/TSFF-laurel-web-ok.png) !important;background-position: center !important;background-repeat: no-repeat !important;background-size: contain !important;}&#8221;][vc_column_text]<\/p>\n<h5 style=\"text-align: center;\"><em>Astronave d&#8217;oro<\/em><br \/>\n<a href=\"https:\/\/www.sciencefictionfestival.org\/en\/film\/who-wants-to-kill-jessie\/\"><strong>Kdo chce zabit Jessil?<\/strong><\/a><br \/>\nVaclav Vorlicek<\/h5>\n<p>[\/vc_column_text][\/vc_column][vc_column width=&#8221;1\/5&#8243; css=&#8221;.vc_custom_1629202323527{background-image: url(https:\/\/sfft.noiza-assets.eu\/sfft\/2021\/08\/TSFF-laurel-web-ok.png) !important;background-position: center !important;background-repeat: no-repeat !important;background-size: contain !important;}&#8221;][vc_column_text]<\/p>\n<h5 style=\"text-align: center;\"><em>Sigillo d&#8217;oro citt\u00e0 di Trieste<br \/>\n<\/em><strong>Luna<\/strong><br \/>\nPiotr Kluscjantsev<\/h5>\n<p>[\/vc_column_text][\/vc_column][vc_column width=&#8221;1\/5&#8243; css=&#8221;.vc_custom_1629202331948{background-image: url(https:\/\/sfft.noiza-assets.eu\/sfft\/2021\/08\/TSFF-laurel-web-ok.png) !important;background-position: center !important;background-repeat: no-repeat !important;background-size: contain !important;}&#8221;][vc_column_text]<\/p>\n<h5 style=\"text-align: center;\"><em>Sigillo d&#8217;argento Citt\u00e0 di Trieste<br \/>\n<\/em><strong>Les escargots<\/strong><br \/>\nTopor + Ren\u00e9 Laloux<\/h5>\n<p>[\/vc_column_text][\/vc_column][vc_column width=&#8221;1\/5&#8243; css=&#8221;.vc_custom_1680087520801{background-position: center !important;background-repeat: no-repeat !important;background-size: contain !important;}&#8221;][\/vc_column][\/vc_row][vc_row css=&#8221;.vc_custom_1680002006820{margin-top: 10px !important;}&#8221;][vc_column][vc_row_inner][vc_column_inner][vc_separator color=&#8221;black&#8221;][\/vc_column_inner][\/vc_row_inner][vc_row_inner][vc_column_inner width=&#8221;1\/4&#8243;][vc_column_text]<\/p>\n<h4><a href=\"#feature\">Feature Film<\/a><\/h4>\n<p>[\/vc_column_text][\/vc_column_inner][vc_column_inner width=&#8221;1\/4&#8243;][vc_column_text]<\/p>\n<h4><a href=\"#shorts\">Fantastic Shorts<\/a><\/h4>\n<p>[\/vc_column_text][\/vc_column_inner][vc_column_inner width=&#8221;1\/4&#8243;][vc_column_text]<\/p>\n<h4><a href=\"#retro\">Retrospettiva<\/a><\/h4>\n<p>[\/vc_column_text][\/vc_column_inner][vc_column_inner width=&#8221;1\/4&#8243;][vc_column_text]<\/p>\n<h4><a href=\"#scienza\">Scientifici<\/a><\/h4>\n<p>[\/vc_column_text][\/vc_column_inner][\/vc_row_inner][vc_separator color=&#8221;black&#8221;][\/vc_column][vc_column width=&#8221;1\/4&#8243;][vc_column_text]<\/p>\n<h3><a name=\"feature\"><\/a>Feature Film<\/h3>\n<p>[\/vc_column_text][vc_column_text]<\/p>\n<h5><strong><a href=\"https:\/\/www.sciencefictionfestival.org\/en\/film\/20-000-leghe-sotto-la-terra\/\">City Under the Sea<\/a><\/strong><br \/>\n[20.000 leghe sotto la terra]<br \/>\n\u2014 Jacques Tourneur<\/h5>\n<h5><strong><a href=\"https:\/\/www.sciencefictionfestival.org\/en\/film\/invasion\/\">Invasion<\/a><\/strong><br \/>\n\u2014 Alan Bridges<\/h5>\n<h5><strong><a href=\"https:\/\/www.sciencefictionfestival.org\/en\/film\/linvasione-degli-astromostri\/\">Invasion of Astro-Monster<\/a><\/strong><br \/>\n[\u602a\u7363\u5927\u6226\u4e89Kaij\u016b Daisens\u014d]<br \/>\n\u2014 Ishir\u014d Honda<\/h5>\n<h5><strong><a href=\"https:\/\/www.sciencefictionfestival.org\/en\/film\/giperboloid-inzhenera-garina\/\">L&#8217;iperboloide dell&#8217;ingegner Garin<\/a><\/strong><br \/>\n[Giperboloid inzenera Garina &#8211; \u0413\u0438\u043f\u0435\u0440\u0431\u043e\u043b\u043e\u0438\u0434 \u0438\u043d\u0436\u0435\u043d\u0435\u0440\u0430 \u0413\u0430\u0440\u0438\u043d\u0430]<br \/>\n\u2014 Aleksandr Gintsburg<\/h5>\n<h5><strong><a href=\"https:\/\/www.sciencefictionfestival.org\/en\/film\/lor-et-le-plomb\/\">L&#8217;or et le plomb<\/a><\/strong><br \/>\n\u2014 Alain Cuniot<\/h5>\n<h5><strong><a href=\"https:\/\/www.sciencefictionfestival.org\/en\/film\/lost-in-space-the-reluctant-stowaway\/\">Lost in Space: The Reluctant Stowaway<\/a><\/strong><br \/>\n\u2014 Irwin Allen, Shimon Wincelberg<\/h5>\n<h5><strong><a href=\"https:\/\/www.sciencefictionfestival.org\/en\/film\/prigionieri-dellorrore\/\">Sound Of Horror<\/a><\/strong><br \/>\n[Prigionieri dell&#8217;orrore \/ El sonido prehistorico]<br \/>\n\u2014 Jos\u00e9 Antonio Nieves-Conde<\/h5>\n<h5><strong><a href=\"https:\/\/www.sciencefictionfestival.org\/en\/film\/who-wants-to-kill-jessie\/\">Who Wants to Kill Jessie?<\/a><\/strong><br \/>\n[Superman vuole uccidere Jessie \/ Kdo chce zab\u00edt Jessii?]<br \/>\n\u2014 V\u00e1clav Vorl\u00ed\u010dek<\/h5>\n<h5><strong><a href=\"https:\/\/www.sciencefictionfestival.org\/en\/film\/i-criminali-della-galassia\/\">Wild, Wild Planet<\/a><\/strong><br \/>\n[I criminali della galassia]<br \/>\n\u2014 Antonio Margheriti<\/h5>\n<p>[\/vc_column_text][\/vc_column][vc_column width=&#8221;3\/4&#8243;][vc_basic_grid post_type=&#8221;film&#8221; max_items=&#8221;-1&#8243; gap=&#8221;0&#8243; orderby=&#8221;title&#8221; order=&#8221;ASC&#8221; item=&#8221;43419&#8243; initial_loading_animation=&#8221;none&#8221; grid_id=&#8221;vc_gid:1705494283023-594e9c53-f68b-9&#8243; taxonomies=&#8221;251&#8243;][\/vc_column][\/vc_row][vc_row][vc_column][vc_separator color=&#8221;black&#8221;][\/vc_column][vc_column width=&#8221;1\/4&#8243;][vc_column_text]<\/p>\n<h3><a name=\"shorts\"><\/a>Shorts<\/h3>\n<p>[\/vc_column_text][\/vc_column][vc_column width=&#8221;1\/4&#8243;][vc_column_text]<\/p>\n<h5><strong>A visit fron the space<\/strong><br \/>\n[Posjet iz svemira]<br \/>\n\u2014 Zlatko Grgi\u0107<br \/>\nJugoslavia 1964, 11&#8242;<\/h5>\n<h5><strong>Anno 3003<\/strong><br \/>\n\u2014 Ivo Lehpamer<br \/>\nJugoslavia 1962, 11&#8242;<\/h5>\n<h5><strong>Gustave Moreau<\/strong><br \/>\n\u2014 Nelly Kaplan<br \/>\nFrance 1961, 22&#8242;<\/h5>\n<p>[\/vc_column_text][\/vc_column][vc_column width=&#8221;1\/4&#8243;][vc_column_text]<\/p>\n<h5><strong>L&#8217;urlo<\/strong><br \/>\n\u2014 Camillo Bazzoni<br \/>\nItaly 1966, 13&#8242;<\/h5>\n<h5><strong>Les Escargots<\/strong><br \/>\n\u2014 Ren\u00e9 Laloux<br \/>\nFrance 1966, 11&#8242;<\/h5>\n<p>[\/vc_column_text][\/vc_column][vc_column width=&#8221;1\/4&#8243;][vc_column_text]<\/p>\n<h5><strong>Luna<\/strong><br \/>\n[\u041b\u0423\u041d\u0410]<br \/>\n\u2014 Pavel Klushantsev<br \/>\nURSS 1965, 50&#8242;<\/h5>\n<h5><strong>Plan\u00e8te verte<\/strong><br \/>\n[Il pianeta verde]<br \/>\n\u2014 Piotr Kamler<br \/>\nFrance 1965, 9&#8242;<\/h5>\n<p>[\/vc_column_text][\/vc_column][\/vc_row][vc_row][vc_column][vc_separator color=&#8221;black&#8221;][\/vc_column][vc_column width=&#8221;1\/4&#8243;][vc_column_text]<\/p>\n<h3><a name=\"retro\"><\/a>Retrospettiva<\/h3>\n<p>[\/vc_column_text][\/vc_column][vc_column width=&#8221;1\/4&#8243;][vc_column_text]<\/p>\n<h5><strong>Batman<\/strong><br \/>\n\u2014 Lambert Hillyer<br \/>\nUSA 1943, 270&#8242;, 15 episodi<\/h5>\n<h5><strong>Croisi\u00e8res sid\u00e9rales<\/strong><br \/>\n\u2014 Andr\u00e9 Zwobada<br \/>\nFrance 1942, 95&#8242;<\/h5>\n<p>[\/vc_column_text][\/vc_column][vc_column width=&#8221;1\/4&#8243;][vc_column_text]<\/p>\n<h5><strong>Invaders from Mars<\/strong><br \/>\n\u2014 William Cameron Menzies<br \/>\nUSA 1953, 77&#8242;<\/h5>\n<h5><strong>L&#8217;Ile myst\u00e9rieuse<\/strong><br \/>\n[\u0422\u0430\u0438\u043d\u0441\u0442\u0432\u0435\u043d\u043d\u044b\u0439 \u043e\u0441\u0442\u0440\u043e\u0432]<br \/>\n\u2014 Edouard Pentsline<br \/>\nURSS 1941, 94&#8242;<\/h5>\n<p>[\/vc_column_text][\/vc_column][vc_column width=&#8221;1\/4&#8243;][vc_column_text]<\/p>\n<h5><strong>The City Destroyed<\/strong><br \/>\n[La cit\u00e9 foudroy\u00e9e]<br \/>\n\u2014 Luitz-Morat<br \/>\nFrance 1924, 72&#8242;<\/h5>\n<p>[\/vc_column_text][\/vc_column][\/vc_row][vc_row][vc_column][vc_separator color=&#8221;black&#8221;][\/vc_column][vc_column width=&#8221;1\/4&#8243;][vc_column_text]<\/p>\n<h3><a name=\"scienza\"><\/a>Documentari Scientifici<\/h3>\n<p>[\/vc_column_text][\/vc_column][vc_column width=&#8221;1\/4&#8243;][vc_column_text]<\/p>\n<h5><strong>Cinema et Astronomie<\/strong><br \/>\n\u2014 Joseph Leclerc + J.C. Pecker<br \/>\nFrance 21&#8242;<\/h5>\n<h5><strong>Flamme du soleil<\/strong><br \/>\n\u2014 Joseph Leclerc + Paul Couderc<br \/>\nFrance 1953, 11&#8242;<\/h5>\n<h5><strong>Etudes et recherches solaires et stellaires<\/strong><br \/>\n\u2014 Rosch, D&#8217;Azambuya, Joseph Leclerc<br \/>\nFrance 6&#8242;<\/h5>\n<p>[\/vc_column_text][\/vc_column][vc_column width=&#8221;1\/4&#8243;][vc_column_text]<\/p>\n<h5><strong>Apollo, Moon-landing Project<\/strong><br \/>\n\u2014 USIS \/ NASA<br \/>\nUSA 1963, 11&#8242;<\/h5>\n<h5><strong>Beyond the Sky<\/strong><br \/>\n\u2014 USIS<br \/>\nUSA<\/h5>\n<h5><strong>Ranger VII Photographs the Moon<\/strong><br \/>\n\u2014 USIS<br \/>\nUSA<\/h5>\n<p>[\/vc_column_text][\/vc_column][vc_column width=&#8221;1\/4&#8243;][vc_column_text]<\/p>\n<h5><strong>Eclipse total au Soudan<\/strong><br \/>\n\u2014 Joseph Leclerc<br \/>\nFrance<\/h5>\n<h5><strong>Soleil et couleur<\/strong><br \/>\n\u2014 Joseph Leclerc<br \/>\nFrance<\/h5>\n<h5><strong>Solar Activity<\/strong><br \/>\n\u2014 Donald Menzel<br \/>\nUSA<\/h5>\n<p>[\/vc_column_text][\/vc_column][\/vc_row][vc_row][vc_column css=&#8221;.vc_custom_1629202815555{background-position: center !important;background-repeat: no-repeat !important;background-size: contain !important;}&#8221;][vc_empty_space][\/vc_column][\/vc_row]<\/p>\n<\/div>","protected":false},"excerpt":{"rendered":"<p>Festival Internazionale del Film di Fantascienza &#8211; Edizione IV <a class=\"g1-link g1-link-more\" href=\"https:\/\/www.sciencefictionfestival.org\/en\/past-editions\/fiff-1966\/\">More<\/a><\/p>\n","protected":false},"author":1,"featured_media":43964,"parent":51773,"menu_order":0,"comment_status":"closed","ping_status":"closed","template":"g1-template-page-full.php","meta":{"cybocfi_hide_featured_image":"","footnotes":""},"categories":[631],"tags":[],"class_list":{"0":"post-53169","1":"page","2":"type-page","3":"status-publish","4":"has-post-thumbnail","6":"category-iff-archivi-en"},"yoast_head":"<!-- This site is optimized with the Yoast SEO plugin v27.1.1 - https:\/\/yoast.com\/product\/yoast-seo-wordpress\/ -->\n<title>Festival Internazionale del Film di Fantascienza 1966 - Trieste Science+Fiction Festival<\/title>\n<meta name=\"robots\" content=\"index, follow, max-snippet:-1, max-image-preview:large, max-video-preview:-1\" \/>\n<link rel=\"canonical\" href=\"https:\/\/www.sciencefictionfestival.org\/en\/past-editions\/fiff-1966\/\" \/>\n<meta property=\"og:locale\" content=\"en_US\" \/>\n<meta property=\"og:type\" content=\"article\" \/>\n<meta property=\"og:title\" content=\"Festival Internazionale del Film di Fantascienza 1966 - Trieste Science+Fiction Festival\" \/>\n<meta property=\"og:description\" content=\"Festival Internazionale del Film di Fantascienza - Edizione IV More\" \/>\n<meta property=\"og:url\" content=\"https:\/\/www.sciencefictionfestival.org\/en\/past-editions\/fiff-1966\/\" \/>\n<meta property=\"og:site_name\" content=\"Trieste Science+Fiction Festival\" \/>\n<meta name=\"twitter:card\" content=\"summary_large_image\" \/>\n<meta name=\"twitter:label1\" content=\"Est. reading time\" \/>\n\t<meta name=\"twitter:data1\" content=\"5 minutes\" \/>\n<script type=\"application\/ld+json\" class=\"yoast-schema-graph\">{\"@context\":\"https:\/\/schema.org\",\"@graph\":[{\"@type\":\"WebPage\",\"@id\":\"https:\/\/www.sciencefictionfestival.org\/en\/past-editions\/fiff-1966\/\",\"url\":\"https:\/\/www.sciencefictionfestival.org\/en\/past-editions\/fiff-1966\/\",\"name\":\"Festival Internazionale del Film di Fantascienza 1966 - Trieste Science+Fiction Festival\",\"isPartOf\":{\"@id\":\"https:\/\/www.sciencefictionfestival.org\/#website\"},\"primaryImageOfPage\":{\"@id\":\"https:\/\/www.sciencefictionfestival.org\/en\/past-editions\/fiff-1966\/#primaryimage\"},\"image\":{\"@id\":\"https:\/\/www.sciencefictionfestival.org\/en\/past-editions\/fiff-1966\/#primaryimage\"},\"thumbnailUrl\":\"https:\/\/sfft.noiza-assets.eu\/sfft\/2023\/03\/1966_Cover-Archivio.jpg\",\"datePublished\":\"2014-08-04T08:44:56+00:00\",\"breadcrumb\":{\"@id\":\"https:\/\/www.sciencefictionfestival.org\/en\/past-editions\/fiff-1966\/#breadcrumb\"},\"inLanguage\":\"en-US\",\"potentialAction\":[{\"@type\":\"ReadAction\",\"target\":[\"https:\/\/www.sciencefictionfestival.org\/en\/past-editions\/fiff-1966\/\"]}]},{\"@type\":\"ImageObject\",\"inLanguage\":\"en-US\",\"@id\":\"https:\/\/www.sciencefictionfestival.org\/en\/past-editions\/fiff-1966\/#primaryimage\",\"url\":\"https:\/\/sfft.noiza-assets.eu\/sfft\/2023\/03\/1966_Cover-Archivio.jpg\",\"contentUrl\":\"https:\/\/sfft.noiza-assets.eu\/sfft\/2023\/03\/1966_Cover-Archivio.jpg\",\"width\":1000,\"height\":563},{\"@type\":\"BreadcrumbList\",\"@id\":\"https:\/\/www.sciencefictionfestival.org\/en\/past-editions\/fiff-1966\/#breadcrumb\",\"itemListElement\":[{\"@type\":\"ListItem\",\"position\":1,\"name\":\"Home\",\"item\":\"https:\/\/www.sciencefictionfestival.org\/en\/\"},{\"@type\":\"ListItem\",\"position\":2,\"name\":\"Past Editions\",\"item\":\"https:\/\/www.sciencefictionfestival.org\/en\/past-editions\/\"},{\"@type\":\"ListItem\",\"position\":3,\"name\":\"Festival Internazionale del Film di Fantascienza 1966\"}]},{\"@type\":\"WebSite\",\"@id\":\"https:\/\/www.sciencefictionfestival.org\/#website\",\"url\":\"https:\/\/www.sciencefictionfestival.org\/\",\"name\":\"Trieste Science+Fiction Festival\",\"description\":\"Festival della Fantascienza di Trieste\",\"potentialAction\":[{\"@type\":\"SearchAction\",\"target\":{\"@type\":\"EntryPoint\",\"urlTemplate\":\"https:\/\/www.sciencefictionfestival.org\/?s={search_term_string}\"},\"query-input\":{\"@type\":\"PropertyValueSpecification\",\"valueRequired\":true,\"valueName\":\"search_term_string\"}}],\"inLanguage\":\"en-US\"}]}<\/script>\n<!-- \/ Yoast SEO plugin. -->","yoast_head_json":{"title":"Festival Internazionale del Film di Fantascienza 1966 - Trieste Science+Fiction Festival","robots":{"index":"index","follow":"follow","max-snippet":"max-snippet:-1","max-image-preview":"max-image-preview:large","max-video-preview":"max-video-preview:-1"},"canonical":"https:\/\/www.sciencefictionfestival.org\/en\/past-editions\/fiff-1966\/","og_locale":"en_US","og_type":"article","og_title":"Festival Internazionale del Film di Fantascienza 1966 - Trieste Science+Fiction Festival","og_description":"Festival Internazionale del Film di Fantascienza - Edizione IV More","og_url":"https:\/\/www.sciencefictionfestival.org\/en\/past-editions\/fiff-1966\/","og_site_name":"Trieste Science+Fiction Festival","twitter_card":"summary_large_image","twitter_misc":{"Est. reading time":"5 minutes"},"schema":{"@context":"https:\/\/schema.org","@graph":[{"@type":"WebPage","@id":"https:\/\/www.sciencefictionfestival.org\/en\/past-editions\/fiff-1966\/","url":"https:\/\/www.sciencefictionfestival.org\/en\/past-editions\/fiff-1966\/","name":"Festival Internazionale del Film di Fantascienza 1966 - Trieste Science+Fiction Festival","isPartOf":{"@id":"https:\/\/www.sciencefictionfestival.org\/#website"},"primaryImageOfPage":{"@id":"https:\/\/www.sciencefictionfestival.org\/en\/past-editions\/fiff-1966\/#primaryimage"},"image":{"@id":"https:\/\/www.sciencefictionfestival.org\/en\/past-editions\/fiff-1966\/#primaryimage"},"thumbnailUrl":"https:\/\/sfft.noiza-assets.eu\/sfft\/2023\/03\/1966_Cover-Archivio.jpg","datePublished":"2014-08-04T08:44:56+00:00","breadcrumb":{"@id":"https:\/\/www.sciencefictionfestival.org\/en\/past-editions\/fiff-1966\/#breadcrumb"},"inLanguage":"en-US","potentialAction":[{"@type":"ReadAction","target":["https:\/\/www.sciencefictionfestival.org\/en\/past-editions\/fiff-1966\/"]}]},{"@type":"ImageObject","inLanguage":"en-US","@id":"https:\/\/www.sciencefictionfestival.org\/en\/past-editions\/fiff-1966\/#primaryimage","url":"https:\/\/sfft.noiza-assets.eu\/sfft\/2023\/03\/1966_Cover-Archivio.jpg","contentUrl":"https:\/\/sfft.noiza-assets.eu\/sfft\/2023\/03\/1966_Cover-Archivio.jpg","width":1000,"height":563},{"@type":"BreadcrumbList","@id":"https:\/\/www.sciencefictionfestival.org\/en\/past-editions\/fiff-1966\/#breadcrumb","itemListElement":[{"@type":"ListItem","position":1,"name":"Home","item":"https:\/\/www.sciencefictionfestival.org\/en\/"},{"@type":"ListItem","position":2,"name":"Past Editions","item":"https:\/\/www.sciencefictionfestival.org\/en\/past-editions\/"},{"@type":"ListItem","position":3,"name":"Festival Internazionale del Film di Fantascienza 1966"}]},{"@type":"WebSite","@id":"https:\/\/www.sciencefictionfestival.org\/#website","url":"https:\/\/www.sciencefictionfestival.org\/","name":"Trieste Science+Fiction Festival","description":"Festival della Fantascienza di Trieste","potentialAction":[{"@type":"SearchAction","target":{"@type":"EntryPoint","urlTemplate":"https:\/\/www.sciencefictionfestival.org\/?s={search_term_string}"},"query-input":{"@type":"PropertyValueSpecification","valueRequired":true,"valueName":"search_term_string"}}],"inLanguage":"en-US"}]}},"wps_subtitle":"","_links":{"self":[{"href":"https:\/\/www.sciencefictionfestival.org\/en\/wp-json\/wp\/v2\/pages\/53169","targetHints":{"allow":["GET"]}}],"collection":[{"href":"https:\/\/www.sciencefictionfestival.org\/en\/wp-json\/wp\/v2\/pages"}],"about":[{"href":"https:\/\/www.sciencefictionfestival.org\/en\/wp-json\/wp\/v2\/types\/page"}],"author":[{"embeddable":true,"href":"https:\/\/www.sciencefictionfestival.org\/en\/wp-json\/wp\/v2\/users\/1"}],"replies":[{"embeddable":true,"href":"https:\/\/www.sciencefictionfestival.org\/en\/wp-json\/wp\/v2\/comments?post=53169"}],"version-history":[{"count":0,"href":"https:\/\/www.sciencefictionfestival.org\/en\/wp-json\/wp\/v2\/pages\/53169\/revisions"}],"up":[{"embeddable":true,"href":"https:\/\/www.sciencefictionfestival.org\/en\/wp-json\/wp\/v2\/pages\/51773"}],"wp:featuredmedia":[{"embeddable":true,"href":"https:\/\/www.sciencefictionfestival.org\/en\/wp-json\/wp\/v2\/media\/43964"}],"wp:attachment":[{"href":"https:\/\/www.sciencefictionfestival.org\/en\/wp-json\/wp\/v2\/media?parent=53169"}],"wp:term":[{"taxonomy":"category","embeddable":true,"href":"https:\/\/www.sciencefictionfestival.org\/en\/wp-json\/wp\/v2\/categories?post=53169"},{"taxonomy":"post_tag","embeddable":true,"href":"https:\/\/www.sciencefictionfestival.org\/en\/wp-json\/wp\/v2\/tags?post=53169"}],"curies":[{"name":"wp","href":"https:\/\/api.w.org\/{rel}","templated":true}]}}