{"id":53167,"date":"2014-08-04T10:38:37","date_gmt":"2014-08-04T08:38:37","guid":{"rendered":"https:\/\/www.sciencefictionfestival.org\/past-editions\/fiff-1965\/"},"modified":"2014-08-04T10:38:37","modified_gmt":"2014-08-04T08:38:37","slug":"fiff-1965","status":"publish","type":"page","link":"https:\/\/www.sciencefictionfestival.org\/en\/past-editions\/fiff-1965\/","title":{"rendered":"Festival Internazionale del Film di Fantascienza 1965"},"content":{"rendered":"<div class=\"wpb-content-wrapper\"><p>[vc_row][vc_column width=&#8221;1\/3&#8243;][vc_single_image image=&#8221;45858&#8243; img_size=&#8221;full&#8221; el_id=&#8221;&#8221;][\/vc_column][vc_column width=&#8221;2\/3&#8243;][vc_row_inner][vc_column_inner][vc_column_text el_id=&#8221;&#8221;]<\/p>\n<h3>10 \u2013 17 Luglio \/ July 1965<\/h3>\n<p>[\/vc_column_text][vc_separator][vc_column_text el_id=&#8221;&#8221;]La terza edizione del Festival ha per film inaugurale <strong>Frankenstein Meets the Space Monster<\/strong> di Robert Gaffney, collaboratore di Stanley Kubrick; vince l\u2019<em>Asteroide<\/em> <strong>Alphaville<\/strong> di Jean-Luc Godard (Francia). Nella sala dell\u2019Auditorium si tiene la retrospettiva di carattere eterogeneo <strong>Cinema e Utopia<\/strong>.<br \/>\nNegli intervalli tra un film e l\u2019altro, il cortile del Castello di San Giusto viene inondato di musica elettronica, secondo gli schemi avanguardistici del Gruppo NPS.<br \/>\nL\u2019Azienda Autonoma di Soggiorno e Turismo in collaborazione con il Circolo della Cultura e delle Arti di Trieste allestisce, a latere del Festival, la mostra<strong> Arte cinetica<\/strong> nella nuova sala espositiva di Palazzo Costanzi. Grazie all\u2019intervento di Gillo Dorfles, a ciascuno dei dodici \u201coperatori\u201d coinvolti &#8211; da Getullo Alviani a Enzo Mari, Manfredo Massironi, Bruno Munari &#8211; viene commissionata la progettazione di un \u201coggetto\u201d appositamente destinato alla mostra. Sono presenti anche due generatori di immagini stroboscopiche progettati dal neonato gruppo MID di Milano.<\/p>\n<hr \/>\n<p>The third edition of the Festival has as its inaugural film Frankenstein Meets the Space Monster by Robert Gaffney, collaborator of Stanley Kubrick; Jean-Luc Godard&#8217;s Asteroid Alphaville (France) wins. The heterogeneous retrospective Cinema and Utopia is held in the Auditorium room.<br \/>\nIn the intervals between one film and another, the courtyard of the San Giusto Castle is flooded with electronic music, according to the avant-garde schemes of the NPS Group.<br \/>\nThe Azienda Autonoma di Soggiorno e Turismo in collaboration with the Circolo della Cultura e delle Arti di Trieste is staging, alongside the Festival, the Kinetic Art exhibition in the new exhibition hall of Palazzo Costanzi. Thanks to the intervention of Gillo Dorfles, each of the twelve &#8220;operators&#8221; involved &#8211; from Getullo Alviani to Enzo Mari, Manfredo Massironi, Bruno Munari &#8211; is commissioned to design an &#8220;object&#8221; specifically intended for the exhibition. There are also two stroboscopic image generators designed by the newly formed MID group in Milan.[\/vc_column_text][vc_separator][\/vc_column_inner][\/vc_row_inner][vc_row_inner][vc_column_inner width=&#8221;1\/3&#8243;][vc_column_text]giuria \/ jury<\/p>\n<p><strong>Otto Beer<br \/>\nDevendra Kumar<br \/>\nGene Moskowitz<br \/>\nSandro Sandrelli<br \/>\nRobert Van Laer<\/strong>[\/vc_column_text][\/vc_column_inner][vc_column_inner width=&#8221;2\/3&#8243;][vc_column_text el_id=&#8221;&#8221;]events \/ events<\/p>\n<p><strong>Retrospettiva fantascientifica americana<\/strong><br \/>\nMostra_Exhibition<br \/>\n<strong>Arte cinetica<\/strong><br \/>\nMostra_Exhibition[\/vc_column_text][\/vc_column_inner][\/vc_row_inner][\/vc_column][\/vc_row][vc_row][vc_column width=&#8221;1\/5&#8243; css=&#8221;.vc_custom_1680008864805{background-position: center !important;background-repeat: no-repeat !important;background-size: contain !important;}&#8221;][\/vc_column][vc_column width=&#8221;1\/5&#8243; css=&#8221;.vc_custom_1629202314924{background-image: url(https:\/\/sfft.noiza-assets.eu\/sfft\/2021\/08\/TSFF-laurel-web-ok.png) !important;background-position: center !important;background-repeat: no-repeat !important;background-size: contain !important;}&#8221;][vc_column_text]<\/p>\n<h5 style=\"text-align: center;\"><em>Astronave d&#8217;oro<\/em><br \/>\n<a href=\"https:\/\/www.sciencefictionfestival.org\/en\/film\/agente-lemmy-caution-missione-alphaville\/\"><strong>Alphaville<\/strong><\/a><br \/>\nJean-Luch Godard<\/h5>\n<p>[\/vc_column_text][\/vc_column][vc_column width=&#8221;1\/5&#8243; css=&#8221;.vc_custom_1629202323527{background-image: url(https:\/\/sfft.noiza-assets.eu\/sfft\/2021\/08\/TSFF-laurel-web-ok.png) !important;background-position: center !important;background-repeat: no-repeat !important;background-size: contain !important;}&#8221;][vc_column_text]<\/p>\n<h5 style=\"text-align: center;\"><em>Sigillo d&#8217;oro citt\u00e0 di Trieste<br \/>\n<\/em><strong>Invasione<\/strong><br \/>\nCamillo Bazzoni<\/h5>\n<p>[\/vc_column_text][\/vc_column][vc_column width=&#8221;1\/5&#8243; css=&#8221;.vc_custom_1629202331948{background-image: url(https:\/\/sfft.noiza-assets.eu\/sfft\/2021\/08\/TSFF-laurel-web-ok.png) !important;background-position: center !important;background-repeat: no-repeat !important;background-size: contain !important;}&#8221;][vc_column_text]<\/p>\n<h5 style=\"text-align: center;\"><em>Menzione speciale<\/em><br \/>\n<strong>Destination Man<\/strong><br \/>\nMorton Heilig<\/h5>\n<p>[\/vc_column_text][\/vc_column][vc_column width=&#8221;1\/5&#8243; css=&#8221;.vc_custom_1680008859896{background-position: center !important;background-repeat: no-repeat !important;background-size: contain !important;}&#8221;][\/vc_column][\/vc_row][vc_row css=&#8221;.vc_custom_1680002006820{margin-top: 10px !important;}&#8221;][vc_column][vc_row_inner][vc_column_inner][vc_separator color=&#8221;black&#8221;][\/vc_column_inner][\/vc_row_inner][vc_row_inner][vc_column_inner width=&#8221;1\/3&#8243;][vc_column_text]<\/p>\n<h4><a href=\"#feature\">Feature Film<\/a><\/h4>\n<p>[\/vc_column_text][\/vc_column_inner][vc_column_inner width=&#8221;1\/3&#8243;][vc_column_text]<\/p>\n<h4><a href=\"#shorts\">Fantastic Shorts<\/a><\/h4>\n<p>[\/vc_column_text][\/vc_column_inner][vc_column_inner width=&#8221;1\/3&#8243;][vc_column_text]<\/p>\n<h4><a href=\"#italia\">Retrospettiva<\/a><\/h4>\n<p>[\/vc_column_text][\/vc_column_inner][\/vc_row_inner][vc_separator color=&#8221;black&#8221;][\/vc_column][vc_column width=&#8221;1\/4&#8243;][vc_column_text]<\/p>\n<h3><a name=\"feature\"><\/a>Feature Film<\/h3>\n<p>[\/vc_column_text][vc_column_text]<\/p>\n<h5><strong><a href=\"https:\/\/www.sciencefictionfestival.org\/en\/film\/agente-lemmy-caution-missione-alphaville\/\">Alphaville, une \u00e9trange aventure de Lemmy Caution<\/a><\/strong><br \/>\n[Agente Lemmy Caution: Missione Alphaville]<br \/>\n\u2014 Jean Luc Godard<\/h5>\n<h5><strong><a href=\"https:\/\/www.sciencefictionfestival.org\/en\/film\/dogora-il-mostro-della-grande-palude\/\">Dagora<\/a><\/strong><br \/>\n[Dogora &#8211; Il mostro della grande palude \/ \u5b87\u5b99\u5927\u602a\u7363\u30c9\u30b4\u30e9 Uch\u016b Daikaij\u016b Dogora]<br \/>\n\u2014 Ishir\u014d Honda<\/h5>\n<h5><strong><a href=\"https:\/\/www.sciencefictionfestival.org\/en\/film\/le-cinque-chiavi-del-terrore\/\">Dr. Terror&#8217;s House of Horrors<\/a><\/strong><br \/>\n[Le cinque chiavi del terrore]<br \/>\n\u2014 Freddie Francis<\/h5>\n<h5><strong><a href=\"https:\/\/www.sciencefictionfestival.org\/en\/film\/frankenstein-meets-the-space-monster\/\">Frankenstein Meets the Space Monster<\/a><\/strong><br \/>\n[L&#8217;incredibile astronauta incontra il mostro spaziale]<br \/>\n\u2014 Robert Gaffney<\/h5>\n<h5><strong>Le ciel sur la tete<\/strong><br \/>\n[Allarme dal cielo]<br \/>\n\u2014 Yves Ciampi<\/h5>\n<h5><strong><a href=\"https:\/\/www.sciencefictionfestival.org\/en\/film\/frankenstein-meets-the-space-monster\/il-teschio-maledetto-freddie-francis-2\/\">The Skull<\/a><\/strong><br \/>\n[Il teschio maledetto]<br \/>\n\u2014 Freddie Francis<\/h5>\n<h5><strong>The Thing From Another World<\/strong><br \/>\n[La cosa da un altro mondo]<br \/>\n\u2014 Christian Nyby<\/h5>\n<h5><strong><a href=\"https:\/\/www.sciencefictionfestival.org\/en\/film\/ztracena-tvar\/\">Visage perdu<\/a><\/strong><br \/>\n[Ztracen\u00e1 tv\u00e1\u0159]<br \/>\n\u2014 Pavel Hobl<\/h5>\n<p>[\/vc_column_text][\/vc_column][vc_column width=&#8221;3\/4&#8243;][vc_basic_grid post_type=&#8221;film&#8221; max_items=&#8221;-1&#8243; gap=&#8221;0&#8243; orderby=&#8221;title&#8221; order=&#8221;ASC&#8221; item=&#8221;43419&#8243; initial_loading_animation=&#8221;none&#8221; grid_id=&#8221;vc_gid:1705494511055-853150ee-eb61-8&#8243; taxonomies=&#8221;279&#8243;][\/vc_column][\/vc_row][vc_row][vc_column][vc_separator color=&#8221;black&#8221;][\/vc_column][vc_column width=&#8221;1\/4&#8243;][vc_column_text]<\/p>\n<h3><a name=\"shorts\"><\/a>Shorts<\/h3>\n<p>[\/vc_column_text][\/vc_column][vc_column width=&#8221;1\/4&#8243;][vc_column_text]<\/p>\n<h5><strong>Birds<\/strong><br \/>\n\u2014 Harold Becker<br \/>\nUSA 1962<\/h5>\n<h5><strong>Calatorie imaginara<\/strong><br \/>\n[Viaggio immaginario]<br \/>\n\u2014 Mircea Popescu<br \/>\nRomania, 1964<\/h5>\n<h5><strong>Destination: Man<\/strong><br \/>\n\u2014 Mort Heilig<br \/>\nUSA 1965, 15&#8242;<\/h5>\n<p>[\/vc_column_text][\/vc_column][vc_column width=&#8221;1\/4&#8243;][vc_column_text]<\/p>\n<h5><strong>Dream Without an End<\/strong><br \/>\n[Droom zonder einde]<br \/>\n\u2014 Max de Haas<br \/>\nOlanda 1964, 13&#8242;<\/h5>\n<h5><strong>Invasione<\/strong><br \/>\n\u2014 Camillo Bazzoni<br \/>\nItaly 1965, 13&#8242;<\/h5>\n<h5><a href=\"https:\/\/www.sciencefictionfestival.org\/en\/film\/la-brulure-de-mille-soleils\/\"><strong>The Heat of a Thousand Suns<\/strong><\/a><br \/>\n[La brulure de mille soleils]<br \/>\n\u2014 Pierre Kast<br \/>\nFrance 1964, 23&#8242;<\/h5>\n<p>[\/vc_column_text][\/vc_column][vc_column width=&#8221;1\/4&#8243;][vc_column_text]<\/p>\n<h5><strong>The Story of a Writer<\/strong><br \/>\n\u2014 Terry Sanders<br \/>\nUSA 1963, TV<\/h5>\n<h5><strong>Where Are You, Louise?<\/strong><br \/>\n[Gdzie jestes, Luizo?]<br \/>\n\u2014 Janusz Kubik<br \/>\nPolonia 1968, 30&#8242;<\/h5>\n<p>[\/vc_column_text][\/vc_column][\/vc_row][vc_row][vc_column][vc_separator color=&#8221;black&#8221;][\/vc_column][vc_column width=&#8221;1\/4&#8243;][vc_column_text]<\/p>\n<h3><a name=\"shorts\"><\/a>Retrospettiva<\/h3>\n<p>[\/vc_column_text][\/vc_column][vc_column width=&#8221;1\/4&#8243;][vc_column_text]<\/p>\n<h5><strong>Berkeley Square<\/strong><br \/>\n[La strana realt\u00e0 di Peter Standish]<br \/>\n\u2014 Frank Lloyd<br \/>\nUSA 1933, 85&#8242;<\/h5>\n<h5><strong>It Came from Outer Space<\/strong><br \/>\n[Destinazione&#8230; Terra!]<br \/>\n\u2014 Jack Arnold<br \/>\nUSA 1953, 81&#8242;<\/h5>\n<h5><strong>Lost Horizon<\/strong><br \/>\n\u2014 Frank Capra<br \/>\nUSA 1937, 132&#8242;<\/h5>\n<p>[\/vc_column_text][\/vc_column][vc_column width=&#8221;1\/4&#8243;][vc_column_text]<\/p>\n<h5><strong>Not of This Earth<\/strong><br \/>\n[Il vampiro del pianeta rosso]<br \/>\n\u2014 Roger Corman<br \/>\nUSA 1957, 67&#8242;<\/h5>\n<h5><strong>Superman&#8217;s Peril<\/strong><br \/>\n\u2014 George Blair + Thomas Carr<br \/>\nUSA 1954, 77&#8242;<\/h5>\n<h5><strong>The Allogator People<\/strong><br \/>\n[Uomini coccodrillo]<br \/>\n\u2014 Roy Del Ruth<br \/>\nUSA 1959, 74&#8242;<\/h5>\n<p>[\/vc_column_text][\/vc_column][vc_column width=&#8221;1\/4&#8243;][vc_column_text]<\/p>\n<h5><strong>The Lost World<\/strong><br \/>\n[Il mondo perduto]<br \/>\n\u2014 Harry O. Hoyt<br \/>\nUSA 1925, 106&#8242;<\/h5>\n<p>[\/vc_column_text][\/vc_column][\/vc_row][vc_row][vc_column css=&#8221;.vc_custom_1629202815555{background-position: center !important;background-repeat: no-repeat !important;background-size: contain !important;}&#8221;][vc_empty_space][\/vc_column][\/vc_row]<\/p>\n<\/div>","protected":false},"excerpt":{"rendered":"<p>Festival Internazionale del Film di Fantascienza &#8211; Edizione III <a class=\"g1-link g1-link-more\" href=\"https:\/\/www.sciencefictionfestival.org\/en\/past-editions\/fiff-1965\/\">More<\/a><\/p>\n","protected":false},"author":1,"featured_media":43933,"parent":51773,"menu_order":0,"comment_status":"closed","ping_status":"closed","template":"g1-template-page-full.php","meta":{"cybocfi_hide_featured_image":"","footnotes":""},"categories":[631],"tags":[],"class_list":{"0":"post-53167","1":"page","2":"type-page","3":"status-publish","4":"has-post-thumbnail","6":"category-iff-archivi-en"},"yoast_head":"<!-- This site is optimized with the Yoast SEO plugin v27.1.1 - https:\/\/yoast.com\/product\/yoast-seo-wordpress\/ -->\n<title>Festival Internazionale del Film di Fantascienza 1965 - Trieste Science+Fiction Festival<\/title>\n<meta name=\"robots\" content=\"index, follow, max-snippet:-1, max-image-preview:large, max-video-preview:-1\" \/>\n<link rel=\"canonical\" href=\"https:\/\/www.sciencefictionfestival.org\/en\/past-editions\/fiff-1965\/\" \/>\n<meta property=\"og:locale\" content=\"en_US\" \/>\n<meta property=\"og:type\" content=\"article\" \/>\n<meta property=\"og:title\" content=\"Festival Internazionale del Film di Fantascienza 1965 - Trieste Science+Fiction Festival\" \/>\n<meta property=\"og:description\" content=\"Festival Internazionale del Film di Fantascienza - Edizione III More\" \/>\n<meta property=\"og:url\" content=\"https:\/\/www.sciencefictionfestival.org\/en\/past-editions\/fiff-1965\/\" \/>\n<meta property=\"og:site_name\" content=\"Trieste Science+Fiction Festival\" \/>\n<meta name=\"twitter:card\" content=\"summary_large_image\" \/>\n<meta name=\"twitter:label1\" content=\"Est. reading time\" \/>\n\t<meta name=\"twitter:data1\" content=\"5 minutes\" \/>\n<script type=\"application\/ld+json\" class=\"yoast-schema-graph\">{\"@context\":\"https:\/\/schema.org\",\"@graph\":[{\"@type\":\"WebPage\",\"@id\":\"https:\/\/www.sciencefictionfestival.org\/en\/past-editions\/fiff-1965\/\",\"url\":\"https:\/\/www.sciencefictionfestival.org\/en\/past-editions\/fiff-1965\/\",\"name\":\"Festival Internazionale del Film di Fantascienza 1965 - Trieste Science+Fiction Festival\",\"isPartOf\":{\"@id\":\"https:\/\/www.sciencefictionfestival.org\/#website\"},\"primaryImageOfPage\":{\"@id\":\"https:\/\/www.sciencefictionfestival.org\/en\/past-editions\/fiff-1965\/#primaryimage\"},\"image\":{\"@id\":\"https:\/\/www.sciencefictionfestival.org\/en\/past-editions\/fiff-1965\/#primaryimage\"},\"thumbnailUrl\":\"https:\/\/sfft.noiza-assets.eu\/sfft\/2023\/03\/1965_Cover-Archivio.jpg\",\"datePublished\":\"2014-08-04T08:38:37+00:00\",\"breadcrumb\":{\"@id\":\"https:\/\/www.sciencefictionfestival.org\/en\/past-editions\/fiff-1965\/#breadcrumb\"},\"inLanguage\":\"en-US\",\"potentialAction\":[{\"@type\":\"ReadAction\",\"target\":[\"https:\/\/www.sciencefictionfestival.org\/en\/past-editions\/fiff-1965\/\"]}]},{\"@type\":\"ImageObject\",\"inLanguage\":\"en-US\",\"@id\":\"https:\/\/www.sciencefictionfestival.org\/en\/past-editions\/fiff-1965\/#primaryimage\",\"url\":\"https:\/\/sfft.noiza-assets.eu\/sfft\/2023\/03\/1965_Cover-Archivio.jpg\",\"contentUrl\":\"https:\/\/sfft.noiza-assets.eu\/sfft\/2023\/03\/1965_Cover-Archivio.jpg\",\"width\":1000,\"height\":563},{\"@type\":\"BreadcrumbList\",\"@id\":\"https:\/\/www.sciencefictionfestival.org\/en\/past-editions\/fiff-1965\/#breadcrumb\",\"itemListElement\":[{\"@type\":\"ListItem\",\"position\":1,\"name\":\"Home\",\"item\":\"https:\/\/www.sciencefictionfestival.org\/en\/\"},{\"@type\":\"ListItem\",\"position\":2,\"name\":\"Past Editions\",\"item\":\"https:\/\/www.sciencefictionfestival.org\/en\/past-editions\/\"},{\"@type\":\"ListItem\",\"position\":3,\"name\":\"Festival Internazionale del Film di Fantascienza 1965\"}]},{\"@type\":\"WebSite\",\"@id\":\"https:\/\/www.sciencefictionfestival.org\/#website\",\"url\":\"https:\/\/www.sciencefictionfestival.org\/\",\"name\":\"Trieste Science+Fiction Festival\",\"description\":\"Festival della Fantascienza di Trieste\",\"potentialAction\":[{\"@type\":\"SearchAction\",\"target\":{\"@type\":\"EntryPoint\",\"urlTemplate\":\"https:\/\/www.sciencefictionfestival.org\/?s={search_term_string}\"},\"query-input\":{\"@type\":\"PropertyValueSpecification\",\"valueRequired\":true,\"valueName\":\"search_term_string\"}}],\"inLanguage\":\"en-US\"}]}<\/script>\n<!-- \/ Yoast SEO plugin. -->","yoast_head_json":{"title":"Festival Internazionale del Film di Fantascienza 1965 - Trieste Science+Fiction Festival","robots":{"index":"index","follow":"follow","max-snippet":"max-snippet:-1","max-image-preview":"max-image-preview:large","max-video-preview":"max-video-preview:-1"},"canonical":"https:\/\/www.sciencefictionfestival.org\/en\/past-editions\/fiff-1965\/","og_locale":"en_US","og_type":"article","og_title":"Festival Internazionale del Film di Fantascienza 1965 - Trieste Science+Fiction Festival","og_description":"Festival Internazionale del Film di Fantascienza - Edizione III More","og_url":"https:\/\/www.sciencefictionfestival.org\/en\/past-editions\/fiff-1965\/","og_site_name":"Trieste Science+Fiction Festival","twitter_card":"summary_large_image","twitter_misc":{"Est. reading time":"5 minutes"},"schema":{"@context":"https:\/\/schema.org","@graph":[{"@type":"WebPage","@id":"https:\/\/www.sciencefictionfestival.org\/en\/past-editions\/fiff-1965\/","url":"https:\/\/www.sciencefictionfestival.org\/en\/past-editions\/fiff-1965\/","name":"Festival Internazionale del Film di Fantascienza 1965 - Trieste Science+Fiction Festival","isPartOf":{"@id":"https:\/\/www.sciencefictionfestival.org\/#website"},"primaryImageOfPage":{"@id":"https:\/\/www.sciencefictionfestival.org\/en\/past-editions\/fiff-1965\/#primaryimage"},"image":{"@id":"https:\/\/www.sciencefictionfestival.org\/en\/past-editions\/fiff-1965\/#primaryimage"},"thumbnailUrl":"https:\/\/sfft.noiza-assets.eu\/sfft\/2023\/03\/1965_Cover-Archivio.jpg","datePublished":"2014-08-04T08:38:37+00:00","breadcrumb":{"@id":"https:\/\/www.sciencefictionfestival.org\/en\/past-editions\/fiff-1965\/#breadcrumb"},"inLanguage":"en-US","potentialAction":[{"@type":"ReadAction","target":["https:\/\/www.sciencefictionfestival.org\/en\/past-editions\/fiff-1965\/"]}]},{"@type":"ImageObject","inLanguage":"en-US","@id":"https:\/\/www.sciencefictionfestival.org\/en\/past-editions\/fiff-1965\/#primaryimage","url":"https:\/\/sfft.noiza-assets.eu\/sfft\/2023\/03\/1965_Cover-Archivio.jpg","contentUrl":"https:\/\/sfft.noiza-assets.eu\/sfft\/2023\/03\/1965_Cover-Archivio.jpg","width":1000,"height":563},{"@type":"BreadcrumbList","@id":"https:\/\/www.sciencefictionfestival.org\/en\/past-editions\/fiff-1965\/#breadcrumb","itemListElement":[{"@type":"ListItem","position":1,"name":"Home","item":"https:\/\/www.sciencefictionfestival.org\/en\/"},{"@type":"ListItem","position":2,"name":"Past Editions","item":"https:\/\/www.sciencefictionfestival.org\/en\/past-editions\/"},{"@type":"ListItem","position":3,"name":"Festival Internazionale del Film di Fantascienza 1965"}]},{"@type":"WebSite","@id":"https:\/\/www.sciencefictionfestival.org\/#website","url":"https:\/\/www.sciencefictionfestival.org\/","name":"Trieste Science+Fiction Festival","description":"Festival della Fantascienza di Trieste","potentialAction":[{"@type":"SearchAction","target":{"@type":"EntryPoint","urlTemplate":"https:\/\/www.sciencefictionfestival.org\/?s={search_term_string}"},"query-input":{"@type":"PropertyValueSpecification","valueRequired":true,"valueName":"search_term_string"}}],"inLanguage":"en-US"}]}},"wps_subtitle":"","_links":{"self":[{"href":"https:\/\/www.sciencefictionfestival.org\/en\/wp-json\/wp\/v2\/pages\/53167","targetHints":{"allow":["GET"]}}],"collection":[{"href":"https:\/\/www.sciencefictionfestival.org\/en\/wp-json\/wp\/v2\/pages"}],"about":[{"href":"https:\/\/www.sciencefictionfestival.org\/en\/wp-json\/wp\/v2\/types\/page"}],"author":[{"embeddable":true,"href":"https:\/\/www.sciencefictionfestival.org\/en\/wp-json\/wp\/v2\/users\/1"}],"replies":[{"embeddable":true,"href":"https:\/\/www.sciencefictionfestival.org\/en\/wp-json\/wp\/v2\/comments?post=53167"}],"version-history":[{"count":0,"href":"https:\/\/www.sciencefictionfestival.org\/en\/wp-json\/wp\/v2\/pages\/53167\/revisions"}],"up":[{"embeddable":true,"href":"https:\/\/www.sciencefictionfestival.org\/en\/wp-json\/wp\/v2\/pages\/51773"}],"wp:featuredmedia":[{"embeddable":true,"href":"https:\/\/www.sciencefictionfestival.org\/en\/wp-json\/wp\/v2\/media\/43933"}],"wp:attachment":[{"href":"https:\/\/www.sciencefictionfestival.org\/en\/wp-json\/wp\/v2\/media?parent=53167"}],"wp:term":[{"taxonomy":"category","embeddable":true,"href":"https:\/\/www.sciencefictionfestival.org\/en\/wp-json\/wp\/v2\/categories?post=53167"},{"taxonomy":"post_tag","embeddable":true,"href":"https:\/\/www.sciencefictionfestival.org\/en\/wp-json\/wp\/v2\/tags?post=53167"}],"curies":[{"name":"wp","href":"https:\/\/api.w.org\/{rel}","templated":true}]}}