{"id":53166,"date":"2014-08-04T10:28:24","date_gmt":"2014-08-04T08:28:24","guid":{"rendered":"https:\/\/www.sciencefictionfestival.org\/past-editions\/fiff-1964\/"},"modified":"2014-08-04T10:28:24","modified_gmt":"2014-08-04T08:28:24","slug":"fiff-1964","status":"publish","type":"page","link":"https:\/\/www.sciencefictionfestival.org\/en\/past-editions\/fiff-1964\/","title":{"rendered":"Festival Internazionale del Film di Fantascienza 1964"},"content":{"rendered":"<div class=\"wpb-content-wrapper\"><p>[vc_row][vc_column width=&#8221;1\/3&#8243;][vc_single_image image=&#8221;36385&#8243; img_size=&#8221;full&#8221;][\/vc_column][vc_column width=&#8221;2\/3&#8243;][vc_row_inner][vc_column_inner][vc_column_text el_id=&#8221;&#8221;]<\/p>\n<h3>9 \u2013 18 Luglio \/ July 1964<\/h3>\n<p>[\/vc_column_text][vc_separator][vc_column_text el_id=&#8221;&#8221;]Durante la seconda edizione del Festival Internazionale del Film di Fantascienza di Trieste, dal 9 al 18 luglio, vengono realizzate le riprese di un documentario che sar\u00e0 presentato sullo schermo di San Giusto l\u2019anno successivo con il titolo I giorni dei mostri e delle astronavi, di Italo Soncini.<br \/>\nL&#8217;Asteroide d\u2019oro \u00e8 assegnato a The Damned di Joseph Losey (GB).<br \/>\nNella saletta del corpo di guardia del Castello \u00e8 allestita a cura dell\u2019USIS (United States Information Service) la mostra Ieri fantascienza, oggi realt\u00e0. Fra i gioielli esposti, un esemplare di \u201cTelstar\u201d, prima serie di satelliti artificiali utilizzati nelle telecomunicazioni, come ad esempio per le trasmissioni televisive in diretta.<br \/>\nNelle Armerie \u00e8 invece di scena Arte Fantastica con opere, fra gli altri, di Dal\u00ec, Mir\u00f2, Ernst, Magritte, Crippa.<\/p>\n<hr \/>\n<p>During the second edition of the International Science Fiction Film Festival of Trieste, from 9 to 18 July, the filming of a documentary was made which will be presented on the San Giusto screen the following year with the title The Days of Monsters and Spaceships, by Italo Soncini.<br \/>\nThe Golden Asteroid is awarded to The Damned by Joseph Losey (GB).<br \/>\nThe exhibition Yesterday Science Fiction, Today Reality is set up in the small room of the Castle&#8217;s guardhouse by the USIS (United States Information Service). Among the jewels on display, an example of &#8220;Telstar&#8221;, the first series of artificial satellites used in telecommunications, such as for live television broadcasts.<br \/>\nIn the Armouries, Fantastic Art is on display with works by, among others, Dal\u00ec, Mir\u00f2, Ernst, Magritte, Crippa.[\/vc_column_text][vc_separator][vc_separator][\/vc_column_inner][\/vc_row_inner][vc_row_inner][vc_column_inner width=&#8221;1\/3&#8243;][vc_column_text]giuria \/ jury<\/p>\n<p><strong>Guido Fink<br \/>\nLibero Mazzi<br \/>\nJos\u00e8 M. Podest\u00e0<br \/>\nStelio Rosolini<br \/>\nSam\u2019l Steinmann<\/strong>[\/vc_column_text][\/vc_column_inner][vc_column_inner width=&#8221;2\/3&#8243;][vc_column_text el_id=&#8221;&#8221;]eventi \/ events<\/p>\n<p><strong>Ieri fantascienza, oggi realt\u00e0<\/strong><br \/>\nRetrospettiva internazionale del film di fantascienza_International Science-Fiction Film Retrospective<br \/>\n<strong>Arte fantastica<\/strong><br \/>\nMostra_Exihibiton[\/vc_column_text][\/vc_column_inner][\/vc_row_inner][\/vc_column][\/vc_row][vc_row][vc_column width=&#8221;1\/5&#8243; css=&#8221;.vc_custom_1680005606605{background-position: center !important;background-repeat: no-repeat !important;background-size: contain !important;}&#8221;][\/vc_column][vc_column width=&#8221;1\/5&#8243; css=&#8221;.vc_custom_1629202314924{background-image: url(https:\/\/sfft.noiza-assets.eu\/sfft\/2021\/08\/TSFF-laurel-web-ok.png) !important;background-position: center !important;background-repeat: no-repeat !important;background-size: contain !important;}&#8221;][vc_column_text]<\/p>\n<h5 style=\"text-align: center;\"><em>Astronave d&#8217;oro<\/em><br \/>\n<strong>The Damned<\/strong><br \/>\nJoseph Losey<\/h5>\n<p>[\/vc_column_text][\/vc_column][vc_column width=&#8221;1\/5&#8243; css=&#8221;.vc_custom_1629202323527{background-image: url(https:\/\/sfft.noiza-assets.eu\/sfft\/2021\/08\/TSFF-laurel-web-ok.png) !important;background-position: center !important;background-repeat: no-repeat !important;background-size: contain !important;}&#8221;][vc_column_text]<\/p>\n<h5 style=\"text-align: center;\"><em>Sigillo d&#8217;oro citt\u00e0 di Trieste<br \/>\n<\/em><strong>Popletema Planeta<\/strong><br \/>\nPavel Prochazha<\/h5>\n<p>[\/vc_column_text][\/vc_column][vc_column width=&#8221;1\/5&#8243; css=&#8221;.vc_custom_1629202331948{background-image: url(https:\/\/sfft.noiza-assets.eu\/sfft\/2021\/08\/TSFF-laurel-web-ok.png) !important;background-position: center !important;background-repeat: no-repeat !important;background-size: contain !important;}&#8221;][vc_column_text]<\/p>\n<h5 style=\"text-align: center;\"><em>Menzione speciale<br \/>\n<\/em><strong>Le premier pavillon<\/strong><br \/>\nJanusz Majewski<\/h5>\n<p>[\/vc_column_text][\/vc_column][vc_column width=&#8221;1\/5&#8243; css=&#8221;.vc_custom_1680005612876{background-position: center !important;background-repeat: no-repeat !important;background-size: contain !important;}&#8221;][\/vc_column][\/vc_row][vc_row css=&#8221;.vc_custom_1680002006820{margin-top: 10px !important;}&#8221;][vc_column][vc_row_inner][vc_column_inner][vc_separator color=&#8221;black&#8221;][\/vc_column_inner][\/vc_row_inner][vc_row_inner][vc_column_inner width=&#8221;1\/3&#8243;][vc_column_text]<\/p>\n<h4><a href=\"#feature\">Feature Film<\/a><\/h4>\n<p>[\/vc_column_text][\/vc_column_inner][vc_column_inner width=&#8221;1\/3&#8243;][vc_column_text]<\/p>\n<h4><a href=\"#shorts\">Fantastic Shorts<\/a><\/h4>\n<p>[\/vc_column_text][\/vc_column_inner][vc_column_inner width=&#8221;1\/3&#8243;][vc_column_text]<\/p>\n<h4><a href=\"#italia\">Retrospettiva<\/a><\/h4>\n<p>[\/vc_column_text][\/vc_column_inner][\/vc_row_inner][vc_separator color=&#8221;black&#8221;][\/vc_column][vc_column width=&#8221;1\/4&#8243;][vc_column_text]<\/p>\n<h3><a name=\"feature\"><\/a>Feature Film<\/h3>\n<p>[\/vc_column_text][vc_column_text]<\/p>\n<h5><strong><a href=\"https:\/\/www.sciencefictionfestival.org\/en\/film\/un-soir-par-hasard\/\">Agent of Doom<\/a><\/strong><br \/>\n[Un soir&#8230; par hasard]<br \/>\n\u2014 Ivan Govar<\/h5>\n<h5><strong><a href=\"https:\/\/www.sciencefictionfestival.org\/en\/film\/atragon\/\">Atragon<\/a><\/strong><br \/>\n[Kaitei gunkan]<br \/>\n\u2014 Ishir\u00f4 Honda<\/h5>\n<h5><strong><a href=\"https:\/\/www.sciencefictionfestival.org\/en\/film\/sojoux-111-terrore-su-venere\/\">Der schweigende Stern<\/a><\/strong><br \/>\n[Soyux-111 &#8211; Terrore su Venere]<br \/>\n\u2014 Kurt Maetzig<\/h5>\n<h5><strong><a href=\"https:\/\/www.sciencefictionfestival.org\/en\/film\/base-luna-chiama-terra\/\">First Men in the Moon<\/a><\/strong><br \/>\n[Base Luna chiama Terra]<br \/>\n\u2014 Nathan Juran<\/h5>\n<h5><strong><a href=\"https:\/\/www.sciencefictionfestival.org\/en\/film\/matango-il-mostro\/\">Matango<\/a><\/strong><br \/>\n[Matango il mostro]<br \/>\n\u2014 Ishir\u014d Honda<\/h5>\n<h5><strong><a href=\"https:\/\/www.sciencefictionfestival.org\/en\/film\/lastronave-atomica-del-dottor-quatermass\/\">Quatermass II<\/a><\/strong><br \/>\n[Quatermass II. I vampiri dello spazio]<br \/>\n\u2014 Val Guest<\/h5>\n<h5><strong><a href=\"https:\/\/www.sciencefictionfestival.org\/en\/film\/s-o-s-naufragio-nello-spazio\/\">Robinson Crusoe on Mars<\/a><\/strong><br \/>\n[S.O.S. Naufragio nello spazio]<br \/>\n\u2014 Byron Haskin<\/h5>\n<h5><strong><a href=\"https:\/\/www.sciencefictionfestival.org\/en\/film\/the-damned\/\">The Damned<\/a><\/strong><br \/>\n[Hallucination]<br \/>\n\u2014 Joseph Losey<\/h5>\n<h5><strong><a href=\"https:\/\/www.sciencefictionfestival.org\/en\/film\/steps-to-the-moon\/\">Steps to the Moon<\/a><\/strong><br \/>\n[Pasi Spre Luna]<br \/>\n\u2014 Ion Popescu-Gopo<\/h5>\n<h5><strong><a href=\"https:\/\/www.sciencefictionfestival.org\/en\/film\/viaggiatori-del-tempo\/\">The Time Travellers<\/a><\/strong><br \/>\n\u2014 Ib Melchior<\/h5>\n<p>[\/vc_column_text][\/vc_column][vc_column width=&#8221;3\/4&#8243;][vc_basic_grid post_type=&#8221;film&#8221; max_items=&#8221;-1&#8243; gap=&#8221;0&#8243; orderby=&#8221;title&#8221; order=&#8221;ASC&#8221; item=&#8221;43419&#8243; initial_loading_animation=&#8221;none&#8221; grid_id=&#8221;vc_gid:1705494686970-5a27d0e2-08e8-0&#8243; taxonomies=&#8221;262&#8243;][\/vc_column][\/vc_row][vc_row][vc_column][vc_separator color=&#8221;black&#8221;][\/vc_column][vc_column width=&#8221;1\/4&#8243;][vc_column_text]<\/p>\n<h3><a name=\"shorts\"><\/a>Shorts<\/h3>\n<p>[\/vc_column_text][\/vc_column][vc_column width=&#8221;1\/4&#8243;][vc_column_text]<\/p>\n<h5><strong>Hypothezy<\/strong><br \/>\n\u2014 V. Silhan<br \/>\nCzech 1964<\/h5>\n<h5><strong>Kosice<\/strong><br \/>\n\u2014 Alejandro Vignati<br \/>\nArgentina 1964<\/h5>\n<p>[\/vc_column_text][\/vc_column][vc_column width=&#8221;1\/4&#8243;][vc_column_text]<\/p>\n<h5><strong>Le premier pavillon<\/strong><br \/>\n[Pierwszy pawilon]<br \/>\n\u2014 Janusz Majewski<br \/>\nPoland 1968, 24&#8242;<\/h5>\n<h5><strong>The Puzzled Planet<\/strong><br \/>\n[Popletena Planeta]<br \/>\n\u2014 Pavel Prochazka<br \/>\nCzech 1964<\/h5>\n<p>[\/vc_column_text][\/vc_column][vc_column width=&#8221;1\/4&#8243;][\/vc_column][\/vc_row][vc_row][vc_column][vc_separator color=&#8221;black&#8221;][\/vc_column][vc_column width=&#8221;1\/4&#8243;][vc_column_text]<\/p>\n<h3><a name=\"shorts\"><\/a>Retrospettiva<\/h3>\n<p>[\/vc_column_text][\/vc_column][vc_column width=&#8221;1\/4&#8243;][vc_column_text]<\/p>\n<h5><strong>365 Days<\/strong><br \/>\n[L&#8217;H\u00e9ritage de Beaucitrom]<br \/>\n\u2014 Charley Chase<br \/>\nUSA 1922, 11&#8242;<\/h5>\n<h5><strong>Aelita Queen of Mars<\/strong><br \/>\n[Aelita]<br \/>\n\u2014 Yakov Protazanov<br \/>\nURSS 1924, 120&#8242;<\/h5>\n<h5><strong>Die Herrin von Atlantis<\/strong><br \/>\n[L&#8217;Atlantide]<br \/>\n\u2014 Georg Wilhelm Pabst<br \/>\nGermany 1932, 87&#8242;<\/h5>\n<h5><strong>Frau im Mond<\/strong><br \/>\n[Una donna nella luna]<br \/>\n\u2014 Fritz Lang<br \/>\nGermany 1928, 156&#8242;<\/h5>\n<p>[\/vc_column_text][\/vc_column][vc_column width=&#8221;1\/4&#8243;][vc_column_text]<\/p>\n<h5><strong>Godzilla<\/strong><br \/>\n[\u30b4\u30b8\u30e9 &#8211; Gojira]<br \/>\n\u2014 Ishir\u014d Honda<br \/>\nJapan 1954, 98&#8242;<\/h5>\n<h5><strong>L&#8217;homme invisible<\/strong><br \/>\n\u2014 Fratelli Path\u00e8<br \/>\nFrance 1964<\/h5>\n<h5><strong>L&#8217;Inhumaine<\/strong><br \/>\n[Futurismo]<br \/>\n\u2014 Marcel L&#8217;Herbier<br \/>\nFrancia 1924, 135&#8242;<\/h5>\n<h5><strong>La fin du monde<\/strong><br \/>\n[La fine del mondo]<br \/>\n\u2014 Abel Gance<br \/>\nFrance 1930, 105&#8242;<\/h5>\n<p>[\/vc_column_text][\/vc_column][vc_column width=&#8221;1\/4&#8243;][vc_column_text]<\/p>\n<h5><strong>Le tunnel sous la Manche<\/strong><br \/>\n\u2014 Georges M\u00e9li\u00e8s<br \/>\nFrance 1907<\/h5>\n<h5><strong>Le voyage dans la Lune<\/strong><br \/>\n\u2014 Fratelli Path\u00e8<br \/>\nFrance 1964<\/h5>\n<h5><strong>Le voyage dans la Lune<\/strong><br \/>\n\u2014 Georges M\u00e9li\u00e8s<br \/>\nFrance 1902<\/h5>\n<h5><strong>Many a Slip<\/strong><br \/>\n[Bricolo Inventeur]<br \/>\n\u2014 Charles R. Bowers<br \/>\nUSA 1927, 20&#8242;<\/h5>\n<p>[\/vc_column_text][\/vc_column][\/vc_row][vc_row][vc_column css=&#8221;.vc_custom_1629202815555{background-position: center !important;background-repeat: no-repeat !important;background-size: contain !important;}&#8221;][vc_empty_space][\/vc_column][\/vc_row]<\/p>\n<\/div>","protected":false},"excerpt":{"rendered":"<p>Festival Internazionale del Film di Fantascienza &#8211; Edizione II <a class=\"g1-link g1-link-more\" href=\"https:\/\/www.sciencefictionfestival.org\/en\/past-editions\/fiff-1964\/\">More<\/a><\/p>\n","protected":false},"author":1,"featured_media":43928,"parent":51773,"menu_order":0,"comment_status":"closed","ping_status":"closed","template":"g1-template-page-full.php","meta":{"cybocfi_hide_featured_image":"","footnotes":""},"categories":[631],"tags":[],"class_list":{"0":"post-53166","1":"page","2":"type-page","3":"status-publish","4":"has-post-thumbnail","6":"category-iff-archivi-en"},"yoast_head":"<!-- This site is optimized with the Yoast SEO plugin v27.1.1 - https:\/\/yoast.com\/product\/yoast-seo-wordpress\/ -->\n<title>Festival Internazionale del Film di Fantascienza 1964 - Trieste Science+Fiction Festival<\/title>\n<meta name=\"robots\" content=\"index, follow, max-snippet:-1, max-image-preview:large, max-video-preview:-1\" \/>\n<link rel=\"canonical\" href=\"https:\/\/www.sciencefictionfestival.org\/en\/past-editions\/fiff-1964\/\" \/>\n<meta property=\"og:locale\" content=\"en_US\" \/>\n<meta property=\"og:type\" content=\"article\" \/>\n<meta property=\"og:title\" content=\"Festival Internazionale del Film di Fantascienza 1964 - Trieste Science+Fiction Festival\" \/>\n<meta property=\"og:description\" content=\"Festival Internazionale del Film di Fantascienza - Edizione II More\" \/>\n<meta property=\"og:url\" content=\"https:\/\/www.sciencefictionfestival.org\/en\/past-editions\/fiff-1964\/\" \/>\n<meta property=\"og:site_name\" content=\"Trieste Science+Fiction Festival\" \/>\n<meta name=\"twitter:card\" content=\"summary_large_image\" \/>\n<meta name=\"twitter:label1\" content=\"Est. reading time\" \/>\n\t<meta name=\"twitter:data1\" content=\"5 minutes\" \/>\n<script type=\"application\/ld+json\" class=\"yoast-schema-graph\">{\"@context\":\"https:\/\/schema.org\",\"@graph\":[{\"@type\":\"WebPage\",\"@id\":\"https:\/\/www.sciencefictionfestival.org\/en\/past-editions\/fiff-1964\/\",\"url\":\"https:\/\/www.sciencefictionfestival.org\/en\/past-editions\/fiff-1964\/\",\"name\":\"Festival Internazionale del Film di Fantascienza 1964 - Trieste Science+Fiction Festival\",\"isPartOf\":{\"@id\":\"https:\/\/www.sciencefictionfestival.org\/#website\"},\"primaryImageOfPage\":{\"@id\":\"https:\/\/www.sciencefictionfestival.org\/en\/past-editions\/fiff-1964\/#primaryimage\"},\"image\":{\"@id\":\"https:\/\/www.sciencefictionfestival.org\/en\/past-editions\/fiff-1964\/#primaryimage\"},\"thumbnailUrl\":\"https:\/\/sfft.noiza-assets.eu\/sfft\/2023\/03\/1964_Cover-Archivio.jpg\",\"datePublished\":\"2014-08-04T08:28:24+00:00\",\"breadcrumb\":{\"@id\":\"https:\/\/www.sciencefictionfestival.org\/en\/past-editions\/fiff-1964\/#breadcrumb\"},\"inLanguage\":\"en-US\",\"potentialAction\":[{\"@type\":\"ReadAction\",\"target\":[\"https:\/\/www.sciencefictionfestival.org\/en\/past-editions\/fiff-1964\/\"]}]},{\"@type\":\"ImageObject\",\"inLanguage\":\"en-US\",\"@id\":\"https:\/\/www.sciencefictionfestival.org\/en\/past-editions\/fiff-1964\/#primaryimage\",\"url\":\"https:\/\/sfft.noiza-assets.eu\/sfft\/2023\/03\/1964_Cover-Archivio.jpg\",\"contentUrl\":\"https:\/\/sfft.noiza-assets.eu\/sfft\/2023\/03\/1964_Cover-Archivio.jpg\",\"width\":1000,\"height\":563},{\"@type\":\"BreadcrumbList\",\"@id\":\"https:\/\/www.sciencefictionfestival.org\/en\/past-editions\/fiff-1964\/#breadcrumb\",\"itemListElement\":[{\"@type\":\"ListItem\",\"position\":1,\"name\":\"Home\",\"item\":\"https:\/\/www.sciencefictionfestival.org\/en\/\"},{\"@type\":\"ListItem\",\"position\":2,\"name\":\"Past Editions\",\"item\":\"https:\/\/www.sciencefictionfestival.org\/en\/past-editions\/\"},{\"@type\":\"ListItem\",\"position\":3,\"name\":\"Festival Internazionale del Film di Fantascienza 1964\"}]},{\"@type\":\"WebSite\",\"@id\":\"https:\/\/www.sciencefictionfestival.org\/#website\",\"url\":\"https:\/\/www.sciencefictionfestival.org\/\",\"name\":\"Trieste Science+Fiction Festival\",\"description\":\"Festival della Fantascienza di Trieste\",\"potentialAction\":[{\"@type\":\"SearchAction\",\"target\":{\"@type\":\"EntryPoint\",\"urlTemplate\":\"https:\/\/www.sciencefictionfestival.org\/?s={search_term_string}\"},\"query-input\":{\"@type\":\"PropertyValueSpecification\",\"valueRequired\":true,\"valueName\":\"search_term_string\"}}],\"inLanguage\":\"en-US\"}]}<\/script>\n<!-- \/ Yoast SEO plugin. -->","yoast_head_json":{"title":"Festival Internazionale del Film di Fantascienza 1964 - Trieste Science+Fiction Festival","robots":{"index":"index","follow":"follow","max-snippet":"max-snippet:-1","max-image-preview":"max-image-preview:large","max-video-preview":"max-video-preview:-1"},"canonical":"https:\/\/www.sciencefictionfestival.org\/en\/past-editions\/fiff-1964\/","og_locale":"en_US","og_type":"article","og_title":"Festival Internazionale del Film di Fantascienza 1964 - Trieste Science+Fiction Festival","og_description":"Festival Internazionale del Film di Fantascienza - Edizione II More","og_url":"https:\/\/www.sciencefictionfestival.org\/en\/past-editions\/fiff-1964\/","og_site_name":"Trieste Science+Fiction Festival","twitter_card":"summary_large_image","twitter_misc":{"Est. reading time":"5 minutes"},"schema":{"@context":"https:\/\/schema.org","@graph":[{"@type":"WebPage","@id":"https:\/\/www.sciencefictionfestival.org\/en\/past-editions\/fiff-1964\/","url":"https:\/\/www.sciencefictionfestival.org\/en\/past-editions\/fiff-1964\/","name":"Festival Internazionale del Film di Fantascienza 1964 - Trieste Science+Fiction Festival","isPartOf":{"@id":"https:\/\/www.sciencefictionfestival.org\/#website"},"primaryImageOfPage":{"@id":"https:\/\/www.sciencefictionfestival.org\/en\/past-editions\/fiff-1964\/#primaryimage"},"image":{"@id":"https:\/\/www.sciencefictionfestival.org\/en\/past-editions\/fiff-1964\/#primaryimage"},"thumbnailUrl":"https:\/\/sfft.noiza-assets.eu\/sfft\/2023\/03\/1964_Cover-Archivio.jpg","datePublished":"2014-08-04T08:28:24+00:00","breadcrumb":{"@id":"https:\/\/www.sciencefictionfestival.org\/en\/past-editions\/fiff-1964\/#breadcrumb"},"inLanguage":"en-US","potentialAction":[{"@type":"ReadAction","target":["https:\/\/www.sciencefictionfestival.org\/en\/past-editions\/fiff-1964\/"]}]},{"@type":"ImageObject","inLanguage":"en-US","@id":"https:\/\/www.sciencefictionfestival.org\/en\/past-editions\/fiff-1964\/#primaryimage","url":"https:\/\/sfft.noiza-assets.eu\/sfft\/2023\/03\/1964_Cover-Archivio.jpg","contentUrl":"https:\/\/sfft.noiza-assets.eu\/sfft\/2023\/03\/1964_Cover-Archivio.jpg","width":1000,"height":563},{"@type":"BreadcrumbList","@id":"https:\/\/www.sciencefictionfestival.org\/en\/past-editions\/fiff-1964\/#breadcrumb","itemListElement":[{"@type":"ListItem","position":1,"name":"Home","item":"https:\/\/www.sciencefictionfestival.org\/en\/"},{"@type":"ListItem","position":2,"name":"Past Editions","item":"https:\/\/www.sciencefictionfestival.org\/en\/past-editions\/"},{"@type":"ListItem","position":3,"name":"Festival Internazionale del Film di Fantascienza 1964"}]},{"@type":"WebSite","@id":"https:\/\/www.sciencefictionfestival.org\/#website","url":"https:\/\/www.sciencefictionfestival.org\/","name":"Trieste Science+Fiction Festival","description":"Festival della Fantascienza di Trieste","potentialAction":[{"@type":"SearchAction","target":{"@type":"EntryPoint","urlTemplate":"https:\/\/www.sciencefictionfestival.org\/?s={search_term_string}"},"query-input":{"@type":"PropertyValueSpecification","valueRequired":true,"valueName":"search_term_string"}}],"inLanguage":"en-US"}]}},"wps_subtitle":"","_links":{"self":[{"href":"https:\/\/www.sciencefictionfestival.org\/en\/wp-json\/wp\/v2\/pages\/53166","targetHints":{"allow":["GET"]}}],"collection":[{"href":"https:\/\/www.sciencefictionfestival.org\/en\/wp-json\/wp\/v2\/pages"}],"about":[{"href":"https:\/\/www.sciencefictionfestival.org\/en\/wp-json\/wp\/v2\/types\/page"}],"author":[{"embeddable":true,"href":"https:\/\/www.sciencefictionfestival.org\/en\/wp-json\/wp\/v2\/users\/1"}],"replies":[{"embeddable":true,"href":"https:\/\/www.sciencefictionfestival.org\/en\/wp-json\/wp\/v2\/comments?post=53166"}],"version-history":[{"count":0,"href":"https:\/\/www.sciencefictionfestival.org\/en\/wp-json\/wp\/v2\/pages\/53166\/revisions"}],"up":[{"embeddable":true,"href":"https:\/\/www.sciencefictionfestival.org\/en\/wp-json\/wp\/v2\/pages\/51773"}],"wp:featuredmedia":[{"embeddable":true,"href":"https:\/\/www.sciencefictionfestival.org\/en\/wp-json\/wp\/v2\/media\/43928"}],"wp:attachment":[{"href":"https:\/\/www.sciencefictionfestival.org\/en\/wp-json\/wp\/v2\/media?parent=53166"}],"wp:term":[{"taxonomy":"category","embeddable":true,"href":"https:\/\/www.sciencefictionfestival.org\/en\/wp-json\/wp\/v2\/categories?post=53166"},{"taxonomy":"post_tag","embeddable":true,"href":"https:\/\/www.sciencefictionfestival.org\/en\/wp-json\/wp\/v2\/tags?post=53166"}],"curies":[{"name":"wp","href":"https:\/\/api.w.org\/{rel}","templated":true}]}}