{"id":53165,"date":"2014-08-04T10:12:30","date_gmt":"2014-08-04T08:12:30","guid":{"rendered":"https:\/\/www.sciencefictionfestival.org\/past-editions\/fiff-1963\/"},"modified":"2014-08-04T10:12:30","modified_gmt":"2014-08-04T08:12:30","slug":"fiff-1963","status":"publish","type":"page","link":"https:\/\/www.sciencefictionfestival.org\/en\/past-editions\/fiff-1963\/","title":{"rendered":"Festival Internazionale del Film di Fantascienza 1963"},"content":{"rendered":"<div class=\"wpb-content-wrapper\"><p>[vc_row][vc_column width=&#8221;1\/3&#8243;][vc_single_image image=&#8221;36366&#8243; img_size=&#8221;full&#8221;][\/vc_column][vc_column width=&#8221;2\/3&#8243;][vc_row_inner][vc_column_inner][vc_column_text el_id=&#8221;&#8221;]<\/p>\n<h3>6 \u2013 14 Luglio \/ July 1963<\/h3>\n<p>[\/vc_column_text][vc_separator][vc_column_text el_id=&#8221;&#8221;]\u00abIl futuro comincia stasera al Castello di San Giusto\u00bb e \u00abla Luna si eclissa per non oscurare le stelle del cinema\u00bb<br \/>\n(\u201cIl Piccolo sera\u201d, 6 luglio 1963)<\/p>\n<p>Un\u2019eclissi di Luna battezza il primo Festival Internazionale del Film di Fantascienza che si apre con una giuria internazionale d\u2019eccellenza: lo scrittore inglese Kingsley Amis, il corrispondente di \u201cVariety\u201d Gene Moskovitz, il direttore di \u201cPlan\u00e8te\u201d Jacques Bergier, il semiologo Umberto Eco, corrispondente per il \u201cCorriere della Sera\u201d e il regista francese Pierre Kast, Duilio Magris, presidente dell\u2019Azienda di Soggiorno e Turismo di Trieste organizzatrice dell\u2019evento, Gastone Schiavotto, direttore del Festival.<br \/>\nL\u2019<em>Astronave d\u2019oro<\/em>, realizzata dallo scultore triestino Marcello Mascherini, \u00e8 assegnata ex aequo ai film <strong>Ikarie XB 1<\/strong> di Jind\u0159ich Pol\u00e1k (Cecoslovacchia) e <strong>La Jet\u00e9e<\/strong> di Chris Marker (Francia). Il premio prender\u00e0 successivamente la nuova denominazione di<em> Asteroide d\u2019oro<\/em> e la sua esecuzione sar\u00e0 affidata a Nino Perizi.<br \/>\nAl Festival del 1963 viene presentato in anteprima mondiale a Trieste &#8211; e ottiene l\u2019<em>Astronave d\u2019argento<\/em> &#8211; il film di Roger Corman,<strong> L\u2019uomo dagli occhi a raggi X<\/strong>, accompagnato per l\u2019occasione dal produttore James H. Nicholson (padre di Jack) della statunitense AIP.<\/p>\n<hr \/>\n<p>\u00abThe future begins tonight at the Castle of San Giusto\u00bb and \u00abthe Moon is eclipsed so as not to obscure the movie stars\u00bb<br \/>\n(\u201cIl Piccolo sera\u201d, 6 July 1963)<br \/>\nA lunar eclipse christens the first International Science Fiction Film Festival which opens with an international jury of excellence: the English writer Kingsley Amis, the correspondent of &#8220;Variety&#8221; Gene Moskovitz, the director of &#8220;Plan\u00e8te&#8221; Jacques Bergier, the semiologist Umberto Eco, correspondent for the \u201cCorriere della Sera\u201d and the French director Pierre Kast, Duilio Magris, president of the Trieste Tourist Board and organizer of the event, Gastone Schiavotto, director of the Festival.<br \/>\nThe Golden Spaceship, created by the Trieste sculptor Marcello Mascherini, is awarded ex aequo to the films Ikarie XB 1 by Jind\u0159ich Pol\u00e1k (Czechoslovakia) and La Jet\u00e9e by Chris Marker (France). The prize will subsequently take the new name of Golden Asteroid and its execution will be entrusted to Nino Perizi.<br \/>\nAt the 1963 Festival, Roger Corman&#8217;s film The Man with the X-Ray Eyes was presented as a world premiere in Trieste &#8211; and obtained the Silver Spaceship &#8211; accompanied for the occasion by the producer James Jack) of the American AIP.[\/vc_column_text][vc_separator][\/vc_column_inner][\/vc_row_inner][vc_row_inner][vc_column_inner width=&#8221;1\/3&#8243;][vc_column_text]giuria \/ jury<\/p>\n<p><strong>Kingsley Amis<br \/>\nJaques Bergier<br \/>\nLuigi Berto<br \/>\nUmberto Eco<br \/>\nPierre Kast<\/strong><br \/>\n[\/vc_column_text][\/vc_column_inner][vc_column_inner width=&#8221;2\/3&#8243;][vc_column_text el_id=&#8221;&#8221;]eventi \/ events<\/p>\n<p><strong>Mostra internazionale del libro e del periodico di fantascienza<\/strong><br \/>\nMuseo storico del Castello di San Giusto<br \/>\n<strong>I problemi della fantascienza<\/strong><br \/>\nConvegno_Conference[\/vc_column_text][\/vc_column_inner][\/vc_row_inner][\/vc_column][\/vc_row][vc_row css=&#8221;.vc_custom_1676891548145{margin-top: 20px !important;}&#8221;][vc_column][vc_separator color=&#8221;black&#8221;][\/vc_column][\/vc_row][vc_row][vc_column width=&#8221;1\/4&#8243; css=&#8221;.vc_custom_1629202305260{background-image: url(https:\/\/sfft.noiza-assets.eu\/sfft\/2021\/08\/TSFF-laurel-web-ok.png) !important;background-position: center !important;background-repeat: no-repeat !important;background-size: contain !important;}&#8221;][vc_column_text]<\/p>\n<h5 style=\"text-align: center;\"><em>Astronave d&#8217;oro<\/em><br \/>\n<a href=\"https:\/\/www.sciencefictionfestival.org\/en\/film\/ikarie-xb-1\/\"><strong>Ikarie XB-1<\/strong><\/a><br \/>\nIndrik Polack<\/h5>\n<p>[\/vc_column_text][\/vc_column][vc_column width=&#8221;1\/4&#8243; css=&#8221;.vc_custom_1629202314924{background-image: url(https:\/\/sfft.noiza-assets.eu\/sfft\/2021\/08\/TSFF-laurel-web-ok.png) !important;background-position: center !important;background-repeat: no-repeat !important;background-size: contain !important;}&#8221;][vc_column_text]<\/p>\n<h5 style=\"text-align: center;\"><em>Astronave d&#8217;oro<\/em><br \/>\n<a href=\"https:\/\/www.sciencefictionfestival.org\/en\/film\/la-jetee\/\"><strong>La jet\u00e9e<\/strong><\/a><br \/>\nChris Marker<\/h5>\n<p>[\/vc_column_text][\/vc_column][vc_column width=&#8221;1\/4&#8243; css=&#8221;.vc_custom_1629202323527{background-image: url(https:\/\/sfft.noiza-assets.eu\/sfft\/2021\/08\/TSFF-laurel-web-ok.png) !important;background-position: center !important;background-repeat: no-repeat !important;background-size: contain !important;}&#8221;][vc_column_text]<\/p>\n<h5 style=\"text-align: center;\"><em>Sigillo d&#8217;oro citt\u00e0 di Trieste<br \/>\n<\/em><strong>Kiberneticka Babicka<\/strong><br \/>\nJiri Trnka<\/h5>\n<p>[\/vc_column_text][\/vc_column][vc_column width=&#8221;1\/4&#8243; css=&#8221;.vc_custom_1629202331948{background-image: url(https:\/\/sfft.noiza-assets.eu\/sfft\/2021\/08\/TSFF-laurel-web-ok.png) !important;background-position: center !important;background-repeat: no-repeat !important;background-size: contain !important;}&#8221;][vc_column_text]<\/p>\n<h5 style=\"text-align: center;\"><em>Astronave d&#8217;argento<br \/>\n<\/em><a href=\"https:\/\/www.sciencefictionfestival.org\/en\/film\/x-the-man-with-the-x-ray-eyes\/\"><strong>X: The Man with the X-ray Eyes<\/strong><\/a><br \/>\nRoger Corman<\/h5>\n<p>[\/vc_column_text][\/vc_column][\/vc_row][vc_row css=&#8221;.vc_custom_1680002006820{margin-top: 10px !important;}&#8221;][vc_column][vc_row_inner][vc_column_inner][vc_separator color=&#8221;black&#8221;][\/vc_column_inner][\/vc_row_inner][vc_row_inner][vc_column_inner width=&#8221;1\/3&#8243;][vc_column_text]<\/p>\n<h4><a href=\"#feature\">Feature Film<\/a><\/h4>\n<p>[\/vc_column_text][\/vc_column_inner][vc_column_inner width=&#8221;1\/3&#8243;][vc_column_text]<\/p>\n<h4><a href=\"#shorts\">Fantastic Shorts<\/a><\/h4>\n<p>[\/vc_column_text][\/vc_column_inner][vc_column_inner width=&#8221;1\/3&#8243;][\/vc_column_inner][\/vc_row_inner][vc_separator color=&#8221;black&#8221;][\/vc_column][vc_column width=&#8221;1\/4&#8243;][vc_column_text]<\/p>\n<h3><a name=\"feature\"><\/a>Feature Film<\/h3>\n<p>[\/vc_column_text][vc_column_text]<\/p>\n<h5><strong><a href=\"https:\/\/www.sciencefictionfestival.org\/en\/film\/the-amphibian-man\/\">The Amphibian Man<\/a><\/strong><br \/>\n[L&#8217;uomo Anfibio \/ \u0427\u0435\u043b\u043e\u0432\u0435\u043a-\u0430\u043c\u0444\u0438\u0431\u0438\u044f]<br \/>\n\u2014 Vladimir Chebotaryov+Gennadi Kazansky<\/h5>\n<h5><strong><a href=\"https:\/\/www.sciencefictionfestival.org\/en\/film\/attack-of-the-puppet-people\/\">Attack of Puppet People<\/a><\/strong><br \/>\n\u2014 Bert I. Gordon<\/h5>\n<h5><strong><a href=\"https:\/\/www.sciencefictionfestival.org\/en\/film\/ikarie-xb-1\/\">Ikarie XB 1<\/a><\/strong><br \/>\n\u2014 Jindrich Pol\u00e1k<\/h5>\n<h5><strong><a href=\"https:\/\/www.sciencefictionfestival.org\/en\/film\/journey-of-the-stars\/\">Journey of the Stars<\/a><\/strong><br \/>\n[Voyage to the Stars]<br \/>\n\u2014 John Wilson<\/h5>\n<h5><strong><a href=\"https:\/\/www.sciencefictionfestival.org\/en\/film\/muz-provniho-stoleti\/\">Man in Outer Space<\/a><\/strong><br \/>\n[L&#8217;uomo del primo secolo\/Mu\u017e z prvn\u00edho stolet\u00ed]<br \/>\n\u2014 Old\u0159ich Lipsk\u00fd<\/h5>\n<h5><strong>Master of Venus<\/strong><br \/>\n[I padroni di Venere]<br \/>\n\u2014 Ernest Morris<\/h5>\n<h5><strong><a href=\"https:\/\/www.sciencefictionfestival.org\/en\/film\/un-amour-de-poche\/\">Pocket Love<\/a><\/strong><br \/>\n[Un amour de poche]<br \/>\n\u2014 Pierre Kast<\/h5>\n<h5><strong><a href=\"https:\/\/www.sciencefictionfestival.org\/en\/la-jetee-chris-marker-2\/\">The Runway<\/a><\/strong><br \/>\n[La Jet\u00e9e]<br \/>\n\u2014 Chris Marker<\/h5>\n<h5><strong><a href=\"https:\/\/www.sciencefictionfestival.org\/en\/film\/x-the-man-with-the-x-ray-eyes\/\">X: The Man with the X-ray Eyes<\/a><\/strong><br \/>\n[X L&#8217;uomo dagli occhi a raggi X]<br \/>\n\u2014 Roger Corman<\/h5>\n<p>[\/vc_column_text][\/vc_column][vc_column width=&#8221;3\/4&#8243;][vc_basic_grid post_type=&#8221;film&#8221; max_items=&#8221;-1&#8243; gap=&#8221;0&#8243; orderby=&#8221;title&#8221; order=&#8221;ASC&#8221; item=&#8221;43419&#8243; initial_loading_animation=&#8221;none&#8221; grid_id=&#8221;vc_gid:1705494841184-06949b82-6f65-10&#8243; taxonomies=&#8221;260&#8243;][\/vc_column][\/vc_row][vc_row][vc_column][vc_separator color=&#8221;black&#8221;][\/vc_column][vc_column width=&#8221;1\/4&#8243;][vc_column_text]<\/p>\n<h3><a name=\"shorts\"><\/a>Shorts<\/h3>\n<p>[\/vc_column_text][\/vc_column][vc_column width=&#8221;1\/4&#8243;][vc_column_text]<\/p>\n<h5><strong>The Amateur of Cybernetics<\/strong><br \/>\n[Il dilettante di cibernetica \/ L&#8217;amateur de Cybernetique]<br \/>\n\u2014 Stefan Szwakopf<br \/>\nPoland 1963<\/h5>\n<h5><strong>The Cybernetic Grandmother<\/strong><br \/>\n[La nonna cibernetica \/ Kybernetick\u00e1 babicka]<br \/>\n\u2014 Jiri Trnka<br \/>\nCzech 1962, 20&#8242;<br \/>\n1963 Sigillo d&#8217;oro<\/h5>\n<h5><strong>Icarus, Montgolfier, Wright<\/strong><br \/>\n\u2014 Jules Engel<br \/>\nUSA 1962, 18&#8242;<\/h5>\n<p>[\/vc_column_text][\/vc_column][vc_column width=&#8221;1\/4&#8243;][vc_column_text]<\/p>\n<h5><strong>Little Island<\/strong><br \/>\n\u2014 Richard Williams<br \/>\nUK 1958, 15&#8242;<\/h5>\n<h5><strong>Moonstruck<\/strong><br \/>\n\u2014 John Halas<br \/>\n1960, 7&#8242;<\/h5>\n<h5><strong>Mr Robida, Time Prophet and Explorer<\/strong><br \/>\n[Monsieur Robida, proph\u00e8te et explorateur du temps]<br \/>\n\u2014 Pierre Kast<br \/>\nFrance 1954, 25&#8242;<\/h5>\n<p>[\/vc_column_text][\/vc_column][vc_column width=&#8221;1\/4&#8243;][vc_column_text]<\/p>\n<h5><strong>Le origini della fantascienza<\/strong><br \/>\n\u2014 Armando Silvestri + Cesare Falessi<br \/>\nItaly<\/h5>\n<h5><strong>The Space Twins<\/strong><br \/>\n[I fratelli celesti]<br \/>\n\u2014 Gostjev<br \/>\nURSS<\/h5>\n<h5><strong>The World of Little IG.<\/strong><br \/>\n\u2014 Frank Tipper<br \/>\nUK 1958, 8&#8242;<\/h5>\n<p>[\/vc_column_text][\/vc_column][\/vc_row][vc_row][vc_column css=&#8221;.vc_custom_1629202815555{background-position: center !important;background-repeat: no-repeat !important;background-size: contain !important;}&#8221;][vc_empty_space][\/vc_column][\/vc_row]<\/p>\n<\/div>","protected":false},"excerpt":{"rendered":"<p>Festival Internazionale del Film di Fantascienza &#8211; Edizione I <a class=\"g1-link g1-link-more\" href=\"https:\/\/www.sciencefictionfestival.org\/en\/past-editions\/fiff-1963\/\">More<\/a><\/p>\n","protected":false},"author":1,"featured_media":43924,"parent":51773,"menu_order":0,"comment_status":"closed","ping_status":"closed","template":"g1-template-page-full.php","meta":{"cybocfi_hide_featured_image":"","footnotes":""},"categories":[631],"tags":[],"class_list":{"0":"post-53165","1":"page","2":"type-page","3":"status-publish","4":"has-post-thumbnail","6":"category-iff-archivi-en"},"yoast_head":"<!-- This site is optimized with the Yoast SEO plugin v27.1.1 - https:\/\/yoast.com\/product\/yoast-seo-wordpress\/ -->\n<title>Festival Internazionale del Film di Fantascienza 1963 - Trieste Science+Fiction Festival<\/title>\n<meta name=\"robots\" content=\"index, follow, max-snippet:-1, max-image-preview:large, max-video-preview:-1\" \/>\n<link rel=\"canonical\" href=\"https:\/\/www.sciencefictionfestival.org\/en\/past-editions\/fiff-1963\/\" \/>\n<meta property=\"og:locale\" content=\"en_US\" \/>\n<meta property=\"og:type\" content=\"article\" \/>\n<meta property=\"og:title\" content=\"Festival Internazionale del Film di Fantascienza 1963 - Trieste Science+Fiction Festival\" \/>\n<meta property=\"og:description\" content=\"Festival Internazionale del Film di Fantascienza - Edizione I More\" \/>\n<meta property=\"og:url\" content=\"https:\/\/www.sciencefictionfestival.org\/en\/past-editions\/fiff-1963\/\" \/>\n<meta property=\"og:site_name\" content=\"Trieste Science+Fiction Festival\" \/>\n<meta name=\"twitter:card\" content=\"summary_large_image\" \/>\n<meta name=\"twitter:label1\" content=\"Est. reading time\" \/>\n\t<meta name=\"twitter:data1\" content=\"5 minutes\" \/>\n<script type=\"application\/ld+json\" class=\"yoast-schema-graph\">{\"@context\":\"https:\/\/schema.org\",\"@graph\":[{\"@type\":\"WebPage\",\"@id\":\"https:\/\/www.sciencefictionfestival.org\/en\/past-editions\/fiff-1963\/\",\"url\":\"https:\/\/www.sciencefictionfestival.org\/en\/past-editions\/fiff-1963\/\",\"name\":\"Festival Internazionale del Film di Fantascienza 1963 - Trieste Science+Fiction Festival\",\"isPartOf\":{\"@id\":\"https:\/\/www.sciencefictionfestival.org\/#website\"},\"primaryImageOfPage\":{\"@id\":\"https:\/\/www.sciencefictionfestival.org\/en\/past-editions\/fiff-1963\/#primaryimage\"},\"image\":{\"@id\":\"https:\/\/www.sciencefictionfestival.org\/en\/past-editions\/fiff-1963\/#primaryimage\"},\"thumbnailUrl\":\"https:\/\/sfft.noiza-assets.eu\/sfft\/2023\/03\/1963_Cover-Archivio.jpg\",\"datePublished\":\"2014-08-04T08:12:30+00:00\",\"breadcrumb\":{\"@id\":\"https:\/\/www.sciencefictionfestival.org\/en\/past-editions\/fiff-1963\/#breadcrumb\"},\"inLanguage\":\"en-US\",\"potentialAction\":[{\"@type\":\"ReadAction\",\"target\":[\"https:\/\/www.sciencefictionfestival.org\/en\/past-editions\/fiff-1963\/\"]}]},{\"@type\":\"ImageObject\",\"inLanguage\":\"en-US\",\"@id\":\"https:\/\/www.sciencefictionfestival.org\/en\/past-editions\/fiff-1963\/#primaryimage\",\"url\":\"https:\/\/sfft.noiza-assets.eu\/sfft\/2023\/03\/1963_Cover-Archivio.jpg\",\"contentUrl\":\"https:\/\/sfft.noiza-assets.eu\/sfft\/2023\/03\/1963_Cover-Archivio.jpg\",\"width\":1000,\"height\":563},{\"@type\":\"BreadcrumbList\",\"@id\":\"https:\/\/www.sciencefictionfestival.org\/en\/past-editions\/fiff-1963\/#breadcrumb\",\"itemListElement\":[{\"@type\":\"ListItem\",\"position\":1,\"name\":\"Home\",\"item\":\"https:\/\/www.sciencefictionfestival.org\/en\/\"},{\"@type\":\"ListItem\",\"position\":2,\"name\":\"Past Editions\",\"item\":\"https:\/\/www.sciencefictionfestival.org\/en\/past-editions\/\"},{\"@type\":\"ListItem\",\"position\":3,\"name\":\"Festival Internazionale del Film di Fantascienza 1963\"}]},{\"@type\":\"WebSite\",\"@id\":\"https:\/\/www.sciencefictionfestival.org\/#website\",\"url\":\"https:\/\/www.sciencefictionfestival.org\/\",\"name\":\"Trieste Science+Fiction Festival\",\"description\":\"Festival della Fantascienza di Trieste\",\"potentialAction\":[{\"@type\":\"SearchAction\",\"target\":{\"@type\":\"EntryPoint\",\"urlTemplate\":\"https:\/\/www.sciencefictionfestival.org\/?s={search_term_string}\"},\"query-input\":{\"@type\":\"PropertyValueSpecification\",\"valueRequired\":true,\"valueName\":\"search_term_string\"}}],\"inLanguage\":\"en-US\"}]}<\/script>\n<!-- \/ Yoast SEO plugin. -->","yoast_head_json":{"title":"Festival Internazionale del Film di Fantascienza 1963 - Trieste Science+Fiction Festival","robots":{"index":"index","follow":"follow","max-snippet":"max-snippet:-1","max-image-preview":"max-image-preview:large","max-video-preview":"max-video-preview:-1"},"canonical":"https:\/\/www.sciencefictionfestival.org\/en\/past-editions\/fiff-1963\/","og_locale":"en_US","og_type":"article","og_title":"Festival Internazionale del Film di Fantascienza 1963 - Trieste Science+Fiction Festival","og_description":"Festival Internazionale del Film di Fantascienza - Edizione I More","og_url":"https:\/\/www.sciencefictionfestival.org\/en\/past-editions\/fiff-1963\/","og_site_name":"Trieste Science+Fiction Festival","twitter_card":"summary_large_image","twitter_misc":{"Est. reading time":"5 minutes"},"schema":{"@context":"https:\/\/schema.org","@graph":[{"@type":"WebPage","@id":"https:\/\/www.sciencefictionfestival.org\/en\/past-editions\/fiff-1963\/","url":"https:\/\/www.sciencefictionfestival.org\/en\/past-editions\/fiff-1963\/","name":"Festival Internazionale del Film di Fantascienza 1963 - Trieste Science+Fiction Festival","isPartOf":{"@id":"https:\/\/www.sciencefictionfestival.org\/#website"},"primaryImageOfPage":{"@id":"https:\/\/www.sciencefictionfestival.org\/en\/past-editions\/fiff-1963\/#primaryimage"},"image":{"@id":"https:\/\/www.sciencefictionfestival.org\/en\/past-editions\/fiff-1963\/#primaryimage"},"thumbnailUrl":"https:\/\/sfft.noiza-assets.eu\/sfft\/2023\/03\/1963_Cover-Archivio.jpg","datePublished":"2014-08-04T08:12:30+00:00","breadcrumb":{"@id":"https:\/\/www.sciencefictionfestival.org\/en\/past-editions\/fiff-1963\/#breadcrumb"},"inLanguage":"en-US","potentialAction":[{"@type":"ReadAction","target":["https:\/\/www.sciencefictionfestival.org\/en\/past-editions\/fiff-1963\/"]}]},{"@type":"ImageObject","inLanguage":"en-US","@id":"https:\/\/www.sciencefictionfestival.org\/en\/past-editions\/fiff-1963\/#primaryimage","url":"https:\/\/sfft.noiza-assets.eu\/sfft\/2023\/03\/1963_Cover-Archivio.jpg","contentUrl":"https:\/\/sfft.noiza-assets.eu\/sfft\/2023\/03\/1963_Cover-Archivio.jpg","width":1000,"height":563},{"@type":"BreadcrumbList","@id":"https:\/\/www.sciencefictionfestival.org\/en\/past-editions\/fiff-1963\/#breadcrumb","itemListElement":[{"@type":"ListItem","position":1,"name":"Home","item":"https:\/\/www.sciencefictionfestival.org\/en\/"},{"@type":"ListItem","position":2,"name":"Past Editions","item":"https:\/\/www.sciencefictionfestival.org\/en\/past-editions\/"},{"@type":"ListItem","position":3,"name":"Festival Internazionale del Film di Fantascienza 1963"}]},{"@type":"WebSite","@id":"https:\/\/www.sciencefictionfestival.org\/#website","url":"https:\/\/www.sciencefictionfestival.org\/","name":"Trieste Science+Fiction Festival","description":"Festival della Fantascienza di Trieste","potentialAction":[{"@type":"SearchAction","target":{"@type":"EntryPoint","urlTemplate":"https:\/\/www.sciencefictionfestival.org\/?s={search_term_string}"},"query-input":{"@type":"PropertyValueSpecification","valueRequired":true,"valueName":"search_term_string"}}],"inLanguage":"en-US"}]}},"wps_subtitle":"","_links":{"self":[{"href":"https:\/\/www.sciencefictionfestival.org\/en\/wp-json\/wp\/v2\/pages\/53165","targetHints":{"allow":["GET"]}}],"collection":[{"href":"https:\/\/www.sciencefictionfestival.org\/en\/wp-json\/wp\/v2\/pages"}],"about":[{"href":"https:\/\/www.sciencefictionfestival.org\/en\/wp-json\/wp\/v2\/types\/page"}],"author":[{"embeddable":true,"href":"https:\/\/www.sciencefictionfestival.org\/en\/wp-json\/wp\/v2\/users\/1"}],"replies":[{"embeddable":true,"href":"https:\/\/www.sciencefictionfestival.org\/en\/wp-json\/wp\/v2\/comments?post=53165"}],"version-history":[{"count":0,"href":"https:\/\/www.sciencefictionfestival.org\/en\/wp-json\/wp\/v2\/pages\/53165\/revisions"}],"up":[{"embeddable":true,"href":"https:\/\/www.sciencefictionfestival.org\/en\/wp-json\/wp\/v2\/pages\/51773"}],"wp:featuredmedia":[{"embeddable":true,"href":"https:\/\/www.sciencefictionfestival.org\/en\/wp-json\/wp\/v2\/media\/43924"}],"wp:attachment":[{"href":"https:\/\/www.sciencefictionfestival.org\/en\/wp-json\/wp\/v2\/media?parent=53165"}],"wp:term":[{"taxonomy":"category","embeddable":true,"href":"https:\/\/www.sciencefictionfestival.org\/en\/wp-json\/wp\/v2\/categories?post=53165"},{"taxonomy":"post_tag","embeddable":true,"href":"https:\/\/www.sciencefictionfestival.org\/en\/wp-json\/wp\/v2\/tags?post=53165"}],"curies":[{"name":"wp","href":"https:\/\/api.w.org\/{rel}","templated":true}]}}