{"id":53162,"date":"2025-04-03T10:29:37","date_gmt":"2025-04-03T08:29:37","guid":{"rendered":"https:\/\/www.sciencefictionfestival.org\/past-editions\/festival-internazionale-del-film-di-fantascienza-1973\/"},"modified":"2025-04-03T10:35:48","modified_gmt":"2025-04-03T08:35:48","slug":"festival-internazionale-del-film-di-fantascienza-1973","status":"publish","type":"page","link":"https:\/\/www.sciencefictionfestival.org\/en\/past-editions\/festival-internazionale-del-film-di-fantascienza-1973\/","title":{"rendered":"Festival Internazionale del Film di Fantascienza 1973"},"content":{"rendered":"<div class=\"wpb-content-wrapper\"><p>[vc_row][vc_column width=&#8221;1\/3&#8243;][vc_single_image image=&#8221;38806&#8243; img_size=&#8221;full&#8221;][\/vc_column][vc_column width=&#8221;2\/3&#8243;][vc_row_inner][vc_column_inner][vc_column_text]<\/p>\n<h3>7\u201414 Luglio 1973<\/h3>\n<p>[\/vc_column_text][vc_separator][vc_column_text el_id=&#8221;&#8221;]<strong>Un amore pi\u00f9 strano di King Kong<\/strong><br \/>\nSchlock di John Landis, acuta satira in salsa fantascientifica della societ\u00e0 dei consumi, vince l\u2019Asteroide d\u2019oro per l\u2019edizione 1973. Ironizzando sui film di orrore e fantascienza, Landis evoca King Kong facendo innamorare lo scimmiesco Schlock della giovane Mindy.<\/p>\n<hr \/>\n<p><strong>A love stranger than King Kong<\/strong><br \/>\nSchlock by John Landis, a sharp science fiction satire of consumer society, wins the Golden Asteroid for the 1973 edition. Ironically on horror and science fiction films, Landis evokes King Kong by making young Mindy fall in love with the simian Schlock.[\/vc_column_text][vc_separator][\/vc_column_inner][\/vc_row_inner][vc_row_inner][vc_column_inner width=&#8221;1\/3&#8243;][vc_column_text el_id=&#8221;&#8221;]giuria \/ jury<\/p>\n<p><strong>Luciano Budigna<br \/>\nNelly Kaplan<br \/>\nLajos Matos<br \/>\nDavid Overbay<br \/>\nRicardo Salvat<\/strong>[\/vc_column_text][\/vc_column_inner][vc_column_inner width=&#8221;2\/3&#8243;][vc_column_text el_id=&#8221;&#8221;]eventi \/ events<\/p>\n<p><strong>Fantapittura. Enrico Prampolini<\/strong><br \/>\nMostra personale_Solo exhibition<br \/>\n<strong>Omaggio a Nicolaus Copernicus per i 500 anni dalla sua nascita<\/strong><br \/>\nTavola rotonda_Roundtable<br \/>\n<strong>Dal Golem al Robot<\/strong><br \/>\nRetrospettiva_Retrospective[\/vc_column_text][\/vc_column_inner][\/vc_row_inner][\/vc_column][\/vc_row][vc_row css=&#8221;.vc_custom_1676891548145{margin-top: 20px !important;}&#8221;][vc_column][vc_separator color=&#8221;black&#8221;][\/vc_column][\/vc_row][vc_row][vc_column width=&#8221;1\/4&#8243; css=&#8221;.vc_custom_1680690289902{background-image: url(https:\/\/sfft.noiza-assets.eu\/sfft\/2021\/08\/TSFF-laurel-web-ok.png) !important;background-position: center !important;background-repeat: no-repeat !important;background-size: contain !important;}&#8221;][vc_column_text]<\/p>\n<h5 style=\"text-align: center;\"><em>Asteroide d&#8217;oro<\/em><br \/>\n<strong>Schlock<\/strong><br \/>\nJohn Landis<\/h5>\n<p>[\/vc_column_text][\/vc_column][vc_column width=&#8221;1\/4&#8243; css=&#8221;.vc_custom_1629202314924{background-image: url(https:\/\/sfft.noiza-assets.eu\/sfft\/2021\/08\/TSFF-laurel-web-ok.png) !important;background-position: center !important;background-repeat: no-repeat !important;background-size: contain !important;}&#8221;][vc_column_text]<\/p>\n<h5 style=\"text-align: center;\"><em>Asteroide d\u2019argento Miglior attore<br \/>\n<\/em><strong>John Steiner<\/strong><br \/>\nin Rads 1001<\/h5>\n<p>[\/vc_column_text][\/vc_column][vc_column width=&#8221;1\/4&#8243; css=&#8221;.vc_custom_1629202323527{background-image: url(https:\/\/sfft.noiza-assets.eu\/sfft\/2021\/08\/TSFF-laurel-web-ok.png) !important;background-position: center !important;background-repeat: no-repeat !important;background-size: contain !important;}&#8221;][vc_column_text]<\/p>\n<h5 style=\"text-align: center;\"><em>Asteroide d\u2019argento Miglior attrice<br \/>\n<\/em><strong>Susan Hampshire<\/strong><br \/>\nin Malpertius<\/h5>\n<p>[\/vc_column_text][\/vc_column][vc_column width=&#8221;1\/4&#8243; css=&#8221;.vc_custom_1629202331948{background-image: url(https:\/\/sfft.noiza-assets.eu\/sfft\/2021\/08\/TSFF-laurel-web-ok.png) !important;background-position: center !important;background-repeat: no-repeat !important;background-size: contain !important;}&#8221;][vc_column_text]<\/p>\n<h5 style=\"text-align: center;\"><em>Sigillo d\u2019oro<br \/>\n<\/em><strong>The Corridor<\/strong><br \/>\nJerzy Kopczynski<\/h5>\n<p>[\/vc_column_text][\/vc_column][\/vc_row][vc_row][vc_column width=&#8221;1\/4&#8243; css=&#8221;.vc_custom_1705402965840{background-position: center !important;background-repeat: no-repeat !important;background-size: contain !important;}&#8221;][\/vc_column][vc_column width=&#8221;1\/4&#8243; css=&#8221;.vc_custom_1629202314924{background-image: url(https:\/\/sfft.noiza-assets.eu\/sfft\/2021\/08\/TSFF-laurel-web-ok.png) !important;background-position: center !important;background-repeat: no-repeat !important;background-size: contain !important;}&#8221;][vc_column_text]<\/p>\n<h5 style=\"text-align: center;\"><em>Premi speciali della giuria<br \/>\n<\/em><strong>La plan\u00e8te sauvage<\/strong><br \/>\nRen\u00e9 Laloux<\/h5>\n<p>[\/vc_column_text][\/vc_column][vc_column width=&#8221;1\/4&#8243; css=&#8221;.vc_custom_1629202323527{background-image: url(https:\/\/sfft.noiza-assets.eu\/sfft\/2021\/08\/TSFF-laurel-web-ok.png) !important;background-position: center !important;background-repeat: no-repeat !important;background-size: contain !important;}&#8221;][vc_column_text]<\/p>\n<h5 style=\"text-align: center;\"><em>Premi speciali della giuria<br \/>\n<\/em><strong>Tup Tup<\/strong><br \/>\nNedeljko Dragi\u0107<\/h5>\n<p>[\/vc_column_text][\/vc_column][vc_column width=&#8221;1\/4&#8243; css=&#8221;.vc_custom_1705402959435{background-position: center !important;background-repeat: no-repeat !important;background-size: contain !important;}&#8221;][\/vc_column][\/vc_row][vc_row css=&#8221;.vc_custom_1680002006820{margin-top: 10px !important;}&#8221;][vc_column][vc_row_inner][vc_column_inner][vc_separator color=&#8221;black&#8221;][\/vc_column_inner][\/vc_row_inner][vc_row_inner][vc_column_inner width=&#8221;1\/4&#8243;][vc_column_text]<\/p>\n<h4><a href=\"#feature\">Feature Film<\/a><\/h4>\n<p>[\/vc_column_text][\/vc_column_inner][vc_column_inner width=&#8221;1\/4&#8243;][vc_column_text]<\/p>\n<h4><a href=\"#shorts\">Fantastic Shorts<\/a><\/h4>\n<p>[\/vc_column_text][\/vc_column_inner][vc_column_inner width=&#8221;1\/4&#8243;][vc_column_text]<\/p>\n<h4><a href=\"#retro\">Retrospettiva<\/a><\/h4>\n<p>[\/vc_column_text][\/vc_column_inner][vc_column_inner width=&#8221;1\/4&#8243;][vc_column_text]<\/p>\n<h4><a href=\"#scienza\">Scientifici<\/a><\/h4>\n<p>[\/vc_column_text][\/vc_column_inner][\/vc_row_inner][vc_separator color=&#8221;black&#8221;][\/vc_column][vc_column width=&#8221;1\/4&#8243;][vc_column_text]<\/p>\n<h3><a name=\"feature\"><\/a>Feature Film<\/h3>\n<p>[\/vc_column_text][vc_column_text el_id=&#8221;&#8221;]<\/p>\n<h5><a href=\"https:\/\/www.sciencefictionfestival.org\/film\/akce-bororo-otakar-fuka\/\"><strong>Akce Bororo<\/strong><\/a><br \/>\n\u2014 Otakar Fuka<\/h5>\n<h5><a href=\"https:\/\/www.sciencefictionfestival.org\/film\/baba-yaga-corrado-farina\/\"><strong>Baba Yaga<\/strong><\/a><br \/>\n\u2014 Corrado Farina<\/h5>\n<h5><a href=\"https:\/\/www.sciencefictionfestival.org\/film\/anno-2670-ultimo-atto-j-lee-thompson\/\"><strong>Battle for the Planet of the Apes<\/strong><\/a><br \/>\n[Anno 2670 &#8211; Ultimo atto]<br \/>\n\u2014 J. Lee Thompson<\/h5>\n<h5><a href=\"https:\/\/www.sciencefictionfestival.org\/film\/eolomea-la-sirena-delle-stelle-herrmann-zschoche\/\"><strong>Eolomea<\/strong><\/a><br \/>\n[Eolomea &#8211; La sirena delle stelle]<br \/>\n\u2014 Herrmann Zschoche<\/h5>\n<h5><a href=\"https:\/\/www.sciencefictionfestival.org\/film\/the-sannikov-land-albert-s-mkrtchyan-leonid-popov\/\"><strong>The Land of Sannikov<\/strong><\/a><br \/>\n[3\u0435\u043c\u043b\u044f \u0421\u0430\u043d\u043d\u0438\u043a\u043e\u0432\u0430 &#8211; Zemlya Sannikova]<br \/>\n\u2014 Albert Mkrtchyan,<br \/>\nLeonid Popov<\/h5>\n<h5><strong>Leonardo&#8217;s Diary<\/strong><br \/>\n\u2014 Jan \u0160vankmajer<\/h5>\n<h5><a href=\"https:\/\/www.sciencefictionfestival.org\/film\/malpertuis-harry-kumel\/\"><strong>Malpertuis<\/strong><\/a><br \/>\n\u2014 Harry K\u00fcmel<\/h5>\n<h5><a href=\"https:\/\/www.sciencefictionfestival.org\/film\/il-pianeta-selvaggio-rene-laloux\/\"><strong>La plan\u00e8te sauvage<\/strong><\/a><br \/>\n[Il pianeta selvaggio]<br \/>\n\u2014 Ren\u00e9 Laloux<\/h5>\n<h5><a href=\"https:\/\/www.sciencefictionfestival.org\/film\/slok-john-landis\/\"><strong>Schlock<\/strong><\/a><br \/>\n[Slok]<br \/>\n\u2014 John Landis<\/h5>\n<h5><a href=\"https:\/\/www.sciencefictionfestival.org\/film\/2022-i-sopravvissuti-richard-fleischer\/\"><strong>Soylent Green<\/strong><\/a><br \/>\n[2022: i sopravvissuti]<br \/>\n\u2014 Richard Fleischer<\/h5>\n<h5><a href=\"https:\/\/www.sciencefictionfestival.org\/film\/third-after-the-sun-gueorgui-stoyanov\/\"><strong>Third After the Sun<\/strong><\/a><br \/>\n[Treta sled slantzeto]<br \/>\n\u2014 Gueorgui Stoyanov<\/h5>\n<p>[\/vc_column_text][\/vc_column][vc_column width=&#8221;3\/4&#8243;][vc_basic_grid post_type=&#8221;film&#8221; max_items=&#8221;-1&#8243; gap=&#8221;0&#8243; orderby=&#8221;title&#8221; order=&#8221;ASC&#8221; item=&#8221;43419&#8243; initial_loading_animation=&#8221;none&#8221; grid_id=&#8221;vc_gid:1705490000024-a67d0321-da0e-4&#8243; taxonomies=&#8221;264&#8243;][\/vc_column][\/vc_row][vc_row][vc_column][vc_separator color=&#8221;black&#8221;][\/vc_column][vc_column width=&#8221;1\/4&#8243;][vc_column_text]<\/p>\n<h3><a name=\"shorts\"><\/a>Shorts<\/h3>\n<p>[\/vc_column_text][\/vc_column][vc_column width=&#8221;1\/4&#8243;][vc_column_text]<\/p>\n<h5><strong>Astralis<\/strong><br \/>\n\u2014 Rudolf Boro\u0161ak<br \/>\nYugoslavia, 1972, 2&#8242;<\/h5>\n<h5><strong>Blue Planet<\/strong><br \/>\n\u2014 Clayton Edwards<br \/>\nUSA, 28&#8242;<\/h5>\n<h5><strong>The Corridor<\/strong><br \/>\n[Korytarz]<br \/>\n\u2014 Jerzy Kopczynski<br \/>\nPoland, 1972, 5&#8242;<\/h5>\n<h5><strong>Fantapittura di Prampolini<\/strong><br \/>\n\u2014 Carlo Di Carlo<br \/>\nItaly, 1972, 12&#8242;<\/h5>\n<p>[\/vc_column_text][\/vc_column][vc_column width=&#8221;1\/4&#8243;][vc_column_text]<\/p>\n<h5><strong>Incontro con le stazioni Marte 1 e Marte 2<\/strong><br \/>\n\u2014 Rodicev<br \/>\nURSS, 20&#8242;<\/h5>\n<h5><strong>Isabelle et la locomotive \u00e0 vapeur<\/strong><br \/>\n\u2014 Patrick Ledoux<br \/>\nBelgium, 1973, 25&#8242;<\/h5>\n<h5><strong>Rads 1001<\/strong><br \/>\n\u2014 Giorgio Treves<br \/>\nItaly, 1973, 25&#8242;<\/h5>\n<h5><strong>Le registrement<\/strong><br \/>\n\u2014 Pierre Chabartier<br \/>\nFrance, 37&#8242;<\/h5>\n<p>[\/vc_column_text][\/vc_column][vc_column width=&#8221;1\/4&#8243;][vc_column_text]<\/p>\n<h5><strong>Sz\u00e9p \u00faj vil\u00e1g<\/strong><br \/>\n\u2014 G\u00e1bor Vit\u00e9z<br \/>\nHungary, 11&#8242;<\/h5>\n<h5><strong>Tup Tup<\/strong><br \/>\n\u2014 Nedeljko Dragi\u0107<br \/>\nYugoslavia, Italy, 1972, 10&#8242;<\/h5>\n<h5><strong>Umanomeno<\/strong><br \/>\n\u2014 Magdalo Mussio<br \/>\nItaly, 1972, 10&#8242;<\/h5>\n<h5><strong>Utopia<\/strong><br \/>\n[Utopija]<br \/>\n\u2014 Boris Kolar<br \/>\nYugoslavia, 1973, 9&#8242;<\/h5>\n<h5><strong>Vigilando reprimere<\/strong><br \/>\n\u2014 Alberto Grifi<br \/>\nItaly, 1972, 25&#8242;<\/h5>\n<p>[\/vc_column_text][\/vc_column][\/vc_row][vc_row][vc_column][vc_separator color=&#8221;black&#8221;][\/vc_column][vc_column width=&#8221;1\/4&#8243;][vc_column_text]<\/p>\n<h3><a name=\"retro\"><\/a>Retrospettiva<\/h3>\n<p>[\/vc_column_text][\/vc_column][vc_column width=&#8221;1\/4&#8243;][vc_column_text]<\/p>\n<h5><strong>Dal Golem al Robot<\/strong><\/h5>\n<p>[\/vc_column_text][\/vc_column][vc_column width=&#8221;1\/4&#8243;][vc_column_text]<\/p>\n<h5><strong>Brazil 2000<\/strong><br \/>\n\u2014 Walter Lima<br \/>\nBrazil<\/h5>\n<h5><strong>Das Rote Gestein<\/strong><br \/>\n\u2014 Renout, Mayer<br \/>\nGermany<\/h5>\n<h5><strong>Der Golem<\/strong><br \/>\n\u2014 Paul Wegener,<br \/>\nHenrik Galeen<br \/>\nGermany, 1914, 60&#8242;<\/h5>\n<h5><strong>The Great Gabbo<\/strong><br \/>\n\u2014 James Cruze<br \/>\nUSA, 1929, 94&#8242;<\/h5>\n<h5><strong>Die puppe<\/strong><br \/>\n\u2014 Ernst Lubitsch<br \/>\nGermany, 1919, 64&#8242;<\/h5>\n<p>[\/vc_column_text][\/vc_column][vc_column width=&#8221;1\/4&#8243;][vc_column_text]<\/p>\n<h5><strong>Homunculus 4 Teil Die Rache des Homunculus<\/strong><br \/>\n\u2014 Otto Rippert<br \/>\nGermany, 1917, 68&#8242;<\/h5>\n<h5><strong>Metropolis<\/strong><br \/>\n\u2014 Fritz Lang<br \/>\nGermany, 1927, 87&#8217;\/153&#8242;<\/h5>\n<h5><strong>La poup\u00e9e<\/strong><br \/>\n\u2014 Louis Lumi\u00e8re<br \/>\nFrance, 1897, 3&#8242;<\/h5>\n<h5><strong>The visitors<\/strong><br \/>\n\u2014 Richard Harkness<br \/>\nUSA<\/h5>\n<p>[\/vc_column_text][\/vc_column][\/vc_row][vc_row][vc_column][vc_separator color=&#8221;black&#8221;][\/vc_column][vc_column width=&#8221;1\/4&#8243;][vc_column_text]<\/p>\n<h3><a name=\"scienza\"><\/a>Documentari Scientifici<\/h3>\n<p>[\/vc_column_text][\/vc_column][vc_column width=&#8221;1\/4&#8243;][vc_column_text]<\/p>\n<h5><strong>Le alghe blu attaccano il pianeta<\/strong><br \/>\n\u2014 A. Socolov<br \/>\nURSS, 25&#8242;<\/h5>\n<h5><strong>Apollo 17<\/strong><br \/>\n\u2014 NASA<br \/>\nUSA, 1972, 20&#8242;<\/h5>\n<h5><strong>C-10-3 Ricordo 2001: A space Odyssey<\/strong><br \/>\n\u2014 I. L. Galeta<br \/>\nYugoslavia, 10&#8242;<\/h5>\n<h5><strong>Computer Color Generations<\/strong><br \/>\n\u2014 Mario S. Balibrera<br \/>\nUSA, 23&#8242;<\/h5>\n<p>[\/vc_column_text][\/vc_column][vc_column width=&#8221;1\/4&#8243;][vc_column_text]<\/p>\n<h5><strong>Deeply Submerged Terraces<\/strong><br \/>\n\u2014 Max Hutto<br \/>\nUSA, 18&#8242;<\/h5>\n<h5><strong>Deep Ops<\/strong><br \/>\n\u2014 Max Hutto<br \/>\nUSA, 14&#8242;<\/h5>\n<h5><strong>Flare<\/strong><br \/>\n\u2014 MCAA<br \/>\nUSA, 14&#8242;<\/h5>\n<h5><strong>Macka<\/strong><br \/>\n\u2014 Zlatko Bourek<br \/>\nYugoslavia, 1971, 10&#8242;<\/h5>\n<p>[\/vc_column_text][\/vc_column][vc_column width=&#8221;1\/4&#8243;][vc_column_text]<\/p>\n<h5><strong>New View of Space<\/strong><br \/>\n\u2014 Clayton Edwards<br \/>\nUSA, 28&#8242;<\/h5>\n<h5><strong>La scoperta del professor Alexandrov<\/strong><br \/>\n\u2014 V. Zucherman<br \/>\nURSS, 10&#8242;<\/h5>\n<h5><strong>Verso la stella mattutina<\/strong><br \/>\n\u2014 D. Codicev<br \/>\nURSS, 25&#8242;<\/h5>\n<p>[\/vc_column_text][\/vc_column][\/vc_row][vc_row][vc_column css=&#8221;.vc_custom_1629202815555{background-position: center !important;background-repeat: no-repeat !important;background-size: contain !important;}&#8221;][vc_empty_space][\/vc_column][\/vc_row]<\/p>\n<\/div>","protected":false},"excerpt":{"rendered":"<p>Festival Internazionale del Film di Fantascienza &#8211; Edizione XI <a class=\"g1-link g1-link-more\" href=\"https:\/\/www.sciencefictionfestival.org\/en\/past-editions\/festival-internazionale-del-film-di-fantascienza-1973\/\">More<\/a><\/p>\n","protected":false},"author":1,"featured_media":45767,"parent":51773,"menu_order":0,"comment_status":"closed","ping_status":"closed","template":"g1-template-page-full.php","meta":{"cybocfi_hide_featured_image":"","footnotes":""},"categories":[631],"tags":[],"class_list":{"0":"post-53162","1":"page","2":"type-page","3":"status-publish","4":"has-post-thumbnail","6":"category-iff-archivi-en"},"yoast_head":"<!-- This site is optimized with the Yoast SEO plugin v27.1.1 - https:\/\/yoast.com\/product\/yoast-seo-wordpress\/ -->\n<title>Festival Internazionale del Film di Fantascienza 1973 - Trieste Science+Fiction Festival<\/title>\n<meta name=\"robots\" content=\"index, follow, max-snippet:-1, max-image-preview:large, max-video-preview:-1\" \/>\n<link rel=\"canonical\" href=\"https:\/\/www.sciencefictionfestival.org\/en\/past-editions\/festival-internazionale-del-film-di-fantascienza-1973\/\" \/>\n<meta property=\"og:locale\" content=\"en_US\" \/>\n<meta property=\"og:type\" content=\"article\" \/>\n<meta property=\"og:title\" content=\"Festival Internazionale del Film di Fantascienza 1973 - Trieste Science+Fiction Festival\" \/>\n<meta property=\"og:description\" content=\"Festival Internazionale del Film di Fantascienza - Edizione XI More\" \/>\n<meta property=\"og:url\" content=\"https:\/\/www.sciencefictionfestival.org\/en\/past-editions\/festival-internazionale-del-film-di-fantascienza-1973\/\" \/>\n<meta property=\"og:site_name\" content=\"Trieste Science+Fiction Festival\" \/>\n<meta property=\"article:modified_time\" content=\"2025-04-03T08:35:48+00:00\" \/>\n<meta property=\"og:image\" content=\"https:\/\/www.sciencefictionfestival.org\/wp-content\/uploads\/2024\/01\/1973_Cover-Archivio.jpg\" \/>\n\t<meta property=\"og:image:width\" content=\"1000\" \/>\n\t<meta property=\"og:image:height\" content=\"563\" \/>\n\t<meta property=\"og:image:type\" content=\"image\/jpeg\" \/>\n<meta name=\"twitter:card\" content=\"summary_large_image\" \/>\n<meta name=\"twitter:label1\" content=\"Est. reading time\" \/>\n\t<meta name=\"twitter:data1\" content=\"6 minutes\" \/>\n<script type=\"application\/ld+json\" class=\"yoast-schema-graph\">{\"@context\":\"https:\/\/schema.org\",\"@graph\":[{\"@type\":\"WebPage\",\"@id\":\"https:\/\/www.sciencefictionfestival.org\/en\/past-editions\/festival-internazionale-del-film-di-fantascienza-1973\/\",\"url\":\"https:\/\/www.sciencefictionfestival.org\/en\/past-editions\/festival-internazionale-del-film-di-fantascienza-1973\/\",\"name\":\"Festival Internazionale del Film di Fantascienza 1973 - Trieste Science+Fiction Festival\",\"isPartOf\":{\"@id\":\"https:\/\/www.sciencefictionfestival.org\/#website\"},\"primaryImageOfPage\":{\"@id\":\"https:\/\/www.sciencefictionfestival.org\/en\/past-editions\/festival-internazionale-del-film-di-fantascienza-1973\/#primaryimage\"},\"image\":{\"@id\":\"https:\/\/www.sciencefictionfestival.org\/en\/past-editions\/festival-internazionale-del-film-di-fantascienza-1973\/#primaryimage\"},\"thumbnailUrl\":\"https:\/\/sfft.noiza-assets.eu\/sfft\/2024\/01\/1973_Cover-Archivio.jpg\",\"datePublished\":\"2025-04-03T08:29:37+00:00\",\"dateModified\":\"2025-04-03T08:35:48+00:00\",\"breadcrumb\":{\"@id\":\"https:\/\/www.sciencefictionfestival.org\/en\/past-editions\/festival-internazionale-del-film-di-fantascienza-1973\/#breadcrumb\"},\"inLanguage\":\"en-US\",\"potentialAction\":[{\"@type\":\"ReadAction\",\"target\":[\"https:\/\/www.sciencefictionfestival.org\/en\/past-editions\/festival-internazionale-del-film-di-fantascienza-1973\/\"]}]},{\"@type\":\"ImageObject\",\"inLanguage\":\"en-US\",\"@id\":\"https:\/\/www.sciencefictionfestival.org\/en\/past-editions\/festival-internazionale-del-film-di-fantascienza-1973\/#primaryimage\",\"url\":\"https:\/\/sfft.noiza-assets.eu\/sfft\/2024\/01\/1973_Cover-Archivio.jpg\",\"contentUrl\":\"https:\/\/sfft.noiza-assets.eu\/sfft\/2024\/01\/1973_Cover-Archivio.jpg\",\"width\":1000,\"height\":563},{\"@type\":\"BreadcrumbList\",\"@id\":\"https:\/\/www.sciencefictionfestival.org\/en\/past-editions\/festival-internazionale-del-film-di-fantascienza-1973\/#breadcrumb\",\"itemListElement\":[{\"@type\":\"ListItem\",\"position\":1,\"name\":\"Home\",\"item\":\"https:\/\/www.sciencefictionfestival.org\/en\/\"},{\"@type\":\"ListItem\",\"position\":2,\"name\":\"Past Editions\",\"item\":\"https:\/\/www.sciencefictionfestival.org\/en\/past-editions\/\"},{\"@type\":\"ListItem\",\"position\":3,\"name\":\"Festival Internazionale del Film di Fantascienza 1973\"}]},{\"@type\":\"WebSite\",\"@id\":\"https:\/\/www.sciencefictionfestival.org\/#website\",\"url\":\"https:\/\/www.sciencefictionfestival.org\/\",\"name\":\"Trieste Science+Fiction Festival\",\"description\":\"Festival della Fantascienza di Trieste\",\"potentialAction\":[{\"@type\":\"SearchAction\",\"target\":{\"@type\":\"EntryPoint\",\"urlTemplate\":\"https:\/\/www.sciencefictionfestival.org\/?s={search_term_string}\"},\"query-input\":{\"@type\":\"PropertyValueSpecification\",\"valueRequired\":true,\"valueName\":\"search_term_string\"}}],\"inLanguage\":\"en-US\"}]}<\/script>\n<!-- \/ Yoast SEO plugin. -->","yoast_head_json":{"title":"Festival Internazionale del Film di Fantascienza 1973 - Trieste Science+Fiction Festival","robots":{"index":"index","follow":"follow","max-snippet":"max-snippet:-1","max-image-preview":"max-image-preview:large","max-video-preview":"max-video-preview:-1"},"canonical":"https:\/\/www.sciencefictionfestival.org\/en\/past-editions\/festival-internazionale-del-film-di-fantascienza-1973\/","og_locale":"en_US","og_type":"article","og_title":"Festival Internazionale del Film di Fantascienza 1973 - Trieste Science+Fiction Festival","og_description":"Festival Internazionale del Film di Fantascienza - Edizione XI More","og_url":"https:\/\/www.sciencefictionfestival.org\/en\/past-editions\/festival-internazionale-del-film-di-fantascienza-1973\/","og_site_name":"Trieste Science+Fiction Festival","article_modified_time":"2025-04-03T08:35:48+00:00","og_image":[{"width":1000,"height":563,"url":"https:\/\/www.sciencefictionfestival.org\/wp-content\/uploads\/2024\/01\/1973_Cover-Archivio.jpg","type":"image\/jpeg"}],"twitter_card":"summary_large_image","twitter_misc":{"Est. reading time":"6 minutes"},"schema":{"@context":"https:\/\/schema.org","@graph":[{"@type":"WebPage","@id":"https:\/\/www.sciencefictionfestival.org\/en\/past-editions\/festival-internazionale-del-film-di-fantascienza-1973\/","url":"https:\/\/www.sciencefictionfestival.org\/en\/past-editions\/festival-internazionale-del-film-di-fantascienza-1973\/","name":"Festival Internazionale del Film di Fantascienza 1973 - Trieste Science+Fiction Festival","isPartOf":{"@id":"https:\/\/www.sciencefictionfestival.org\/#website"},"primaryImageOfPage":{"@id":"https:\/\/www.sciencefictionfestival.org\/en\/past-editions\/festival-internazionale-del-film-di-fantascienza-1973\/#primaryimage"},"image":{"@id":"https:\/\/www.sciencefictionfestival.org\/en\/past-editions\/festival-internazionale-del-film-di-fantascienza-1973\/#primaryimage"},"thumbnailUrl":"https:\/\/sfft.noiza-assets.eu\/sfft\/2024\/01\/1973_Cover-Archivio.jpg","datePublished":"2025-04-03T08:29:37+00:00","dateModified":"2025-04-03T08:35:48+00:00","breadcrumb":{"@id":"https:\/\/www.sciencefictionfestival.org\/en\/past-editions\/festival-internazionale-del-film-di-fantascienza-1973\/#breadcrumb"},"inLanguage":"en-US","potentialAction":[{"@type":"ReadAction","target":["https:\/\/www.sciencefictionfestival.org\/en\/past-editions\/festival-internazionale-del-film-di-fantascienza-1973\/"]}]},{"@type":"ImageObject","inLanguage":"en-US","@id":"https:\/\/www.sciencefictionfestival.org\/en\/past-editions\/festival-internazionale-del-film-di-fantascienza-1973\/#primaryimage","url":"https:\/\/sfft.noiza-assets.eu\/sfft\/2024\/01\/1973_Cover-Archivio.jpg","contentUrl":"https:\/\/sfft.noiza-assets.eu\/sfft\/2024\/01\/1973_Cover-Archivio.jpg","width":1000,"height":563},{"@type":"BreadcrumbList","@id":"https:\/\/www.sciencefictionfestival.org\/en\/past-editions\/festival-internazionale-del-film-di-fantascienza-1973\/#breadcrumb","itemListElement":[{"@type":"ListItem","position":1,"name":"Home","item":"https:\/\/www.sciencefictionfestival.org\/en\/"},{"@type":"ListItem","position":2,"name":"Past Editions","item":"https:\/\/www.sciencefictionfestival.org\/en\/past-editions\/"},{"@type":"ListItem","position":3,"name":"Festival Internazionale del Film di Fantascienza 1973"}]},{"@type":"WebSite","@id":"https:\/\/www.sciencefictionfestival.org\/#website","url":"https:\/\/www.sciencefictionfestival.org\/","name":"Trieste Science+Fiction Festival","description":"Festival della Fantascienza di Trieste","potentialAction":[{"@type":"SearchAction","target":{"@type":"EntryPoint","urlTemplate":"https:\/\/www.sciencefictionfestival.org\/?s={search_term_string}"},"query-input":{"@type":"PropertyValueSpecification","valueRequired":true,"valueName":"search_term_string"}}],"inLanguage":"en-US"}]}},"wps_subtitle":"","_links":{"self":[{"href":"https:\/\/www.sciencefictionfestival.org\/en\/wp-json\/wp\/v2\/pages\/53162","targetHints":{"allow":["GET"]}}],"collection":[{"href":"https:\/\/www.sciencefictionfestival.org\/en\/wp-json\/wp\/v2\/pages"}],"about":[{"href":"https:\/\/www.sciencefictionfestival.org\/en\/wp-json\/wp\/v2\/types\/page"}],"author":[{"embeddable":true,"href":"https:\/\/www.sciencefictionfestival.org\/en\/wp-json\/wp\/v2\/users\/1"}],"replies":[{"embeddable":true,"href":"https:\/\/www.sciencefictionfestival.org\/en\/wp-json\/wp\/v2\/comments?post=53162"}],"version-history":[{"count":1,"href":"https:\/\/www.sciencefictionfestival.org\/en\/wp-json\/wp\/v2\/pages\/53162\/revisions"}],"predecessor-version":[{"id":53163,"href":"https:\/\/www.sciencefictionfestival.org\/en\/wp-json\/wp\/v2\/pages\/53162\/revisions\/53163"}],"up":[{"embeddable":true,"href":"https:\/\/www.sciencefictionfestival.org\/en\/wp-json\/wp\/v2\/pages\/51773"}],"wp:featuredmedia":[{"embeddable":true,"href":"https:\/\/www.sciencefictionfestival.org\/en\/wp-json\/wp\/v2\/media\/45767"}],"wp:attachment":[{"href":"https:\/\/www.sciencefictionfestival.org\/en\/wp-json\/wp\/v2\/media?parent=53162"}],"wp:term":[{"taxonomy":"category","embeddable":true,"href":"https:\/\/www.sciencefictionfestival.org\/en\/wp-json\/wp\/v2\/categories?post=53162"},{"taxonomy":"post_tag","embeddable":true,"href":"https:\/\/www.sciencefictionfestival.org\/en\/wp-json\/wp\/v2\/tags?post=53162"}],"curies":[{"name":"wp","href":"https:\/\/api.w.org\/{rel}","templated":true}]}}