{"id":53157,"date":"2025-04-03T10:28:04","date_gmt":"2025-04-03T08:28:04","guid":{"rendered":"https:\/\/www.sciencefictionfestival.org\/past-editions\/festival-internazionale-del-film-di-fantascienza-1978\/"},"modified":"2025-04-03T10:28:04","modified_gmt":"2025-04-03T08:28:04","slug":"festival-internazionale-del-film-di-fantascienza-1978","status":"publish","type":"page","link":"https:\/\/www.sciencefictionfestival.org\/en\/past-editions\/festival-internazionale-del-film-di-fantascienza-1978\/","title":{"rendered":"Festival Internazionale del Film di Fantascienza 1978"},"content":{"rendered":"<div class=\"wpb-content-wrapper\"><p>[vc_row][vc_column width=&#8221;1\/3&#8243;][vc_single_image image=&#8221;45818&#8243; img_size=&#8221;full&#8221; el_id=&#8221;&#8221;][\/vc_column][vc_column width=&#8221;2\/3&#8243;][vc_row_inner][vc_column_inner][vc_column_text]<\/p>\n<h3>8 \u2013 15 Luglio \/ July 1978<\/h3>\n<p>[\/vc_column_text][vc_separator][vc_column_text el_id=&#8221;&#8221;]<\/p>\n<h5><strong>Fant\u2019America 2.0<\/strong><br \/>\nL\u2019artista muggesano Dante Pisani firma l\u2019immagine del Festival numero sedici.<br \/>\nAccanto alla programmazione dei film in concorso va in onda il secondo capitolo della rassegna inaugurata l\u2019anno precedente: Fant\u2019America 2 si concentra sui serials statunitensi antecedenti il 1941, recuperati dallo staff de La Cappella Underground insieme a Stuart Rosenthal.<\/h5>\n<hr \/>\n<h5><strong>Fant\u2019America 2.0<\/strong><br \/>\nDante Pisani, an artist from Muggia, signs the 16th Festival edition image.<br \/>\nAside from the films taking part in the contest, Fant\u2019America 2 takes place. It is the second part of the exhibition which started the previous year and it focuses on the serials from USA before 1941, recovered by the Cappella Underground staff and Stuart Rosenthal.<\/h5>\n<p>[\/vc_column_text][vc_separator][\/vc_column_inner][\/vc_row_inner][vc_row_inner][vc_column_inner width=&#8221;1\/3&#8243;][vc_column_text el_id=&#8221;&#8221;]<\/p>\n<h5>giuria \/ jury<\/h5>\n<h5><strong>Jacques Duchateau<br \/>\nWalter Ernsting<br \/>\nEnrico Fulchignoni<br \/>\nGianni Rondolino<br \/>\nPhilip Strick<\/strong><\/h5>\n<p>[\/vc_column_text][\/vc_column_inner][vc_column_inner width=&#8221;2\/3&#8243;][vc_column_text el_id=&#8221;&#8221;]<\/p>\n<h5>eventi \/ events<\/h5>\n<h5><strong>Fant\u2019America. Serials<\/strong><br \/>\nRetrospettiva_Retrospective<br \/>\n<strong>Il futuro dell\u2019energia<\/strong><br \/>\nConvegno internazionale_International conference<br \/>\n<strong>Jules Verne. Il 150esimo anniversario della nascita<\/strong><br \/>\nMostra_Exhibition<\/h5>\n<p>[\/vc_column_text][\/vc_column_inner][\/vc_row_inner][\/vc_column][\/vc_row][vc_row css=&#8221;.vc_custom_1676891548145{margin-top: 20px !important;}&#8221;][vc_column][vc_separator color=&#8221;black&#8221;][\/vc_column][\/vc_row][vc_row][vc_column width=&#8221;1\/3&#8243; css=&#8221;.vc_custom_1680690289902{background-image: url(https:\/\/sfft.noiza-assets.eu\/sfft\/2021\/08\/TSFF-laurel-web-ok.png) !important;background-position: center !important;background-repeat: no-repeat !important;background-size: contain !important;}&#8221;][vc_column_text]<\/p>\n<h5 style=\"text-align: center;\"><em>Asteroide d&#8217;oro<\/em><br \/>\n<strong>Operation Ganymed<\/strong><br \/>\nRainer Erler<\/h5>\n<p>[\/vc_column_text][\/vc_column][vc_column width=&#8221;1\/3&#8243; css=&#8221;.vc_custom_1629202314924{background-image: url(https:\/\/sfft.noiza-assets.eu\/sfft\/2021\/08\/TSFF-laurel-web-ok.png) !important;background-position: center !important;background-repeat: no-repeat !important;background-size: contain !important;}&#8221;][vc_column_text]<\/p>\n<h5 style=\"text-align: center;\"><em>Asteroide d\u2019argento<br \/>\n<\/em><strong>agli extraterrestri<br \/>\n\/ to extraterrestrials<\/strong><br \/>\nin Laserblast<\/h5>\n<p>[\/vc_column_text][\/vc_column][vc_column width=&#8221;1\/3&#8243; css=&#8221;.vc_custom_1629202323527{background-image: url(https:\/\/sfft.noiza-assets.eu\/sfft\/2021\/08\/TSFF-laurel-web-ok.png) !important;background-position: center !important;background-repeat: no-repeat !important;background-size: contain !important;}&#8221;][vc_column_text]<\/p>\n<h5 style=\"text-align: center;\"><em>Sigillo d\u2019oro Citt\u00e0 di Treiste<br \/>\n<\/em><strong>Bewitching Eyes<\/strong><br \/>\nPiotr Szulkin<\/h5>\n<p>[\/vc_column_text][\/vc_column][\/vc_row][vc_row][vc_column width=&#8221;1\/3&#8243; css=&#8221;.vc_custom_1680690289902{background-image: url(https:\/\/sfft.noiza-assets.eu\/sfft\/2021\/08\/TSFF-laurel-web-ok.png) !important;background-position: center !important;background-repeat: no-repeat !important;background-size: contain !important;}&#8221;][vc_column_text]<\/p>\n<h5 style=\"text-align: center;\"><em>Premio speciale giuria<\/em><br \/>\n<strong>Spaceborne<\/strong><br \/>\nPhilip Dauber<\/h5>\n<p>[\/vc_column_text][\/vc_column][vc_column width=&#8221;1\/3&#8243; css=&#8221;.vc_custom_1629202314924{background-image: url(https:\/\/sfft.noiza-assets.eu\/sfft\/2021\/08\/TSFF-laurel-web-ok.png) !important;background-position: center !important;background-repeat: no-repeat !important;background-size: contain !important;}&#8221;][vc_column_text]<\/p>\n<h5 style=\"text-align: center;\"><em>Premio speciale giuria<br \/>\n<\/em><strong>L\u2019intelletto dell\u2019universo<\/strong><br \/>\nVictor Milioti<\/h5>\n<p>[\/vc_column_text][\/vc_column][vc_column width=&#8221;1\/3&#8243; css=&#8221;.vc_custom_1705415363354{background-position: center !important;background-repeat: no-repeat !important;background-size: contain !important;}&#8221;][\/vc_column][\/vc_row][vc_row css=&#8221;.vc_custom_1680002006820{margin-top: 10px !important;}&#8221;][vc_column][vc_row_inner][vc_column_inner][vc_separator color=&#8221;black&#8221;][\/vc_column_inner][\/vc_row_inner][vc_row_inner][vc_column_inner width=&#8221;1\/4&#8243;][vc_column_text]<\/p>\n<h4><a href=\"#feature\">Feature Film<\/a><\/h4>\n<p>[\/vc_column_text][\/vc_column_inner][vc_column_inner width=&#8221;1\/4&#8243;][vc_column_text]<\/p>\n<h4><a href=\"#shorts\">Fantastic Shorts<\/a><\/h4>\n<p>[\/vc_column_text][\/vc_column_inner][vc_column_inner width=&#8221;1\/4&#8243;][vc_column_text]<\/p>\n<h4><a href=\"#retro\">Retrospettiva<\/a><\/h4>\n<p>[\/vc_column_text][\/vc_column_inner][vc_column_inner width=&#8221;1\/4&#8243;][\/vc_column_inner][\/vc_row_inner][vc_separator color=&#8221;black&#8221;][\/vc_column][vc_column width=&#8221;1\/4&#8243;][vc_column_text]<\/p>\n<h3><a name=\"feature\"><\/a>Feature Film<\/h3>\n<p>[\/vc_column_text][vc_column_text el_id=&#8221;&#8221;]<\/p>\n<h5><a href=\"https:\/\/www.sciencefictionfestival.org\/film\/end-of-the-world-john-hayes\/\"><strong>End of the World<\/strong><\/a><br \/>\n\u2014 John Hayes<\/h5>\n<h5><a href=\"https:\/\/www.sciencefictionfestival.org\/film\/5-minuti-dalla-catastrofe-anatoli-ivanov\/\"><strong>Five Seconds to Disaster<\/strong><\/a><br \/>\n[5 minuti alla catastrofe &#8211; Za pyat sekund do katastrofy]<br \/>\n\u2014 Anatoliy Ivanov<\/h5>\n<h5><a href=\"https:\/\/www.sciencefictionfestival.org\/film\/coz-takhle-dat-si-spenat-vaclav-vorlicek\/\"><strong>How About a Plate of Spinach?<\/strong><\/a><br \/>\n[Co\u017e takhle d\u00e1t si \u0161pen\u00e1t]<br \/>\n\u2014 V\u00e1clav Vorl\u00ed\u010dek<\/h5>\n<h5><a href=\"https:\/\/www.sciencefictionfestival.org\/film\/luomo-laser-michael-rae\/\"><strong>Laserblast<\/strong><\/a><br \/>\n[L&#8217;uomo laser]<br \/>\n\u2014 Michael Rae<\/h5>\n<h5><a href=\"https:\/\/www.sciencefictionfestival.org\/film\/terrore-nel-buio-michael-pataki\/\"><strong>Mansion of the Doomed<\/strong><\/a><br \/>\n[Terrore nel buio]<br \/>\n\u2014 Michael Pataki<br \/>\nUSA, 1976, 89&#8242;<\/h5>\n<h5><a href=\"https:\/\/www.sciencefictionfestival.org\/film\/cinema-16-photo-souvenir-edmond-sechan\/\"><strong>Photo Souvenir<\/strong><\/a><br \/>\n\u2014 Edmond S\u00e9chan<\/h5>\n<h5><a href=\"https:\/\/www.sciencefictionfestival.org\/film\/terrore-ad-amityville-park-norman-j-warren\/\"><strong>Prey<\/strong><\/a><br \/>\n[Terrore ad Amityville Park]<br \/>\n\u2014 Norman J. Warren<\/h5>\n<h5><a href=\"https:\/\/www.sciencefictionfestival.org\/film\/operazione-ganimede-rainer-erler\/\"><strong>Operation Ganymed<\/strong><\/a><br \/>\n[Operazione Ganymed]<br \/>\n\u2014 Rainer Erler<\/h5>\n<h5><a href=\"https:\/\/www.sciencefictionfestival.org\/film\/corazzata-spaziale-yamato-toshio-masuda\/\"><strong>Uch\u00fb senkan Yamato<\/strong><\/a><br \/>\n[Corazzata Spaziale Yamato]<br \/>\n\u2014 Yshinobu Nishikazi<\/h5>\n<h5><a href=\"https:\/\/www.sciencefictionfestival.org\/film\/invisible-adversaries-valie-export\/\"><strong>Unsichtbare Gegner<\/strong><\/a><br \/>\n\u2014 Valie Export<\/h5>\n<p>[\/vc_column_text][\/vc_column][vc_column width=&#8221;3\/4&#8243;][vc_basic_grid post_type=&#8221;film&#8221; max_items=&#8221;-1&#8243; gap=&#8221;0&#8243; orderby=&#8221;title&#8221; order=&#8221;ASC&#8221; item=&#8221;43419&#8243; initial_loading_animation=&#8221;none&#8221; grid_id=&#8221;vc_gid:1705487854433-95dc3991-38a5-2&#8243; taxonomies=&#8221;288&#8243;][\/vc_column][\/vc_row][vc_row][vc_column][vc_separator color=&#8221;black&#8221;][\/vc_column][vc_column width=&#8221;1\/4&#8243;][vc_column_text]<\/p>\n<h3><a name=\"shorts\"><\/a>Shorts<\/h3>\n<p>[\/vc_column_text][\/vc_column][vc_column width=&#8221;1\/4&#8243;][vc_column_text el_id=&#8221;&#8221;]<\/p>\n<h5><a href=\"https:\/\/www.sciencefictionfestival.org\/film\/alternative-3-christopher-miles\/\"><strong>Alternative 3<\/strong><\/a><br \/>\n\u2014 Christopher Miles<br \/>\nUK, 1977, 56&#8242;<\/h5>\n<h5><strong>Dedalo<\/strong><br \/>\n\u2014 Manfredo Manfredi<br \/>\nItaly, 1976, 12&#8242;<\/h5>\n<h5><a href=\"https:\/\/www.sciencefictionfestival.org\/film\/the-glitterball-harley-cokeliss\/\"><strong>The Glitterball<\/strong><\/a><br \/>\n\u2014 Harley Cokeliss<br \/>\nUK, 1977, 56&#8242;<\/h5>\n<h5><strong>Hardware Wars<\/strong><br \/>\n\u2014 Ernie Fosseline<br \/>\nUSA, 1978, 13&#8242;<\/h5>\n<p>[\/vc_column_text][\/vc_column][vc_column width=&#8221;1\/4&#8243;][vc_column_text]<\/p>\n<h5><strong>L&#8217;intelletto dell&#8217;universo<\/strong><br \/>\n\u2014 Victor Millioti<br \/>\nURSS, 30&#8242;<\/h5>\n<h5><strong>Lid\u00e9rc<\/strong><br \/>\n\u2014 Peter Gardos<br \/>\nHungary, 1977, 13&#8242;<\/h5>\n<h5><strong>Le motard de l&#8217;apocalypse<\/strong><br \/>\n\u2014 Richard Oliver<br \/>\nBelgium, France, 1977, 12&#8242;<\/h5>\n<h5><strong>Oczy Uroczne<\/strong><br \/>\n\u2014 Piotr Szulkin<br \/>\nPoland, 1976, 41&#8242;<\/h5>\n<p>[\/vc_column_text][\/vc_column][vc_column width=&#8221;1\/4&#8243;][vc_column_text]<\/p>\n<h5><strong>Permesso di sbarco<\/strong><br \/>\n\u2014 Riki Shelach<br \/>\nIsrael, 21&#8242;<\/h5>\n<h5><strong>Sjena na suprotnom zidu<\/strong><br \/>\n\u2014 Bruno Gamulin<br \/>\nYugoslavia, 1977, 20&#8242;<\/h5>\n<h5><strong>Spaceborne<\/strong><br \/>\n\u2014 Philip Dauber<br \/>\nUSA, 1977, 14&#8242;<\/h5>\n<h5><strong>Un viaggio nel paese degli inventori<\/strong><br \/>\n\u2014 Vladimir Kogay<br \/>\nURSS, 30&#8242;<\/h5>\n<p>[\/vc_column_text][\/vc_column][\/vc_row][vc_row][vc_column][vc_separator color=&#8221;black&#8221;][\/vc_column][vc_column width=&#8221;1\/4&#8243;][vc_column_text]<\/p>\n<h3><a name=\"retro\"><\/a>Retrospettiva<\/h3>\n<p>[\/vc_column_text][\/vc_column][vc_column width=&#8221;1\/4&#8243;][vc_column_text]<\/p>\n<h5><strong>Fant\u2019America.<br \/>\nSerials<\/strong><\/h5>\n<p>[\/vc_column_text][\/vc_column][vc_column width=&#8221;1\/4&#8243;][vc_column_text]<\/p>\n<h5><strong>Buck Rogers<\/strong><br \/>\n\u2014 Ford Beebe,<br \/>\nSaul A. Goodkind<br \/>\nUSA, 1939<\/h5>\n<h5><strong>Dick Tracy<\/strong><br \/>\n\u2014 Ray Taylor,<br \/>\nAlan James<br \/>\nUSA, 1937<\/h5>\n<h5><strong>The Exploits of Elaine<\/strong><br \/>\n[I misteri di New York]<br \/>\n\u2014 Louis J. Gasnier,<br \/>\nGeorge B. Seitz<br \/>\nUSA, 1914<\/h5>\n<h5><strong>Flash Gordon conquers the universe<\/strong><br \/>\n[Flash Gordon &#8211; Il conquistatore dell&#8217;universo]<br \/>\n\u2014 Ford Beebe,<br \/>\nRay Tailor<br \/>\nUSA, 1940<\/h5>\n<h5><strong>Mighty Mouse<\/strong><br \/>\n\u2014 Paul Terry<br \/>\nUSA, 1942-1948<\/h5>\n<h5><strong>The Miracle Rider<\/strong><br \/>\n\u2014 Amand Schaefer,<br \/>\nBreezy Reeves Eason<br \/>\nUSA, 1935<\/h5>\n<h5><strong>Outside the Law<\/strong><br \/>\n[Il fuorilegge]<br \/>\n\u2014 Tod Browning<br \/>\nUSA, 1921, 75&#8242;<\/h5>\n<p>[\/vc_column_text][\/vc_column][vc_column width=&#8221;1\/4&#8243;][vc_column_text]<\/p>\n<h5><strong>The Phantom Creeps<\/strong><br \/>\n\u2014 Ford Beebe,<br \/>\nSaul Goodkind<br \/>\nUSA, 1939<\/h5>\n<h5><strong>The Phantom Empire<\/strong><br \/>\n\u2014 Otto Brower,<br \/>\nBreezy Reeves Eason<br \/>\nUSA, 1935<\/h5>\n<h5><strong>The Power God<\/strong><br \/>\n\u2014 Ben Wilson,<br \/>\nFrancis Ford<br \/>\nUSA, 1925<\/h5>\n<h5><strong>The Return of Chandu<\/strong><br \/>\n\u2014 Ray Taylor<br \/>\nUSA, 1934, 208&#8242;<\/h5>\n<h5><strong>Superman<\/strong><br \/>\n\u2014 Dave Flaischer<br \/>\nUSA 1941-1943<\/h5>\n<h5><strong>Undersea Kingdom<\/strong><br \/>\n\u2014 Breezy Reeves Eason,<br \/>\nJoseph Kane<br \/>\nUSA, 1936<\/h5>\n<p>[\/vc_column_text][\/vc_column][\/vc_row][vc_row][vc_column css=&#8221;.vc_custom_1629202815555{background-position: center !important;background-repeat: no-repeat !important;background-size: contain !important;}&#8221;][vc_empty_space][\/vc_column][\/vc_row]<\/p>\n<\/div>","protected":false},"excerpt":{"rendered":"<p>Festival Internazionale del Film di Fantascienza &#8211; Edizione XVI <a class=\"g1-link g1-link-more\" href=\"https:\/\/www.sciencefictionfestival.org\/en\/past-editions\/festival-internazionale-del-film-di-fantascienza-1978\/\">More<\/a><\/p>\n","protected":false},"author":1,"featured_media":45787,"parent":51773,"menu_order":0,"comment_status":"closed","ping_status":"closed","template":"g1-template-page-full.php","meta":{"cybocfi_hide_featured_image":"","footnotes":""},"categories":[631],"tags":[],"class_list":{"0":"post-53157","1":"page","2":"type-page","3":"status-publish","4":"has-post-thumbnail","6":"category-iff-archivi-en"},"yoast_head":"<!-- This site is optimized with the Yoast SEO plugin v27.1.1 - https:\/\/yoast.com\/product\/yoast-seo-wordpress\/ -->\n<title>Festival Internazionale del Film di Fantascienza 1978 - Trieste Science+Fiction Festival<\/title>\n<meta name=\"robots\" content=\"index, follow, max-snippet:-1, max-image-preview:large, max-video-preview:-1\" \/>\n<link rel=\"canonical\" href=\"https:\/\/www.sciencefictionfestival.org\/archivio\/fiff-1978\/\" \/>\n<meta property=\"og:locale\" content=\"en_US\" \/>\n<meta property=\"og:type\" content=\"article\" \/>\n<meta property=\"og:title\" content=\"Festival Internazionale del Film di Fantascienza 1978 - Trieste Science+Fiction Festival\" \/>\n<meta property=\"og:description\" content=\"Festival Internazionale del Film di Fantascienza - Edizione XVI More\" \/>\n<meta property=\"og:url\" content=\"https:\/\/www.sciencefictionfestival.org\/archivio\/fiff-1978\/\" \/>\n<meta property=\"og:site_name\" content=\"Trieste Science+Fiction Festival\" \/>\n<meta property=\"og:image\" content=\"https:\/\/www.sciencefictionfestival.org\/wp-content\/uploads\/2024\/01\/1978_Cover-Archivio.jpg\" \/>\n\t<meta property=\"og:image:width\" content=\"1000\" \/>\n\t<meta property=\"og:image:height\" content=\"563\" \/>\n\t<meta property=\"og:image:type\" content=\"image\/jpeg\" \/>\n<meta name=\"twitter:card\" content=\"summary_large_image\" \/>\n<meta name=\"twitter:label1\" content=\"Est. reading time\" \/>\n\t<meta name=\"twitter:data1\" content=\"5 minutes\" \/>\n<script type=\"application\/ld+json\" class=\"yoast-schema-graph\">{\"@context\":\"https:\/\/schema.org\",\"@graph\":[{\"@type\":\"WebPage\",\"@id\":\"https:\/\/www.sciencefictionfestival.org\/archivio\/fiff-1978\/\",\"url\":\"https:\/\/www.sciencefictionfestival.org\/archivio\/fiff-1978\/\",\"name\":\"Festival Internazionale del Film di Fantascienza 1978 - Trieste Science+Fiction Festival\",\"isPartOf\":{\"@id\":\"https:\/\/www.sciencefictionfestival.org\/#website\"},\"primaryImageOfPage\":{\"@id\":\"https:\/\/www.sciencefictionfestival.org\/archivio\/fiff-1978\/#primaryimage\"},\"image\":{\"@id\":\"https:\/\/www.sciencefictionfestival.org\/archivio\/fiff-1978\/#primaryimage\"},\"thumbnailUrl\":\"https:\/\/sfft.noiza-assets.eu\/sfft\/2024\/01\/1978_Cover-Archivio.jpg\",\"datePublished\":\"2025-04-03T08:28:04+00:00\",\"breadcrumb\":{\"@id\":\"https:\/\/www.sciencefictionfestival.org\/archivio\/fiff-1978\/#breadcrumb\"},\"inLanguage\":\"en-US\",\"potentialAction\":[{\"@type\":\"ReadAction\",\"target\":[\"https:\/\/www.sciencefictionfestival.org\/archivio\/fiff-1978\/\"]}]},{\"@type\":\"ImageObject\",\"inLanguage\":\"en-US\",\"@id\":\"https:\/\/www.sciencefictionfestival.org\/archivio\/fiff-1978\/#primaryimage\",\"url\":\"https:\/\/sfft.noiza-assets.eu\/sfft\/2024\/01\/1978_Cover-Archivio.jpg\",\"contentUrl\":\"https:\/\/sfft.noiza-assets.eu\/sfft\/2024\/01\/1978_Cover-Archivio.jpg\",\"width\":1000,\"height\":563},{\"@type\":\"BreadcrumbList\",\"@id\":\"https:\/\/www.sciencefictionfestival.org\/archivio\/fiff-1978\/#breadcrumb\",\"itemListElement\":[{\"@type\":\"ListItem\",\"position\":1,\"name\":\"Home\",\"item\":\"https:\/\/www.sciencefictionfestival.org\/en\/\"},{\"@type\":\"ListItem\",\"position\":2,\"name\":\"Past Editions\",\"item\":\"https:\/\/www.sciencefictionfestival.org\/en\/past-editions\/\"},{\"@type\":\"ListItem\",\"position\":3,\"name\":\"Festival Internazionale del Film di Fantascienza 1978\"}]},{\"@type\":\"WebSite\",\"@id\":\"https:\/\/www.sciencefictionfestival.org\/#website\",\"url\":\"https:\/\/www.sciencefictionfestival.org\/\",\"name\":\"Trieste Science+Fiction Festival\",\"description\":\"Festival della Fantascienza di Trieste\",\"potentialAction\":[{\"@type\":\"SearchAction\",\"target\":{\"@type\":\"EntryPoint\",\"urlTemplate\":\"https:\/\/www.sciencefictionfestival.org\/?s={search_term_string}\"},\"query-input\":{\"@type\":\"PropertyValueSpecification\",\"valueRequired\":true,\"valueName\":\"search_term_string\"}}],\"inLanguage\":\"en-US\"}]}<\/script>\n<!-- \/ Yoast SEO plugin. -->","yoast_head_json":{"title":"Festival Internazionale del Film di Fantascienza 1978 - Trieste Science+Fiction Festival","robots":{"index":"index","follow":"follow","max-snippet":"max-snippet:-1","max-image-preview":"max-image-preview:large","max-video-preview":"max-video-preview:-1"},"canonical":"https:\/\/www.sciencefictionfestival.org\/archivio\/fiff-1978\/","og_locale":"en_US","og_type":"article","og_title":"Festival Internazionale del Film di Fantascienza 1978 - Trieste Science+Fiction Festival","og_description":"Festival Internazionale del Film di Fantascienza - Edizione XVI More","og_url":"https:\/\/www.sciencefictionfestival.org\/archivio\/fiff-1978\/","og_site_name":"Trieste Science+Fiction Festival","og_image":[{"width":1000,"height":563,"url":"https:\/\/www.sciencefictionfestival.org\/wp-content\/uploads\/2024\/01\/1978_Cover-Archivio.jpg","type":"image\/jpeg"}],"twitter_card":"summary_large_image","twitter_misc":{"Est. reading time":"5 minutes"},"schema":{"@context":"https:\/\/schema.org","@graph":[{"@type":"WebPage","@id":"https:\/\/www.sciencefictionfestival.org\/archivio\/fiff-1978\/","url":"https:\/\/www.sciencefictionfestival.org\/archivio\/fiff-1978\/","name":"Festival Internazionale del Film di Fantascienza 1978 - Trieste Science+Fiction Festival","isPartOf":{"@id":"https:\/\/www.sciencefictionfestival.org\/#website"},"primaryImageOfPage":{"@id":"https:\/\/www.sciencefictionfestival.org\/archivio\/fiff-1978\/#primaryimage"},"image":{"@id":"https:\/\/www.sciencefictionfestival.org\/archivio\/fiff-1978\/#primaryimage"},"thumbnailUrl":"https:\/\/sfft.noiza-assets.eu\/sfft\/2024\/01\/1978_Cover-Archivio.jpg","datePublished":"2025-04-03T08:28:04+00:00","breadcrumb":{"@id":"https:\/\/www.sciencefictionfestival.org\/archivio\/fiff-1978\/#breadcrumb"},"inLanguage":"en-US","potentialAction":[{"@type":"ReadAction","target":["https:\/\/www.sciencefictionfestival.org\/archivio\/fiff-1978\/"]}]},{"@type":"ImageObject","inLanguage":"en-US","@id":"https:\/\/www.sciencefictionfestival.org\/archivio\/fiff-1978\/#primaryimage","url":"https:\/\/sfft.noiza-assets.eu\/sfft\/2024\/01\/1978_Cover-Archivio.jpg","contentUrl":"https:\/\/sfft.noiza-assets.eu\/sfft\/2024\/01\/1978_Cover-Archivio.jpg","width":1000,"height":563},{"@type":"BreadcrumbList","@id":"https:\/\/www.sciencefictionfestival.org\/archivio\/fiff-1978\/#breadcrumb","itemListElement":[{"@type":"ListItem","position":1,"name":"Home","item":"https:\/\/www.sciencefictionfestival.org\/en\/"},{"@type":"ListItem","position":2,"name":"Past Editions","item":"https:\/\/www.sciencefictionfestival.org\/en\/past-editions\/"},{"@type":"ListItem","position":3,"name":"Festival Internazionale del Film di Fantascienza 1978"}]},{"@type":"WebSite","@id":"https:\/\/www.sciencefictionfestival.org\/#website","url":"https:\/\/www.sciencefictionfestival.org\/","name":"Trieste Science+Fiction Festival","description":"Festival della Fantascienza di Trieste","potentialAction":[{"@type":"SearchAction","target":{"@type":"EntryPoint","urlTemplate":"https:\/\/www.sciencefictionfestival.org\/?s={search_term_string}"},"query-input":{"@type":"PropertyValueSpecification","valueRequired":true,"valueName":"search_term_string"}}],"inLanguage":"en-US"}]}},"wps_subtitle":"","_links":{"self":[{"href":"https:\/\/www.sciencefictionfestival.org\/en\/wp-json\/wp\/v2\/pages\/53157","targetHints":{"allow":["GET"]}}],"collection":[{"href":"https:\/\/www.sciencefictionfestival.org\/en\/wp-json\/wp\/v2\/pages"}],"about":[{"href":"https:\/\/www.sciencefictionfestival.org\/en\/wp-json\/wp\/v2\/types\/page"}],"author":[{"embeddable":true,"href":"https:\/\/www.sciencefictionfestival.org\/en\/wp-json\/wp\/v2\/users\/1"}],"replies":[{"embeddable":true,"href":"https:\/\/www.sciencefictionfestival.org\/en\/wp-json\/wp\/v2\/comments?post=53157"}],"version-history":[{"count":0,"href":"https:\/\/www.sciencefictionfestival.org\/en\/wp-json\/wp\/v2\/pages\/53157\/revisions"}],"up":[{"embeddable":true,"href":"https:\/\/www.sciencefictionfestival.org\/en\/wp-json\/wp\/v2\/pages\/51773"}],"wp:featuredmedia":[{"embeddable":true,"href":"https:\/\/www.sciencefictionfestival.org\/en\/wp-json\/wp\/v2\/media\/45787"}],"wp:attachment":[{"href":"https:\/\/www.sciencefictionfestival.org\/en\/wp-json\/wp\/v2\/media?parent=53157"}],"wp:term":[{"taxonomy":"category","embeddable":true,"href":"https:\/\/www.sciencefictionfestival.org\/en\/wp-json\/wp\/v2\/categories?post=53157"},{"taxonomy":"post_tag","embeddable":true,"href":"https:\/\/www.sciencefictionfestival.org\/en\/wp-json\/wp\/v2\/tags?post=53157"}],"curies":[{"name":"wp","href":"https:\/\/api.w.org\/{rel}","templated":true}]}}