{"id":26049,"date":"2021-05-10T11:33:37","date_gmt":"2021-05-10T09:33:37","guid":{"rendered":"https:\/\/www.sciencefictionfestival.org\/2015-melies-dor-ceremony\/"},"modified":"2021-05-10T11:33:37","modified_gmt":"2021-05-10T09:33:37","slug":"2015-melies-dor-ceremony","status":"publish","type":"page","link":"https:\/\/www.sciencefictionfestival.org\/en\/past-editions\/tsff-2015\/2015-melies-dor-ceremony\/","title":{"rendered":"2015 M\u00e8li\u00e8s d\u2019or Ceremony"},"content":{"rendered":"<p><span style=\"color: #d7b03c;\">Trieste Science+Fiction<\/span> puts forth, in its 15th edition, national and international premi\u00e8res alongside the best horror, fantasy and science fiction cinema and also has the honour of hosting the <span style=\"color: #d7b03c;\">19th M\u00e9li\u00e8s d&#8217;Or ceremony<\/span>, the Oscars for European fantastic cinema.<br \/>\nThis year <span style=\"color: #d7b03c;\">Trieste will become the European Capital of Fantastic Cinema<\/span>, with the annual convention of the European Federation of Fantastic Film Festivals and the 19th Golden M\u00e9li\u00e8s Ceremony scheduled for the <span style=\"color: #d7b03c;\">6th November<\/span>, in which the M\u00e9li\u00e8s d&#8217;Or of the EFFFF, the network to which the event in Trieste has belonged since 2005, will be presented. The winning director will be invited to the festival to receive the statuette, an original creation inspired by the early classic of fantastic cinema Le Voyage dans la Lune. It is an exception engagement with which to best celebrate the prestigious goals of the 15th edition of Trieste Science+Fiction.<br \/>\nThe<span style=\"color: #d7b03c;\"> European Fantastic Film Festivals Federation<\/span> is an organised network the comprises<span style=\"color: #d7b03c;\"> 21 festivals across 15 countries<\/span>, with an total audience of over 450,000, with the mission of promoting the production of European fantastic films throughout Europe and the rest of the world, by enhancing their visibility and standing both amongst the public and within the industry, and encouraging their circulation. The primary means through which the Federation acts is the competition for the M\u00e9li\u00e8s prizes, given to the best European productions within the genre. The M\u00e9li\u00e8s d&#8217;Or and the M\u00e9li\u00e8s d&#8217;Argent are given to the best European fantastic feature and short films, increasing the visibility of, and generating attention around, the works and the filmmakers, and recognising the values of quality and creativity. The winning films are screened at every festival within the Federation.<\/p>\n","protected":false},"excerpt":{"rendered":"<p>Trieste Science+Fiction puts forth, in its 15th edition, national and international premi\u00e8res alongside the best horror, fantasy and science fiction cinema and also has the honour of hosting the 19th M\u00e9li\u00e8s d&#8217;Or ceremony, the Oscars for European fantastic cinema. This [&hellip;] <a class=\"g1-link g1-link-more\" href=\"https:\/\/www.sciencefictionfestival.org\/en\/past-editions\/tsff-2015\/2015-melies-dor-ceremony\/\">More<\/a><\/p>\n","protected":false},"author":1,"featured_media":26047,"parent":36001,"menu_order":0,"comment_status":"closed","ping_status":"closed","template":"","meta":{"cybocfi_hide_featured_image":"","footnotes":""},"categories":[],"tags":[],"class_list":["post-26049","page","type-page","status-publish","has-post-thumbnail"],"yoast_head":"<!-- This site is optimized with the Yoast SEO plugin v27.1.1 - https:\/\/yoast.com\/product\/yoast-seo-wordpress\/ -->\n<title>2015 M\u00e8li\u00e8s d\u2019or Ceremony - Trieste Science+Fiction Festival<\/title>\n<meta name=\"robots\" content=\"index, follow, max-snippet:-1, max-image-preview:large, max-video-preview:-1\" \/>\n<link rel=\"canonical\" href=\"https:\/\/www.sciencefictionfestival.org\/archivio\/tsff-2015\/melies-dor-ceremony\/\" \/>\n<meta property=\"og:locale\" content=\"en_US\" \/>\n<meta property=\"og:type\" content=\"article\" \/>\n<meta property=\"og:title\" content=\"2015 M\u00e8li\u00e8s d\u2019or Ceremony - Trieste Science+Fiction Festival\" \/>\n<meta property=\"og:description\" content=\"Trieste Science+Fiction puts forth, in its 15th edition, national and international premi\u00e8res alongside the best horror, fantasy and science fiction cinema and also has the honour of hosting the 19th M\u00e9li\u00e8s d&#8217;Or ceremony, the Oscars for European fantastic cinema. This [&hellip;] More\" \/>\n<meta property=\"og:url\" content=\"https:\/\/www.sciencefictionfestival.org\/archivio\/tsff-2015\/melies-dor-ceremony\/\" \/>\n<meta property=\"og:site_name\" content=\"Trieste Science+Fiction Festival\" \/>\n<meta property=\"og:image\" content=\"https:\/\/www.sciencefictionfestival.org\/wp-content\/uploads\/2021\/05\/Schermata-2015-09-15-alle-16.23.19-1024x6401-1.jpg\" \/>\n\t<meta property=\"og:image:width\" content=\"1017\" \/>\n\t<meta property=\"og:image:height\" content=\"574\" \/>\n\t<meta property=\"og:image:type\" content=\"image\/jpeg\" \/>\n<meta name=\"twitter:card\" content=\"summary_large_image\" \/>\n<meta name=\"twitter:label1\" content=\"Est. reading time\" \/>\n\t<meta name=\"twitter:data1\" content=\"1 minute\" \/>\n<script type=\"application\/ld+json\" class=\"yoast-schema-graph\">{\"@context\":\"https:\/\/schema.org\",\"@graph\":[{\"@type\":\"WebPage\",\"@id\":\"https:\/\/www.sciencefictionfestival.org\/archivio\/tsff-2015\/melies-dor-ceremony\/\",\"url\":\"https:\/\/www.sciencefictionfestival.org\/archivio\/tsff-2015\/melies-dor-ceremony\/\",\"name\":\"2015 M\u00e8li\u00e8s d\u2019or Ceremony - Trieste Science+Fiction Festival\",\"isPartOf\":{\"@id\":\"https:\/\/www.sciencefictionfestival.org\/#website\"},\"primaryImageOfPage\":{\"@id\":\"https:\/\/www.sciencefictionfestival.org\/archivio\/tsff-2015\/melies-dor-ceremony\/#primaryimage\"},\"image\":{\"@id\":\"https:\/\/www.sciencefictionfestival.org\/archivio\/tsff-2015\/melies-dor-ceremony\/#primaryimage\"},\"thumbnailUrl\":\"https:\/\/sfft.noiza-assets.eu\/sfft\/2021\/05\/Schermata-2015-09-15-alle-16.23.19-1024x6401-1.jpg\",\"datePublished\":\"2021-05-10T09:33:37+00:00\",\"breadcrumb\":{\"@id\":\"https:\/\/www.sciencefictionfestival.org\/archivio\/tsff-2015\/melies-dor-ceremony\/#breadcrumb\"},\"inLanguage\":\"en-US\",\"potentialAction\":[{\"@type\":\"ReadAction\",\"target\":[\"https:\/\/www.sciencefictionfestival.org\/archivio\/tsff-2015\/melies-dor-ceremony\/\"]}]},{\"@type\":\"ImageObject\",\"inLanguage\":\"en-US\",\"@id\":\"https:\/\/www.sciencefictionfestival.org\/archivio\/tsff-2015\/melies-dor-ceremony\/#primaryimage\",\"url\":\"https:\/\/sfft.noiza-assets.eu\/sfft\/2021\/05\/Schermata-2015-09-15-alle-16.23.19-1024x6401-1.jpg\",\"contentUrl\":\"https:\/\/sfft.noiza-assets.eu\/sfft\/2021\/05\/Schermata-2015-09-15-alle-16.23.19-1024x6401-1.jpg\",\"width\":1017,\"height\":574},{\"@type\":\"BreadcrumbList\",\"@id\":\"https:\/\/www.sciencefictionfestival.org\/archivio\/tsff-2015\/melies-dor-ceremony\/#breadcrumb\",\"itemListElement\":[{\"@type\":\"ListItem\",\"position\":1,\"name\":\"Home\",\"item\":\"https:\/\/www.sciencefictionfestival.org\/en\/\"},{\"@type\":\"ListItem\",\"position\":2,\"name\":\"Past Editions\",\"item\":\"https:\/\/www.sciencefictionfestival.org\/en\/past-editions\/\"},{\"@type\":\"ListItem\",\"position\":3,\"name\":\"2015 Trieste Science+Fiction\",\"item\":\"https:\/\/www.sciencefictionfestival.org\/archivio\/tsff-2015\/\"},{\"@type\":\"ListItem\",\"position\":4,\"name\":\"2015 M\u00e8li\u00e8s d\u2019or Ceremony\"}]},{\"@type\":\"WebSite\",\"@id\":\"https:\/\/www.sciencefictionfestival.org\/#website\",\"url\":\"https:\/\/www.sciencefictionfestival.org\/\",\"name\":\"Trieste Science+Fiction Festival\",\"description\":\"Festival della Fantascienza di Trieste\",\"potentialAction\":[{\"@type\":\"SearchAction\",\"target\":{\"@type\":\"EntryPoint\",\"urlTemplate\":\"https:\/\/www.sciencefictionfestival.org\/?s={search_term_string}\"},\"query-input\":{\"@type\":\"PropertyValueSpecification\",\"valueRequired\":true,\"valueName\":\"search_term_string\"}}],\"inLanguage\":\"en-US\"}]}<\/script>\n<!-- \/ Yoast SEO plugin. -->","yoast_head_json":{"title":"2015 M\u00e8li\u00e8s d\u2019or Ceremony - Trieste Science+Fiction Festival","robots":{"index":"index","follow":"follow","max-snippet":"max-snippet:-1","max-image-preview":"max-image-preview:large","max-video-preview":"max-video-preview:-1"},"canonical":"https:\/\/www.sciencefictionfestival.org\/archivio\/tsff-2015\/melies-dor-ceremony\/","og_locale":"en_US","og_type":"article","og_title":"2015 M\u00e8li\u00e8s d\u2019or Ceremony - Trieste Science+Fiction Festival","og_description":"Trieste Science+Fiction puts forth, in its 15th edition, national and international premi\u00e8res alongside the best horror, fantasy and science fiction cinema and also has the honour of hosting the 19th M\u00e9li\u00e8s d&#8217;Or ceremony, the Oscars for European fantastic cinema. This [&hellip;] More","og_url":"https:\/\/www.sciencefictionfestival.org\/archivio\/tsff-2015\/melies-dor-ceremony\/","og_site_name":"Trieste Science+Fiction Festival","og_image":[{"width":1017,"height":574,"url":"https:\/\/www.sciencefictionfestival.org\/wp-content\/uploads\/2021\/05\/Schermata-2015-09-15-alle-16.23.19-1024x6401-1.jpg","type":"image\/jpeg"}],"twitter_card":"summary_large_image","twitter_misc":{"Est. reading time":"1 minute"},"schema":{"@context":"https:\/\/schema.org","@graph":[{"@type":"WebPage","@id":"https:\/\/www.sciencefictionfestival.org\/archivio\/tsff-2015\/melies-dor-ceremony\/","url":"https:\/\/www.sciencefictionfestival.org\/archivio\/tsff-2015\/melies-dor-ceremony\/","name":"2015 M\u00e8li\u00e8s d\u2019or Ceremony - Trieste Science+Fiction Festival","isPartOf":{"@id":"https:\/\/www.sciencefictionfestival.org\/#website"},"primaryImageOfPage":{"@id":"https:\/\/www.sciencefictionfestival.org\/archivio\/tsff-2015\/melies-dor-ceremony\/#primaryimage"},"image":{"@id":"https:\/\/www.sciencefictionfestival.org\/archivio\/tsff-2015\/melies-dor-ceremony\/#primaryimage"},"thumbnailUrl":"https:\/\/sfft.noiza-assets.eu\/sfft\/2021\/05\/Schermata-2015-09-15-alle-16.23.19-1024x6401-1.jpg","datePublished":"2021-05-10T09:33:37+00:00","breadcrumb":{"@id":"https:\/\/www.sciencefictionfestival.org\/archivio\/tsff-2015\/melies-dor-ceremony\/#breadcrumb"},"inLanguage":"en-US","potentialAction":[{"@type":"ReadAction","target":["https:\/\/www.sciencefictionfestival.org\/archivio\/tsff-2015\/melies-dor-ceremony\/"]}]},{"@type":"ImageObject","inLanguage":"en-US","@id":"https:\/\/www.sciencefictionfestival.org\/archivio\/tsff-2015\/melies-dor-ceremony\/#primaryimage","url":"https:\/\/sfft.noiza-assets.eu\/sfft\/2021\/05\/Schermata-2015-09-15-alle-16.23.19-1024x6401-1.jpg","contentUrl":"https:\/\/sfft.noiza-assets.eu\/sfft\/2021\/05\/Schermata-2015-09-15-alle-16.23.19-1024x6401-1.jpg","width":1017,"height":574},{"@type":"BreadcrumbList","@id":"https:\/\/www.sciencefictionfestival.org\/archivio\/tsff-2015\/melies-dor-ceremony\/#breadcrumb","itemListElement":[{"@type":"ListItem","position":1,"name":"Home","item":"https:\/\/www.sciencefictionfestival.org\/en\/"},{"@type":"ListItem","position":2,"name":"Past Editions","item":"https:\/\/www.sciencefictionfestival.org\/en\/past-editions\/"},{"@type":"ListItem","position":3,"name":"2015 Trieste Science+Fiction","item":"https:\/\/www.sciencefictionfestival.org\/archivio\/tsff-2015\/"},{"@type":"ListItem","position":4,"name":"2015 M\u00e8li\u00e8s d\u2019or Ceremony"}]},{"@type":"WebSite","@id":"https:\/\/www.sciencefictionfestival.org\/#website","url":"https:\/\/www.sciencefictionfestival.org\/","name":"Trieste Science+Fiction Festival","description":"Festival della Fantascienza di Trieste","potentialAction":[{"@type":"SearchAction","target":{"@type":"EntryPoint","urlTemplate":"https:\/\/www.sciencefictionfestival.org\/?s={search_term_string}"},"query-input":{"@type":"PropertyValueSpecification","valueRequired":true,"valueName":"search_term_string"}}],"inLanguage":"en-US"}]}},"wps_subtitle":"","_links":{"self":[{"href":"https:\/\/www.sciencefictionfestival.org\/en\/wp-json\/wp\/v2\/pages\/26049","targetHints":{"allow":["GET"]}}],"collection":[{"href":"https:\/\/www.sciencefictionfestival.org\/en\/wp-json\/wp\/v2\/pages"}],"about":[{"href":"https:\/\/www.sciencefictionfestival.org\/en\/wp-json\/wp\/v2\/types\/page"}],"author":[{"embeddable":true,"href":"https:\/\/www.sciencefictionfestival.org\/en\/wp-json\/wp\/v2\/users\/1"}],"replies":[{"embeddable":true,"href":"https:\/\/www.sciencefictionfestival.org\/en\/wp-json\/wp\/v2\/comments?post=26049"}],"version-history":[{"count":0,"href":"https:\/\/www.sciencefictionfestival.org\/en\/wp-json\/wp\/v2\/pages\/26049\/revisions"}],"up":[{"embeddable":true,"href":"https:\/\/www.sciencefictionfestival.org\/en\/wp-json\/wp\/v2\/pages\/36001"}],"wp:featuredmedia":[{"embeddable":true,"href":"https:\/\/www.sciencefictionfestival.org\/en\/wp-json\/wp\/v2\/media\/26047"}],"wp:attachment":[{"href":"https:\/\/www.sciencefictionfestival.org\/en\/wp-json\/wp\/v2\/media?parent=26049"}],"wp:term":[{"taxonomy":"category","embeddable":true,"href":"https:\/\/www.sciencefictionfestival.org\/en\/wp-json\/wp\/v2\/categories?post=26049"},{"taxonomy":"post_tag","embeddable":true,"href":"https:\/\/www.sciencefictionfestival.org\/en\/wp-json\/wp\/v2\/tags?post=26049"}],"curies":[{"name":"wp","href":"https:\/\/api.w.org\/{rel}","templated":true}]}}