{"id":25973,"date":"2021-05-10T10:09:36","date_gmt":"2021-05-10T08:09:36","guid":{"rendered":"https:\/\/www.sciencefictionfestival.org\/2016-fantastic-film-forum\/"},"modified":"2021-05-10T10:09:36","modified_gmt":"2021-05-10T08:09:36","slug":"2016-fantastic-film-forum","status":"publish","type":"page","link":"https:\/\/www.sciencefictionfestival.org\/en\/past-editions\/tsff-2016\/2016-fantastic-film-forum\/","title":{"rendered":"2016 Fantastic Film Forum"},"content":{"rendered":"<p><strong>Fantastic Film Forum<\/strong><br \/>\nFriday, November 4th \u2013 Magazzino delle idee<\/p>\n<p class=\"western\" lang=\"zxx\"><span style=\"font-family: Arial,sans-serif;\"><strong>Trieste Science+Fiction Festival<\/strong> aims at playing a more and more active role not only in bringing genre cinema to the audiences, but also in promoting film production and distribution at a European level.<br \/>\nStarting from 2016, the festival programme will feature a new section, called <strong>Fantastic Film Forum<\/strong>. The Fantastic Film Forum is specifically addressed to film distributors, producers, filmmakers, screenwriters and emerging talents in fantastic and science-fiction cinema, who will <span lang=\"en-GB\">get together for a one-day long session of conferences and masterclasses with cinema experts. <\/span><span lang=\"en-GB\">The programme will also feature a<\/span><span lang=\"en-GB\"> networking lunch, aimed at <\/span><span lang=\"en-GB\">encouraging<\/span><span lang=\"en-GB\"> the exchange of experiences and contacts <\/span><span lang=\"it-IT\">and<\/span> fostering new cooperation and coproduction projects.<\/span><\/p>\n<p class=\"western\" lang=\"zxx\"><span style=\"font-family: Arial,sans-serif;\">The conferences will take place mainly in English<\/span><\/p>\n<p><span style=\"font-family: Arial,sans-serif;\">The event is open to Sci-Fi Pro, Guest and press onl<\/span><span style=\"font-family: Arial,sans-serif;\">y<br \/>\n<\/span>Please fill in the <a href=\"http:\/\/www.sciencefictionfestival.org\/fantastic-film-forum-accreditarsi\/\">form<\/a> to register and get your Sci-Fi Pro badge. A link to the payment procedure will follow.<\/p>\n<p>For further info: <a href=\"mailto:forum@scienceplusfiction.org\">forum@scienceplusfiction.org<\/a><\/p>\n<p>&nbsp;<\/p>\n<p><strong>Programme<\/strong>:<\/p>\n<p class=\"western\" lang=\"zxx\">10a<span style=\"font-family: Arial,sans-serif;\"><span lang=\"en-GB\">m<b><br \/>\n<strong>F<\/strong>riuli Venezia Giulia as a set for fantastic and science-fiction films<\/b><\/span><\/span><\/p>\n<p class=\"western\" lang=\"zxx\"><span style=\"font-family: Arial,sans-serif;\"><span lang=\"en-GB\">Friuli Venezia Giulia Region has become a most-cherished set for major international and national productions thanks to the quality of its facilities and locations. But does this also apply to fantastic and science-fiction productions? An overview on the logistic and financial services the Region provides, and some actual examples.<\/span><\/span><\/p>\n<p class=\"western\" lang=\"zxx\"><span style=\"font-family: Arial,sans-serif;\"><span lang=\"en-GB\">Speaking guests: <\/span><\/span><span style=\"font-family: Arial,sans-serif;\"><span lang=\"en-GB\"><b>Guido Cassano<\/b><\/span><\/span><span style=\"font-family: Arial,sans-serif;\"><span lang=\"en-GB\">, Friuli Venezia Giulia Film Commission, and <\/span><\/span><span style=\"font-family: Arial,sans-serif;\"><span lang=\"en-GB\"><b>Alessandro Gropplero<\/b><\/span><\/span><span style=\"font-family: Arial,sans-serif;\"><span lang=\"en-GB\">, Fondo per l&#8217;Audiovisivo del Friuli Venezia Giulia<\/span><\/span><\/p>\n<p>11am<br \/>\n<strong><em><span style=\"font-family: Arial,sans-serif;\"><span lang=\"en-GB\"><i><b>The Rift<\/b><\/i><\/span><\/span><\/em>: how to produce a sci-fi film in the Balkans (and find an international co-producer)<\/strong><\/p>\n<p><span style=\"font-family: Arial,sans-serif;\"><span lang=\"en-GB\">Starting from a case history on the sci-fi film <\/span><\/span><em><span style=\"font-family: Arial,sans-serif;\"><span lang=\"en-GB\">The Rift<\/span><\/span><\/em><span style=\"font-family: Arial,sans-serif;\"><span lang=\"en-GB\"> \u2013 in competition at the TS+FF \u2013 an overview on the genre film factory that is thriving in the former Yugoslavia area, mainly thanks to the works of Milan Todorovi\u0107 and Dejan Ze\u010devi\u0107. A prime example of the opportunities offered by an area which is only apparently peripheral, but which in fact is proving more and more attractive for international film producers, as proved by the South Korean co-production share in <\/span><\/span><em><span style=\"font-family: Arial,sans-serif;\"><span lang=\"en-GB\">The Rift<\/span><\/span><\/em><span style=\"font-family: Arial,sans-serif;\"><span lang=\"en-GB\">.<\/span><\/span><\/p>\n<p><span style=\"font-family: Arial,sans-serif;\"><span lang=\"en-GB\">Speaking guests<\/span><\/span>:<strong> Dejan Ze\u010devi\u0107<\/strong>, director, and <strong>Milan Todorovi\u0107<\/strong>, producer<\/p>\n<p class=\"western\" lang=\"zxx\">12pm<span style=\"font-family: Arial,sans-serif;\"><span lang=\"en-GB\"><i><b><br \/>\nEmbers<\/b><\/i><\/span><\/span><span style=\"font-family: Arial,sans-serif;\"><span lang=\"en-GB\"><b>: how to produce an indie film the US<\/b><\/span><\/span><\/p>\n<p class=\"western\" lang=\"zxx\"><span style=\"font-family: Arial,sans-serif;\"><span lang=\"en-GB\">In the US, indie films are a kind of standardized genre, with its own distribution and festival networks. But how do you produce an independent film in the US? Are procedures and opportunities the same as in Europe? And what kind of partnership may a project circulating outside the studios\u2019 production system offer? <\/span><\/span><\/p>\n<p class=\"western\" lang=\"zxx\"><span style=\"font-family: Arial,sans-serif;\"><span lang=\"en-GB\">Speaking guests: <\/span><\/span><span style=\"font-family: Arial,sans-serif;\"><span lang=\"en-GB\"><b>Claire Carr\u00e9, <\/b><\/span><\/span><span style=\"font-family: Arial,sans-serif;\"><span lang=\"en-GB\">director, and <\/span><\/span><span style=\"font-family: Arial,sans-serif;\"><span lang=\"en-GB\"><b>Charles Spano, <\/b><\/span><\/span><span style=\"font-family: Arial,sans-serif;\"><span lang=\"en-GB\">producer<\/span><\/span><\/p>\n<p>1pm<br \/>\n<strong>Networking lunch<\/strong><br \/>\n<em>Sci-fi pro passes only<\/em><\/p>\n<p class=\"western\" lang=\"zxx\">2.30pm<br \/>\n<strong>T<\/strong><span style=\"font-family: Arial,sans-serif;\"><b>he new Italian way to international sci-fi<\/b><\/span><\/p>\n<p class=\"western\" lang=\"zxx\"><em><span style=\"font-family: Arial,sans-serif;\">Monolith<\/span><\/em><span style=\"font-family: Arial,sans-serif;\"> is a peculiar example of film production: it is an integrated project between cinema and comics (one of the producers is Sergio Bonelli publishing house), it has been entirely shot in the US with an all-American cast, but its production and creative core is solely Italian. Is <\/span><em><span style=\"font-family: Arial,sans-serif;\">Monolith<\/span><\/em><span style=\"font-family: Arial,sans-serif;\"> a unique case of its kind? Or is it rather the beginning of a new internationally oriented renaissance of Italian fantastic and genre cinema? <\/span><\/p>\n<p class=\"western\" lang=\"zxx\"><span style=\"font-family: Arial,sans-serif;\">Speaking guests: <\/span><span style=\"font-family: Arial,sans-serif;\"><b>Ivan Silvestrini, <\/b><\/span><span style=\"font-family: Arial,sans-serif;\">director<\/span><span style=\"font-family: Arial,sans-serif;\">, <\/span><span style=\"font-family: Arial,sans-serif;\"><b>Davide Luchetti, <\/b><\/span><span style=\"font-family: Arial,sans-serif;\">producer<\/span><span style=\"font-family: Arial,sans-serif;\">, and <\/span><span style=\"font-family: Arial,sans-serif;\"><b>Lorenzo Ceccotti<\/b><\/span><span style=\"font-family: Arial,sans-serif;\">, production designer<\/span><\/p>\n<p class=\"western\" lang=\"zxx\">3.30pm<br \/>\n<strong>S<\/strong><span style=\"font-family: Arial,sans-serif;\"><b>hut up and take my money! Crowdfunding as a financing and promotional tool for audiovisual projects<\/b><\/span><\/p>\n<p class=\"western\" lang=\"zxx\"><span style=\"font-family: Arial,sans-serif;\">Despite being regarded as the ultimate innovative financing tool, crowdfunding is still rather little known. Planning, fine-tuning and properly launching a crowdfunding campaign may bring about extra gains in terms of financing as well as marketing and visibility, but it may also end up in absolutely nothing. A talk with Daniele Ferrari \u2013 who has been among the first to apply crowdfunding to audiovisual production in Italy \u2013 in order to learn what crowdfunding is and how to do it. <\/span><\/p>\n<p class=\"western\" lang=\"zxx\"><span style=\"font-family: Arial,sans-serif;\"><i>The conference will take place in Italian only<\/i><\/span><\/p>\n<p class=\"western\" lang=\"zxx\"><span style=\"font-family: Arial,sans-serif;\">Speaking guests: <\/span><span style=\"font-family: Arial,sans-serif;\"><b>Daniele Ferrari<\/b><\/span><span style=\"font-family: Arial,sans-serif;\">, Digital Strategist &amp; Crowdfunding Consultant<\/span><\/p>\n<p>4.30pm<br \/>\n<strong>Coffee break<\/strong><\/p>\n<p class=\"western\" lang=\"zxx\">4.45pm<br \/>\n<strong>H<\/strong><span style=\"font-family: Arial,sans-serif;\"><b>ow genre film industry has changed over the last decades<br \/>\nA talk with Ruggero Deodato<\/b><\/span><\/p>\n<p class=\"western\" lang=\"zxx\"><span style=\"font-family: Arial,sans-serif;\">Ruggero Deodato has been given different names: Rossellini\u2019s pupil, straightforward film craftsman, plain representative of the Italian trash cinema, bloodthirsty torturer of both human beings and animals, and finally reassessed as master of extreme cinema\u2026 However you may judge him, Deodato undoubtedly has been, and still is, a first-rate film professional, who experienced all genres and all media in an over 50 year-long career. A unique occasion to reflect on how genre (and not only) film industry has changed over the last decades.<\/span><\/p>\n","protected":false},"excerpt":{"rendered":"<p>Fantastic Film Forum Friday, November 4th \u2013 Magazzino delle idee Trieste Science+Fiction Festival aims at playing a more and more active role not only in bringing genre cinema to the audiences, but also in promoting film production and distribution at [&hellip;] <a class=\"g1-link g1-link-more\" href=\"https:\/\/www.sciencefictionfestival.org\/en\/past-editions\/tsff-2016\/2016-fantastic-film-forum\/\">More<\/a><\/p>\n","protected":false},"author":1,"featured_media":0,"parent":36005,"menu_order":0,"comment_status":"closed","ping_status":"closed","template":"","meta":{"cybocfi_hide_featured_image":"","footnotes":""},"categories":[],"tags":[],"class_list":["post-25973","page","type-page","status-publish"],"yoast_head":"<!-- This site is optimized with the Yoast SEO plugin v27.1.1 - https:\/\/yoast.com\/product\/yoast-seo-wordpress\/ -->\n<title>Fantastic Film Forum Trieste<\/title>\n<meta name=\"description\" content=\"Fantastic Film Forum Trieste \u2013 dedicata a distributori, produttori, registi, sceneggiatori e talenti emergenti nell&#039;ambito del cinema fantastico.\" \/>\n<meta name=\"robots\" content=\"index, follow, max-snippet:-1, max-image-preview:large, max-video-preview:-1\" \/>\n<link rel=\"canonical\" href=\"https:\/\/www.sciencefictionfestival.org\/archivio\/tsff-2016\/fantastic-film-forum-2016\/\" \/>\n<meta property=\"og:locale\" content=\"en_US\" \/>\n<meta property=\"og:type\" content=\"article\" \/>\n<meta property=\"og:title\" content=\"Fantastic Film Forum Trieste\" \/>\n<meta property=\"og:description\" content=\"Fantastic Film Forum Trieste \u2013 dedicata a distributori, produttori, registi, sceneggiatori e talenti emergenti nell&#039;ambito del cinema fantastico.\" \/>\n<meta property=\"og:url\" content=\"https:\/\/www.sciencefictionfestival.org\/archivio\/tsff-2016\/fantastic-film-forum-2016\/\" \/>\n<meta property=\"og:site_name\" content=\"Trieste Science+Fiction Festival\" \/>\n<meta name=\"twitter:card\" content=\"summary_large_image\" \/>\n<meta name=\"twitter:label1\" content=\"Est. reading time\" \/>\n\t<meta name=\"twitter:data1\" content=\"4 minutes\" \/>\n<script type=\"application\/ld+json\" class=\"yoast-schema-graph\">{\"@context\":\"https:\/\/schema.org\",\"@graph\":[{\"@type\":\"WebPage\",\"@id\":\"https:\/\/www.sciencefictionfestival.org\/archivio\/tsff-2016\/fantastic-film-forum-2016\/\",\"url\":\"https:\/\/www.sciencefictionfestival.org\/archivio\/tsff-2016\/fantastic-film-forum-2016\/\",\"name\":\"Fantastic Film Forum Trieste\",\"isPartOf\":{\"@id\":\"https:\/\/www.sciencefictionfestival.org\/#website\"},\"datePublished\":\"2021-05-10T08:09:36+00:00\",\"description\":\"Fantastic Film Forum Trieste \u2013 dedicata a distributori, produttori, registi, sceneggiatori e talenti emergenti nell'ambito del cinema fantastico.\",\"breadcrumb\":{\"@id\":\"https:\/\/www.sciencefictionfestival.org\/archivio\/tsff-2016\/fantastic-film-forum-2016\/#breadcrumb\"},\"inLanguage\":\"en-US\",\"potentialAction\":[{\"@type\":\"ReadAction\",\"target\":[\"https:\/\/www.sciencefictionfestival.org\/archivio\/tsff-2016\/fantastic-film-forum-2016\/\"]}]},{\"@type\":\"BreadcrumbList\",\"@id\":\"https:\/\/www.sciencefictionfestival.org\/archivio\/tsff-2016\/fantastic-film-forum-2016\/#breadcrumb\",\"itemListElement\":[{\"@type\":\"ListItem\",\"position\":1,\"name\":\"Home\",\"item\":\"https:\/\/www.sciencefictionfestival.org\/en\/\"},{\"@type\":\"ListItem\",\"position\":2,\"name\":\"Past Editions\",\"item\":\"https:\/\/www.sciencefictionfestival.org\/en\/past-editions\/\"},{\"@type\":\"ListItem\",\"position\":3,\"name\":\"2016 Trieste Science+Fiction Festival\",\"item\":\"https:\/\/www.sciencefictionfestival.org\/archivio\/tsff-2016\/\"},{\"@type\":\"ListItem\",\"position\":4,\"name\":\"2016 Fantastic Film Forum\"}]},{\"@type\":\"WebSite\",\"@id\":\"https:\/\/www.sciencefictionfestival.org\/#website\",\"url\":\"https:\/\/www.sciencefictionfestival.org\/\",\"name\":\"Trieste Science+Fiction Festival\",\"description\":\"Festival della Fantascienza di Trieste\",\"potentialAction\":[{\"@type\":\"SearchAction\",\"target\":{\"@type\":\"EntryPoint\",\"urlTemplate\":\"https:\/\/www.sciencefictionfestival.org\/?s={search_term_string}\"},\"query-input\":{\"@type\":\"PropertyValueSpecification\",\"valueRequired\":true,\"valueName\":\"search_term_string\"}}],\"inLanguage\":\"en-US\"}]}<\/script>\n<!-- \/ Yoast SEO plugin. -->","yoast_head_json":{"title":"Fantastic Film Forum Trieste","description":"Fantastic Film Forum Trieste \u2013 dedicata a distributori, produttori, registi, sceneggiatori e talenti emergenti nell'ambito del cinema fantastico.","robots":{"index":"index","follow":"follow","max-snippet":"max-snippet:-1","max-image-preview":"max-image-preview:large","max-video-preview":"max-video-preview:-1"},"canonical":"https:\/\/www.sciencefictionfestival.org\/archivio\/tsff-2016\/fantastic-film-forum-2016\/","og_locale":"en_US","og_type":"article","og_title":"Fantastic Film Forum Trieste","og_description":"Fantastic Film Forum Trieste \u2013 dedicata a distributori, produttori, registi, sceneggiatori e talenti emergenti nell'ambito del cinema fantastico.","og_url":"https:\/\/www.sciencefictionfestival.org\/archivio\/tsff-2016\/fantastic-film-forum-2016\/","og_site_name":"Trieste Science+Fiction Festival","twitter_card":"summary_large_image","twitter_misc":{"Est. reading time":"4 minutes"},"schema":{"@context":"https:\/\/schema.org","@graph":[{"@type":"WebPage","@id":"https:\/\/www.sciencefictionfestival.org\/archivio\/tsff-2016\/fantastic-film-forum-2016\/","url":"https:\/\/www.sciencefictionfestival.org\/archivio\/tsff-2016\/fantastic-film-forum-2016\/","name":"Fantastic Film Forum Trieste","isPartOf":{"@id":"https:\/\/www.sciencefictionfestival.org\/#website"},"datePublished":"2021-05-10T08:09:36+00:00","description":"Fantastic Film Forum Trieste \u2013 dedicata a distributori, produttori, registi, sceneggiatori e talenti emergenti nell'ambito del cinema fantastico.","breadcrumb":{"@id":"https:\/\/www.sciencefictionfestival.org\/archivio\/tsff-2016\/fantastic-film-forum-2016\/#breadcrumb"},"inLanguage":"en-US","potentialAction":[{"@type":"ReadAction","target":["https:\/\/www.sciencefictionfestival.org\/archivio\/tsff-2016\/fantastic-film-forum-2016\/"]}]},{"@type":"BreadcrumbList","@id":"https:\/\/www.sciencefictionfestival.org\/archivio\/tsff-2016\/fantastic-film-forum-2016\/#breadcrumb","itemListElement":[{"@type":"ListItem","position":1,"name":"Home","item":"https:\/\/www.sciencefictionfestival.org\/en\/"},{"@type":"ListItem","position":2,"name":"Past Editions","item":"https:\/\/www.sciencefictionfestival.org\/en\/past-editions\/"},{"@type":"ListItem","position":3,"name":"2016 Trieste Science+Fiction Festival","item":"https:\/\/www.sciencefictionfestival.org\/archivio\/tsff-2016\/"},{"@type":"ListItem","position":4,"name":"2016 Fantastic Film Forum"}]},{"@type":"WebSite","@id":"https:\/\/www.sciencefictionfestival.org\/#website","url":"https:\/\/www.sciencefictionfestival.org\/","name":"Trieste Science+Fiction Festival","description":"Festival della Fantascienza di Trieste","potentialAction":[{"@type":"SearchAction","target":{"@type":"EntryPoint","urlTemplate":"https:\/\/www.sciencefictionfestival.org\/?s={search_term_string}"},"query-input":{"@type":"PropertyValueSpecification","valueRequired":true,"valueName":"search_term_string"}}],"inLanguage":"en-US"}]}},"wps_subtitle":"","_links":{"self":[{"href":"https:\/\/www.sciencefictionfestival.org\/en\/wp-json\/wp\/v2\/pages\/25973","targetHints":{"allow":["GET"]}}],"collection":[{"href":"https:\/\/www.sciencefictionfestival.org\/en\/wp-json\/wp\/v2\/pages"}],"about":[{"href":"https:\/\/www.sciencefictionfestival.org\/en\/wp-json\/wp\/v2\/types\/page"}],"author":[{"embeddable":true,"href":"https:\/\/www.sciencefictionfestival.org\/en\/wp-json\/wp\/v2\/users\/1"}],"replies":[{"embeddable":true,"href":"https:\/\/www.sciencefictionfestival.org\/en\/wp-json\/wp\/v2\/comments?post=25973"}],"version-history":[{"count":0,"href":"https:\/\/www.sciencefictionfestival.org\/en\/wp-json\/wp\/v2\/pages\/25973\/revisions"}],"up":[{"embeddable":true,"href":"https:\/\/www.sciencefictionfestival.org\/en\/wp-json\/wp\/v2\/pages\/36005"}],"wp:attachment":[{"href":"https:\/\/www.sciencefictionfestival.org\/en\/wp-json\/wp\/v2\/media?parent=25973"}],"wp:term":[{"taxonomy":"category","embeddable":true,"href":"https:\/\/www.sciencefictionfestival.org\/en\/wp-json\/wp\/v2\/categories?post=25973"},{"taxonomy":"post_tag","embeddable":true,"href":"https:\/\/www.sciencefictionfestival.org\/en\/wp-json\/wp\/v2\/tags?post=25973"}],"curies":[{"name":"wp","href":"https:\/\/api.w.org\/{rel}","templated":true}]}}